{"id":7625,"date":"2020-12-13T15:04:03","date_gmt":"2020-12-13T14:04:03","guid":{"rendered":"http:\/\/vzdelavanie.digital\/?post_type=product&#038;p=7625"},"modified":"2022-10-24T10:31:29","modified_gmt":"2022-10-24T08:31:29","slug":"zaklady-zdraveho-lifestylu-fotbalisty","status":"publish","type":"product","link":"https:\/\/soccercoacheshub.com\/product\/zaklady-zdraveho-lifestylu-fotbalisty\/","title":{"rendered":"CZE | Z\u00e1klady zdrav\u00e9ho lifestylu fotbalisty"},"content":{"rendered":"","protected":false},"excerpt":{"rendered":"<p>Podrobnosti o kurze n\u00e1jdete tu: <a href=\"\/courses\/vplyv-trenera-na-rozvoj-mladeho-hraca-vo-futbale\/\">Vplyv tr\u00e9nera na rozvoj mlad\u00e9ho hr\u00e1\u010da vo futbale<\/a>.<\/p>\n","protected":false},"featured_media":17819,"template":"","meta":{"_acf_changed":false,"_editorskit_title_hidden":false,"_editorskit_reading_time":0,"_editorskit_is_block_options_detached":false,"_editorskit_block_options_position":"{}","_monsterinsights_skip_tracking":false,"_monsterinsights_sitenote_active":false,"_monsterinsights_sitenote_note":"","_monsterinsights_sitenote_category":0},"product_brand":[],"product_cat":[170],"product_tag":[],"class_list":{"0":"post-7625","1":"product","2":"type-product","3":"status-publish","4":"has-post-thumbnail","6":"product_cat-slovak-czech-language","8":"first","9":"instock","10":"virtual","11":"sold-individually","12":"purchasable","13":"product-type-course"},"acf":[],"yoast_head":"<!-- This site is optimized with the Yoast SEO plugin v27.3 - https:\/\/yoast.com\/product\/yoast-seo-wordpress\/ -->\n<title>Soccer Coaches Hub<\/title>\n<meta name=\"robots\" content=\"index, follow, max-snippet:-1, max-image-preview:large, max-video-preview:-1\" \/>\n<link rel=\"canonical\" href=\"https:\/\/soccercoacheshub.com\/product\/zaklady-zdraveho-lifestylu-fotbalisty\/\" \/>\n<meta property=\"og:locale\" content=\"en_US\" \/>\n<meta property=\"og:type\" content=\"article\" \/>\n<meta property=\"og:title\" content=\"CZE | Z\u00e1klady zdrav\u00e9ho lifestylu fotbalisty - Soccer Coaches Hub\" \/>\n<meta property=\"og:description\" content=\"Podrobnosti o kurze n\u00e1jdete tu: Vplyv tr\u00e9nera na rozvoj mlad\u00e9ho hr\u00e1\u010da vo futbale.\" \/>\n<meta property=\"og:url\" content=\"https:\/\/soccercoacheshub.com\/product\/zaklady-zdraveho-lifestylu-fotbalisty\/\" \/>\n<meta property=\"og:site_name\" content=\"Soccer Coaches Hub\" \/>\n<meta property=\"article:modified_time\" content=\"2022-10-24T08:31:29+00:00\" \/>\n<meta property=\"og:image\" content=\"https:\/\/soccercoacheshub.s3.eu-central-1.amazonaws.com\/sch-content\/uploads\/2022\/07\/09142749\/Snimka-obrazovky-2022-07-07-o-17.44.49.png\" \/>\n\t<meta property=\"og:image:width\" content=\"2560\" \/>\n\t<meta property=\"og:image:height\" content=\"1438\" \/>\n\t<meta property=\"og:image:type\" content=\"image\/png\" \/>\n<meta name=\"twitter:card\" content=\"summary_large_image\" \/>\n<script type=\"application\/ld+json\" class=\"yoast-schema-graph\">{\"@context\":\"https:\\\/\\\/schema.org\",\"@graph\":[{\"@type\":\"WebPage\",\"@id\":\"https:\\\/\\\/soccercoacheshub.com\\\/product\\\/zaklady-zdraveho-lifestylu-fotbalisty\\\/\",\"url\":\"https:\\\/\\\/soccercoacheshub.com\\\/product\\\/zaklady-zdraveho-lifestylu-fotbalisty\\\/\",\"name\":\"CZE | Z\u00e1klady zdrav\u00e9ho lifestylu fotbalisty - Soccer Coaches Hub\",\"isPartOf\":{\"@id\":\"https:\\\/\\\/soccercoacheshub.com\\\/#website\"},\"primaryImageOfPage\":{\"@id\":\"https:\\\/\\\/soccercoacheshub.com\\\/product\\\/zaklady-zdraveho-lifestylu-fotbalisty\\\/#primaryimage\"},\"image\":{\"@id\":\"https:\\\/\\\/soccercoacheshub.com\\\/product\\\/zaklady-zdraveho-lifestylu-fotbalisty\\\/#primaryimage\"},\"thumbnailUrl\":\"https:\\\/\\\/soccercoacheshub.s3.eu-central-1.amazonaws.com\\\/sch-content\\\/uploads\\\/2022\\\/07\\\/09142749\\\/Snimka-obrazovky-2022-07-07-o-17.44.49.png\",\"datePublished\":\"2020-12-13T14:04:03+00:00\",\"dateModified\":\"2022-10-24T08:31:29+00:00\",\"breadcrumb\":{\"@id\":\"https:\\\/\\\/soccercoacheshub.com\\\/product\\\/zaklady-zdraveho-lifestylu-fotbalisty\\\/#breadcrumb\"},\"inLanguage\":\"en-US\",\"potentialAction\":[{\"@type\":\"ReadAction\",\"target\":[\"https:\\\/\\\/soccercoacheshub.com\\\/product\\\/zaklady-zdraveho-lifestylu-fotbalisty\\\/\"]}]},{\"@type\":\"ImageObject\",\"inLanguage\":\"en-US\",\"@id\":\"https:\\\/\\\/soccercoacheshub.com\\\/product\\\/zaklady-zdraveho-lifestylu-fotbalisty\\\/#primaryimage\",\"url\":\"https:\\\/\\\/soccercoacheshub.s3.eu-central-1.amazonaws.com\\\/sch-content\\\/uploads\\\/2022\\\/07\\\/09142749\\\/Snimka-obrazovky-2022-07-07-o-17.44.49.png\",\"contentUrl\":\"https:\\\/\\\/soccercoacheshub.s3.eu-central-1.amazonaws.com\\\/sch-content\\\/uploads\\\/2022\\\/07\\\/09142749\\\/Snimka-obrazovky-2022-07-07-o-17.44.49.png\",\"width\":2560,\"height\":1438,\"caption\":\"Z\u00e1klady zdrav\u00e9ho lifestylu fotbalisty\"},{\"@type\":\"BreadcrumbList\",\"@id\":\"https:\\\/\\\/soccercoacheshub.com\\\/product\\\/zaklady-zdraveho-lifestylu-fotbalisty\\\/#breadcrumb\",\"itemListElement\":[{\"@type\":\"ListItem\",\"position\":1,\"name\":\"Home\",\"item\":\"https:\\\/\\\/soccercoacheshub.com\\\/\"},{\"@type\":\"ListItem\",\"position\":2,\"name\":\"Shop\",\"item\":\"https:\\\/\\\/soccercoacheshub.com\\\/shop\\\/\"},{\"@type\":\"ListItem\",\"position\":3,\"name\":\"CZE | Z\u00e1klady zdrav\u00e9ho lifestylu fotbalisty\"}]},{\"@type\":\"WebSite\",\"@id\":\"https:\\\/\\\/soccercoacheshub.com\\\/#website\",\"url\":\"https:\\\/\\\/soccercoacheshub.com\\\/\",\"name\":\"Soccer Coaches Hub\",\"description\":\"Soccer Coaches Hub\",\"potentialAction\":[{\"@type\":\"SearchAction\",\"target\":{\"@type\":\"EntryPoint\",\"urlTemplate\":\"https:\\\/\\\/soccercoacheshub.com\\\/?s={search_term_string}\"},\"query-input\":{\"@type\":\"PropertyValueSpecification\",\"valueRequired\":true,\"valueName\":\"search_term_string\"}}],\"inLanguage\":\"en-US\"}]}<\/script>\n<!-- \/ Yoast SEO plugin. -->","yoast_head_json":{"title":"Soccer Coaches Hub","robots":{"index":"index","follow":"follow","max-snippet":"max-snippet:-1","max-image-preview":"max-image-preview:large","max-video-preview":"max-video-preview:-1"},"canonical":"https:\/\/soccercoacheshub.com\/product\/zaklady-zdraveho-lifestylu-fotbalisty\/","og_locale":"en_US","og_type":"article","og_title":"CZE | Z\u00e1klady zdrav\u00e9ho lifestylu fotbalisty - Soccer Coaches Hub","og_description":"Podrobnosti o kurze n\u00e1jdete tu: Vplyv tr\u00e9nera na rozvoj mlad\u00e9ho hr\u00e1\u010da vo futbale.","og_url":"https:\/\/soccercoacheshub.com\/product\/zaklady-zdraveho-lifestylu-fotbalisty\/","og_site_name":"Soccer Coaches Hub","article_modified_time":"2022-10-24T08:31:29+00:00","og_image":[{"width":2560,"height":1438,"url":"https:\/\/soccercoacheshub.s3.eu-central-1.amazonaws.com\/sch-content\/uploads\/2022\/07\/09142749\/Snimka-obrazovky-2022-07-07-o-17.44.49.png","type":"image\/png"}],"twitter_card":"summary_large_image","schema":{"@context":"https:\/\/schema.org","@graph":[{"@type":"WebPage","@id":"https:\/\/soccercoacheshub.com\/product\/zaklady-zdraveho-lifestylu-fotbalisty\/","url":"https:\/\/soccercoacheshub.com\/product\/zaklady-zdraveho-lifestylu-fotbalisty\/","name":"CZE | Z\u00e1klady zdrav\u00e9ho lifestylu fotbalisty - Soccer Coaches Hub","isPartOf":{"@id":"https:\/\/soccercoacheshub.com\/#website"},"primaryImageOfPage":{"@id":"https:\/\/soccercoacheshub.com\/product\/zaklady-zdraveho-lifestylu-fotbalisty\/#primaryimage"},"image":{"@id":"https:\/\/soccercoacheshub.com\/product\/zaklady-zdraveho-lifestylu-fotbalisty\/#primaryimage"},"thumbnailUrl":"https:\/\/soccercoacheshub.s3.eu-central-1.amazonaws.com\/sch-content\/uploads\/2022\/07\/09142749\/Snimka-obrazovky-2022-07-07-o-17.44.49.png","datePublished":"2020-12-13T14:04:03+00:00","dateModified":"2022-10-24T08:31:29+00:00","breadcrumb":{"@id":"https:\/\/soccercoacheshub.com\/product\/zaklady-zdraveho-lifestylu-fotbalisty\/#breadcrumb"},"inLanguage":"en-US","potentialAction":[{"@type":"ReadAction","target":["https:\/\/soccercoacheshub.com\/product\/zaklady-zdraveho-lifestylu-fotbalisty\/"]}]},{"@type":"ImageObject","inLanguage":"en-US","@id":"https:\/\/soccercoacheshub.com\/product\/zaklady-zdraveho-lifestylu-fotbalisty\/#primaryimage","url":"https:\/\/soccercoacheshub.s3.eu-central-1.amazonaws.com\/sch-content\/uploads\/2022\/07\/09142749\/Snimka-obrazovky-2022-07-07-o-17.44.49.png","contentUrl":"https:\/\/soccercoacheshub.s3.eu-central-1.amazonaws.com\/sch-content\/uploads\/2022\/07\/09142749\/Snimka-obrazovky-2022-07-07-o-17.44.49.png","width":2560,"height":1438,"caption":"Z\u00e1klady zdrav\u00e9ho lifestylu fotbalisty"},{"@type":"BreadcrumbList","@id":"https:\/\/soccercoacheshub.com\/product\/zaklady-zdraveho-lifestylu-fotbalisty\/#breadcrumb","itemListElement":[{"@type":"ListItem","position":1,"name":"Home","item":"https:\/\/soccercoacheshub.com\/"},{"@type":"ListItem","position":2,"name":"Shop","item":"https:\/\/soccercoacheshub.com\/shop\/"},{"@type":"ListItem","position":3,"name":"CZE | Z\u00e1klady zdrav\u00e9ho lifestylu fotbalisty"}]},{"@type":"WebSite","@id":"https:\/\/soccercoacheshub.com\/#website","url":"https:\/\/soccercoacheshub.com\/","name":"Soccer Coaches Hub","description":"Soccer Coaches Hub","potentialAction":[{"@type":"SearchAction","target":{"@type":"EntryPoint","urlTemplate":"https:\/\/soccercoacheshub.com\/?s={search_term_string}"},"query-input":{"@type":"PropertyValueSpecification","valueRequired":true,"valueName":"search_term_string"}}],"inLanguage":"en-US"}]}},"wpml_current_locale":"en_US","wpml_translations":[],"language":{"code":"en","locale":"","name":"","is_rtl":false},"_links":{"self":[{"href":"https:\/\/soccercoacheshub.com\/wp-json\/wp\/v2\/product\/7625","targetHints":{"allow":["GET"]}}],"collection":[{"href":"https:\/\/soccercoacheshub.com\/wp-json\/wp\/v2\/product"}],"about":[{"href":"https:\/\/soccercoacheshub.com\/wp-json\/wp\/v2\/types\/product"}],"version-history":[{"count":2,"href":"https:\/\/soccercoacheshub.com\/wp-json\/wp\/v2\/product\/7625\/revisions"}],"predecessor-version":[{"id":21047,"href":"https:\/\/soccercoacheshub.com\/wp-json\/wp\/v2\/product\/7625\/revisions\/21047"}],"wp:featuredmedia":[{"embeddable":true,"href":"https:\/\/soccercoacheshub.com\/wp-json\/wp\/v2\/media\/17819"}],"wp:attachment":[{"href":"https:\/\/soccercoacheshub.com\/wp-json\/wp\/v2\/media?parent=7625"}],"wp:term":[{"taxonomy":"product_brand","embeddable":true,"href":"https:\/\/soccercoacheshub.com\/wp-json\/wp\/v2\/product_brand?post=7625"},{"taxonomy":"product_cat","embeddable":true,"href":"https:\/\/soccercoacheshub.com\/wp-json\/wp\/v2\/product_cat?post=7625"},{"taxonomy":"product_tag","embeddable":true,"href":"https:\/\/soccercoacheshub.com\/wp-json\/wp\/v2\/product_tag?post=7625"}],"curies":[{"name":"wp","href":"https:\/\/api.w.org\/{rel}","templated":true}]}}