{"id":6831,"date":"2020-12-09T11:44:16","date_gmt":"2020-12-09T10:44:16","guid":{"rendered":"http:\/\/vzdelavanie.digital\/?post_type=product&#038;p=6831"},"modified":"2022-10-24T10:32:13","modified_gmt":"2022-10-24T08:32:13","slug":"vplyv-trenera-na-rozvoj-mladeho-hraca-vo-futbale","status":"publish","type":"product","link":"https:\/\/soccercoacheshub.com\/product\/vplyv-trenera-na-rozvoj-mladeho-hraca-vo-futbale\/","title":{"rendered":"SVK | Vplyv tr\u00e9nera na rozvoj mlad\u00e9ho hr\u00e1\u010da vo futbale"},"content":{"rendered":"","protected":false},"excerpt":{"rendered":"<p>Podrobnosti o kurze n\u00e1jdete tu: <a href=\"\/courses\/vplyv-trenera-na-rozvoj-mladeho-hraca-vo-futbale\/\">Vplyv tr\u00e9nera na rozvoj mlad\u00e9ho hr\u00e1\u010da vo futbale<\/a>.<\/p>\n","protected":false},"featured_media":17902,"template":"","meta":{"_acf_changed":false,"_editorskit_title_hidden":false,"_editorskit_reading_time":0,"_editorskit_is_block_options_detached":false,"_editorskit_block_options_position":"{}","_monsterinsights_skip_tracking":false,"_monsterinsights_sitenote_active":false,"_monsterinsights_sitenote_note":"","_monsterinsights_sitenote_category":0},"product_brand":[],"product_cat":[170],"product_tag":[],"class_list":{"0":"post-6831","1":"product","2":"type-product","3":"status-publish","4":"has-post-thumbnail","6":"product_cat-slovak-czech-language","8":"first","9":"instock","10":"virtual","11":"sold-individually","12":"purchasable","13":"product-type-course"},"acf":[],"yoast_head":"<!-- This site is optimized with the Yoast SEO plugin v27.3 - https:\/\/yoast.com\/product\/yoast-seo-wordpress\/ -->\n<title>Soccer Coaches Hub<\/title>\n<meta name=\"robots\" content=\"index, follow, max-snippet:-1, max-image-preview:large, max-video-preview:-1\" \/>\n<link rel=\"canonical\" href=\"https:\/\/soccercoacheshub.com\/product\/vplyv-trenera-na-rozvoj-mladeho-hraca-vo-futbale\/\" \/>\n<meta property=\"og:locale\" content=\"en_US\" \/>\n<meta property=\"og:type\" content=\"article\" \/>\n<meta property=\"og:title\" content=\"SVK | Vplyv tr\u00e9nera na rozvoj mlad\u00e9ho hr\u00e1\u010da vo futbale - Soccer Coaches Hub\" \/>\n<meta property=\"og:description\" content=\"Podrobnosti o kurze n\u00e1jdete tu: Vplyv tr\u00e9nera na rozvoj mlad\u00e9ho hr\u00e1\u010da vo futbale.\" \/>\n<meta property=\"og:url\" content=\"https:\/\/soccercoacheshub.com\/product\/vplyv-trenera-na-rozvoj-mladeho-hraca-vo-futbale\/\" \/>\n<meta property=\"og:site_name\" content=\"Soccer Coaches Hub\" \/>\n<meta property=\"article:modified_time\" content=\"2022-10-24T08:32:13+00:00\" \/>\n<meta property=\"og:image\" content=\"https:\/\/soccercoacheshub.s3.eu-central-1.amazonaws.com\/sch-content\/uploads\/2022\/07\/09142747\/Stefanakml-obrazok-slideov.png\" \/>\n\t<meta property=\"og:image:width\" content=\"1766\" \/>\n\t<meta property=\"og:image:height\" content=\"994\" \/>\n\t<meta property=\"og:image:type\" content=\"image\/png\" \/>\n<meta name=\"twitter:card\" content=\"summary_large_image\" \/>\n<script type=\"application\/ld+json\" class=\"yoast-schema-graph\">{\"@context\":\"https:\\\/\\\/schema.org\",\"@graph\":[{\"@type\":\"WebPage\",\"@id\":\"https:\\\/\\\/soccercoacheshub.com\\\/product\\\/vplyv-trenera-na-rozvoj-mladeho-hraca-vo-futbale\\\/\",\"url\":\"https:\\\/\\\/soccercoacheshub.com\\\/product\\\/vplyv-trenera-na-rozvoj-mladeho-hraca-vo-futbale\\\/\",\"name\":\"SVK | Vplyv tr\u00e9nera na rozvoj mlad\u00e9ho hr\u00e1\u010da vo futbale - Soccer Coaches Hub\",\"isPartOf\":{\"@id\":\"https:\\\/\\\/soccercoacheshub.com\\\/#website\"},\"primaryImageOfPage\":{\"@id\":\"https:\\\/\\\/soccercoacheshub.com\\\/product\\\/vplyv-trenera-na-rozvoj-mladeho-hraca-vo-futbale\\\/#primaryimage\"},\"image\":{\"@id\":\"https:\\\/\\\/soccercoacheshub.com\\\/product\\\/vplyv-trenera-na-rozvoj-mladeho-hraca-vo-futbale\\\/#primaryimage\"},\"thumbnailUrl\":\"https:\\\/\\\/soccercoacheshub.s3.eu-central-1.amazonaws.com\\\/sch-content\\\/uploads\\\/2022\\\/07\\\/09142747\\\/Stefanakml-obrazok-slideov.png\",\"datePublished\":\"2020-12-09T10:44:16+00:00\",\"dateModified\":\"2022-10-24T08:32:13+00:00\",\"breadcrumb\":{\"@id\":\"https:\\\/\\\/soccercoacheshub.com\\\/product\\\/vplyv-trenera-na-rozvoj-mladeho-hraca-vo-futbale\\\/#breadcrumb\"},\"inLanguage\":\"en-US\",\"potentialAction\":[{\"@type\":\"ReadAction\",\"target\":[\"https:\\\/\\\/soccercoacheshub.com\\\/product\\\/vplyv-trenera-na-rozvoj-mladeho-hraca-vo-futbale\\\/\"]}]},{\"@type\":\"ImageObject\",\"inLanguage\":\"en-US\",\"@id\":\"https:\\\/\\\/soccercoacheshub.com\\\/product\\\/vplyv-trenera-na-rozvoj-mladeho-hraca-vo-futbale\\\/#primaryimage\",\"url\":\"https:\\\/\\\/soccercoacheshub.s3.eu-central-1.amazonaws.com\\\/sch-content\\\/uploads\\\/2022\\\/07\\\/09142747\\\/Stefanakml-obrazok-slideov.png\",\"contentUrl\":\"https:\\\/\\\/soccercoacheshub.s3.eu-central-1.amazonaws.com\\\/sch-content\\\/uploads\\\/2022\\\/07\\\/09142747\\\/Stefanakml-obrazok-slideov.png\",\"width\":1766,\"height\":994,\"caption\":\"Vplyv tr\u00e9nera na rozvoj mlad\u00e9ho hr\u00e1\u010da vo futbale\"},{\"@type\":\"BreadcrumbList\",\"@id\":\"https:\\\/\\\/soccercoacheshub.com\\\/product\\\/vplyv-trenera-na-rozvoj-mladeho-hraca-vo-futbale\\\/#breadcrumb\",\"itemListElement\":[{\"@type\":\"ListItem\",\"position\":1,\"name\":\"Home\",\"item\":\"https:\\\/\\\/soccercoacheshub.com\\\/\"},{\"@type\":\"ListItem\",\"position\":2,\"name\":\"Shop\",\"item\":\"https:\\\/\\\/soccercoacheshub.com\\\/shop\\\/\"},{\"@type\":\"ListItem\",\"position\":3,\"name\":\"SVK | Vplyv tr\u00e9nera na rozvoj mlad\u00e9ho hr\u00e1\u010da vo futbale\"}]},{\"@type\":\"WebSite\",\"@id\":\"https:\\\/\\\/soccercoacheshub.com\\\/#website\",\"url\":\"https:\\\/\\\/soccercoacheshub.com\\\/\",\"name\":\"Soccer Coaches Hub\",\"description\":\"Soccer Coaches Hub\",\"potentialAction\":[{\"@type\":\"SearchAction\",\"target\":{\"@type\":\"EntryPoint\",\"urlTemplate\":\"https:\\\/\\\/soccercoacheshub.com\\\/?s={search_term_string}\"},\"query-input\":{\"@type\":\"PropertyValueSpecification\",\"valueRequired\":true,\"valueName\":\"search_term_string\"}}],\"inLanguage\":\"en-US\"}]}<\/script>\n<!-- \/ Yoast SEO plugin. -->","yoast_head_json":{"title":"Soccer Coaches Hub","robots":{"index":"index","follow":"follow","max-snippet":"max-snippet:-1","max-image-preview":"max-image-preview:large","max-video-preview":"max-video-preview:-1"},"canonical":"https:\/\/soccercoacheshub.com\/product\/vplyv-trenera-na-rozvoj-mladeho-hraca-vo-futbale\/","og_locale":"en_US","og_type":"article","og_title":"SVK | Vplyv tr\u00e9nera na rozvoj mlad\u00e9ho hr\u00e1\u010da vo futbale - Soccer Coaches Hub","og_description":"Podrobnosti o kurze n\u00e1jdete tu: Vplyv tr\u00e9nera na rozvoj mlad\u00e9ho hr\u00e1\u010da vo futbale.","og_url":"https:\/\/soccercoacheshub.com\/product\/vplyv-trenera-na-rozvoj-mladeho-hraca-vo-futbale\/","og_site_name":"Soccer Coaches Hub","article_modified_time":"2022-10-24T08:32:13+00:00","og_image":[{"width":1766,"height":994,"url":"https:\/\/soccercoacheshub.s3.eu-central-1.amazonaws.com\/sch-content\/uploads\/2022\/07\/09142747\/Stefanakml-obrazok-slideov.png","type":"image\/png"}],"twitter_card":"summary_large_image","schema":{"@context":"https:\/\/schema.org","@graph":[{"@type":"WebPage","@id":"https:\/\/soccercoacheshub.com\/product\/vplyv-trenera-na-rozvoj-mladeho-hraca-vo-futbale\/","url":"https:\/\/soccercoacheshub.com\/product\/vplyv-trenera-na-rozvoj-mladeho-hraca-vo-futbale\/","name":"SVK | Vplyv tr\u00e9nera na rozvoj mlad\u00e9ho hr\u00e1\u010da vo futbale - Soccer Coaches Hub","isPartOf":{"@id":"https:\/\/soccercoacheshub.com\/#website"},"primaryImageOfPage":{"@id":"https:\/\/soccercoacheshub.com\/product\/vplyv-trenera-na-rozvoj-mladeho-hraca-vo-futbale\/#primaryimage"},"image":{"@id":"https:\/\/soccercoacheshub.com\/product\/vplyv-trenera-na-rozvoj-mladeho-hraca-vo-futbale\/#primaryimage"},"thumbnailUrl":"https:\/\/soccercoacheshub.s3.eu-central-1.amazonaws.com\/sch-content\/uploads\/2022\/07\/09142747\/Stefanakml-obrazok-slideov.png","datePublished":"2020-12-09T10:44:16+00:00","dateModified":"2022-10-24T08:32:13+00:00","breadcrumb":{"@id":"https:\/\/soccercoacheshub.com\/product\/vplyv-trenera-na-rozvoj-mladeho-hraca-vo-futbale\/#breadcrumb"},"inLanguage":"en-US","potentialAction":[{"@type":"ReadAction","target":["https:\/\/soccercoacheshub.com\/product\/vplyv-trenera-na-rozvoj-mladeho-hraca-vo-futbale\/"]}]},{"@type":"ImageObject","inLanguage":"en-US","@id":"https:\/\/soccercoacheshub.com\/product\/vplyv-trenera-na-rozvoj-mladeho-hraca-vo-futbale\/#primaryimage","url":"https:\/\/soccercoacheshub.s3.eu-central-1.amazonaws.com\/sch-content\/uploads\/2022\/07\/09142747\/Stefanakml-obrazok-slideov.png","contentUrl":"https:\/\/soccercoacheshub.s3.eu-central-1.amazonaws.com\/sch-content\/uploads\/2022\/07\/09142747\/Stefanakml-obrazok-slideov.png","width":1766,"height":994,"caption":"Vplyv tr\u00e9nera na rozvoj mlad\u00e9ho hr\u00e1\u010da vo futbale"},{"@type":"BreadcrumbList","@id":"https:\/\/soccercoacheshub.com\/product\/vplyv-trenera-na-rozvoj-mladeho-hraca-vo-futbale\/#breadcrumb","itemListElement":[{"@type":"ListItem","position":1,"name":"Home","item":"https:\/\/soccercoacheshub.com\/"},{"@type":"ListItem","position":2,"name":"Shop","item":"https:\/\/soccercoacheshub.com\/shop\/"},{"@type":"ListItem","position":3,"name":"SVK | Vplyv tr\u00e9nera na rozvoj mlad\u00e9ho hr\u00e1\u010da vo futbale"}]},{"@type":"WebSite","@id":"https:\/\/soccercoacheshub.com\/#website","url":"https:\/\/soccercoacheshub.com\/","name":"Soccer Coaches Hub","description":"Soccer Coaches Hub","potentialAction":[{"@type":"SearchAction","target":{"@type":"EntryPoint","urlTemplate":"https:\/\/soccercoacheshub.com\/?s={search_term_string}"},"query-input":{"@type":"PropertyValueSpecification","valueRequired":true,"valueName":"search_term_string"}}],"inLanguage":"en-US"}]}},"wpml_current_locale":"en_US","wpml_translations":[],"language":{"code":"en","locale":"","name":"","is_rtl":false},"_links":{"self":[{"href":"https:\/\/soccercoacheshub.com\/wp-json\/wp\/v2\/product\/6831","targetHints":{"allow":["GET"]}}],"collection":[{"href":"https:\/\/soccercoacheshub.com\/wp-json\/wp\/v2\/product"}],"about":[{"href":"https:\/\/soccercoacheshub.com\/wp-json\/wp\/v2\/types\/product"}],"version-history":[{"count":2,"href":"https:\/\/soccercoacheshub.com\/wp-json\/wp\/v2\/product\/6831\/revisions"}],"predecessor-version":[{"id":21048,"href":"https:\/\/soccercoacheshub.com\/wp-json\/wp\/v2\/product\/6831\/revisions\/21048"}],"wp:featuredmedia":[{"embeddable":true,"href":"https:\/\/soccercoacheshub.com\/wp-json\/wp\/v2\/media\/17902"}],"wp:attachment":[{"href":"https:\/\/soccercoacheshub.com\/wp-json\/wp\/v2\/media?parent=6831"}],"wp:term":[{"taxonomy":"product_brand","embeddable":true,"href":"https:\/\/soccercoacheshub.com\/wp-json\/wp\/v2\/product_brand?post=6831"},{"taxonomy":"product_cat","embeddable":true,"href":"https:\/\/soccercoacheshub.com\/wp-json\/wp\/v2\/product_cat?post=6831"},{"taxonomy":"product_tag","embeddable":true,"href":"https:\/\/soccercoacheshub.com\/wp-json\/wp\/v2\/product_tag?post=6831"}],"curies":[{"name":"wp","href":"https:\/\/api.w.org\/{rel}","templated":true}]}}