{"id":37602,"date":"2024-12-11T12:51:53","date_gmt":"2024-12-11T10:51:53","guid":{"rendered":"https:\/\/soccercoacheshub.com\/?post_type=product&#038;p=37602"},"modified":"2024-12-11T12:52:10","modified_gmt":"2024-12-11T10:52:10","slug":"svk-po-stopach-marcela-bielsu-filozofia-el-loca","status":"publish","type":"product","link":"https:\/\/soccercoacheshub.com\/product\/svk-po-stopach-marcela-bielsu-filozofia-el-loca\/","title":{"rendered":"SVK | Po stop\u00e1ch Marcela Bielsu: Filozofia \u201cEl Loca\u201d"},"content":{"rendered":"","protected":false},"excerpt":{"rendered":"<p>Pre kompletn\u00e9 inform\u00e1cie o kurze nav\u0161t\u00edvte: <a href=\"\/courses\/svk-po-stopach-marcela-bielsu-filozofia-el-loca\/\">SVK | Po stop\u00e1ch Marcela Bielsu: Filozofia \u201cEl Loca\u201d<\/a><\/p>\n","protected":false},"featured_media":37397,"template":"","meta":{"_acf_changed":false,"_editorskit_title_hidden":false,"_editorskit_reading_time":0,"_editorskit_is_block_options_detached":false,"_editorskit_block_options_position":"{}","_monsterinsights_skip_tracking":false,"_monsterinsights_sitenote_active":false,"_monsterinsights_sitenote_note":"","_monsterinsights_sitenote_category":0},"product_brand":[],"product_cat":[170,36],"product_tag":[],"class_list":{"0":"post-37602","1":"product","2":"type-product","3":"status-publish","4":"has-post-thumbnail","6":"product_cat-slovak-czech-language","7":"product_cat-uncategorized","9":"first","10":"instock","11":"virtual","12":"sold-individually","13":"purchasable","14":"product-type-course"},"acf":[],"yoast_head":"<!-- This site is optimized with the Yoast SEO plugin v27.3 - https:\/\/yoast.com\/product\/yoast-seo-wordpress\/ -->\n<title>Soccer Coaches Hub<\/title>\n<meta name=\"robots\" content=\"index, follow, max-snippet:-1, max-image-preview:large, max-video-preview:-1\" \/>\n<link rel=\"canonical\" href=\"https:\/\/soccercoacheshub.com\/product\/svk-po-stopach-marcela-bielsu-filozofia-el-loca\/\" \/>\n<meta property=\"og:locale\" content=\"en_US\" \/>\n<meta property=\"og:type\" content=\"article\" \/>\n<meta property=\"og:title\" content=\"SVK | Po stop\u00e1ch Marcela Bielsu: Filozofia \u201cEl Loca\u201d - Soccer Coaches Hub\" \/>\n<meta property=\"og:description\" content=\"Pre kompletn\u00e9 inform\u00e1cie o kurze nav\u0161t\u00edvte: SVK | Po stop\u00e1ch Marcela Bielsu: Filozofia \u201cEl Loca\u201d\" \/>\n<meta property=\"og:url\" content=\"https:\/\/soccercoacheshub.com\/product\/svk-po-stopach-marcela-bielsu-filozofia-el-loca\/\" \/>\n<meta property=\"og:site_name\" content=\"Soccer Coaches Hub\" \/>\n<meta property=\"article:modified_time\" content=\"2024-12-11T10:52:10+00:00\" \/>\n<meta property=\"og:image\" content=\"https:\/\/soccercoacheshub.s3.eu-central-1.amazonaws.com\/sch-content\/uploads\/2024\/12\/10145232\/Marcelo-Bielsa.png\" \/>\n\t<meta property=\"og:image:width\" content=\"1920\" \/>\n\t<meta property=\"og:image:height\" content=\"1080\" \/>\n\t<meta property=\"og:image:type\" content=\"image\/png\" \/>\n<meta name=\"twitter:card\" content=\"summary_large_image\" \/>\n<meta name=\"twitter:label1\" content=\"Est. reading time\" \/>\n\t<meta name=\"twitter:data1\" content=\"1 minute\" \/>\n<script type=\"application\/ld+json\" class=\"yoast-schema-graph\">{\"@context\":\"https:\\\/\\\/schema.org\",\"@graph\":[{\"@type\":\"WebPage\",\"@id\":\"https:\\\/\\\/soccercoacheshub.com\\\/product\\\/svk-po-stopach-marcela-bielsu-filozofia-el-loca\\\/\",\"url\":\"https:\\\/\\\/soccercoacheshub.com\\\/product\\\/svk-po-stopach-marcela-bielsu-filozofia-el-loca\\\/\",\"name\":\"SVK | Po stop\u00e1ch Marcela Bielsu: Filozofia \u201cEl Loca\u201d - Soccer Coaches Hub\",\"isPartOf\":{\"@id\":\"https:\\\/\\\/soccercoacheshub.com\\\/#website\"},\"primaryImageOfPage\":{\"@id\":\"https:\\\/\\\/soccercoacheshub.com\\\/product\\\/svk-po-stopach-marcela-bielsu-filozofia-el-loca\\\/#primaryimage\"},\"image\":{\"@id\":\"https:\\\/\\\/soccercoacheshub.com\\\/product\\\/svk-po-stopach-marcela-bielsu-filozofia-el-loca\\\/#primaryimage\"},\"thumbnailUrl\":\"https:\\\/\\\/soccercoacheshub.s3.eu-central-1.amazonaws.com\\\/sch-content\\\/uploads\\\/2024\\\/12\\\/10145232\\\/Marcelo-Bielsa.png\",\"datePublished\":\"2024-12-11T10:51:53+00:00\",\"dateModified\":\"2024-12-11T10:52:10+00:00\",\"breadcrumb\":{\"@id\":\"https:\\\/\\\/soccercoacheshub.com\\\/product\\\/svk-po-stopach-marcela-bielsu-filozofia-el-loca\\\/#breadcrumb\"},\"inLanguage\":\"en-US\",\"potentialAction\":[{\"@type\":\"ReadAction\",\"target\":[\"https:\\\/\\\/soccercoacheshub.com\\\/product\\\/svk-po-stopach-marcela-bielsu-filozofia-el-loca\\\/\"]}]},{\"@type\":\"ImageObject\",\"inLanguage\":\"en-US\",\"@id\":\"https:\\\/\\\/soccercoacheshub.com\\\/product\\\/svk-po-stopach-marcela-bielsu-filozofia-el-loca\\\/#primaryimage\",\"url\":\"https:\\\/\\\/soccercoacheshub.s3.eu-central-1.amazonaws.com\\\/sch-content\\\/uploads\\\/2024\\\/12\\\/10145232\\\/Marcelo-Bielsa.png\",\"contentUrl\":\"https:\\\/\\\/soccercoacheshub.s3.eu-central-1.amazonaws.com\\\/sch-content\\\/uploads\\\/2024\\\/12\\\/10145232\\\/Marcelo-Bielsa.png\",\"width\":1920,\"height\":1080,\"caption\":\"Radoslaw Bella - Filozofia Marcela Bielsu - SoccerCoachesHub\"},{\"@type\":\"BreadcrumbList\",\"@id\":\"https:\\\/\\\/soccercoacheshub.com\\\/product\\\/svk-po-stopach-marcela-bielsu-filozofia-el-loca\\\/#breadcrumb\",\"itemListElement\":[{\"@type\":\"ListItem\",\"position\":1,\"name\":\"Home\",\"item\":\"https:\\\/\\\/soccercoacheshub.com\\\/\"},{\"@type\":\"ListItem\",\"position\":2,\"name\":\"Shop\",\"item\":\"https:\\\/\\\/soccercoacheshub.com\\\/shop\\\/\"},{\"@type\":\"ListItem\",\"position\":3,\"name\":\"SVK | Po stop\u00e1ch Marcela Bielsu: Filozofia \u201cEl Loca\u201d\"}]},{\"@type\":\"WebSite\",\"@id\":\"https:\\\/\\\/soccercoacheshub.com\\\/#website\",\"url\":\"https:\\\/\\\/soccercoacheshub.com\\\/\",\"name\":\"Soccer Coaches Hub\",\"description\":\"Soccer Coaches Hub\",\"potentialAction\":[{\"@type\":\"SearchAction\",\"target\":{\"@type\":\"EntryPoint\",\"urlTemplate\":\"https:\\\/\\\/soccercoacheshub.com\\\/?s={search_term_string}\"},\"query-input\":{\"@type\":\"PropertyValueSpecification\",\"valueRequired\":true,\"valueName\":\"search_term_string\"}}],\"inLanguage\":\"en-US\"}]}<\/script>\n<!-- \/ Yoast SEO plugin. -->","yoast_head_json":{"title":"Soccer Coaches Hub","robots":{"index":"index","follow":"follow","max-snippet":"max-snippet:-1","max-image-preview":"max-image-preview:large","max-video-preview":"max-video-preview:-1"},"canonical":"https:\/\/soccercoacheshub.com\/product\/svk-po-stopach-marcela-bielsu-filozofia-el-loca\/","og_locale":"en_US","og_type":"article","og_title":"SVK | Po stop\u00e1ch Marcela Bielsu: Filozofia \u201cEl Loca\u201d - Soccer Coaches Hub","og_description":"Pre kompletn\u00e9 inform\u00e1cie o kurze nav\u0161t\u00edvte: SVK | Po stop\u00e1ch Marcela Bielsu: Filozofia \u201cEl Loca\u201d","og_url":"https:\/\/soccercoacheshub.com\/product\/svk-po-stopach-marcela-bielsu-filozofia-el-loca\/","og_site_name":"Soccer Coaches Hub","article_modified_time":"2024-12-11T10:52:10+00:00","og_image":[{"width":1920,"height":1080,"url":"https:\/\/soccercoacheshub.s3.eu-central-1.amazonaws.com\/sch-content\/uploads\/2024\/12\/10145232\/Marcelo-Bielsa.png","type":"image\/png"}],"twitter_card":"summary_large_image","twitter_misc":{"Est. reading time":"1 minute"},"schema":{"@context":"https:\/\/schema.org","@graph":[{"@type":"WebPage","@id":"https:\/\/soccercoacheshub.com\/product\/svk-po-stopach-marcela-bielsu-filozofia-el-loca\/","url":"https:\/\/soccercoacheshub.com\/product\/svk-po-stopach-marcela-bielsu-filozofia-el-loca\/","name":"SVK | Po stop\u00e1ch Marcela Bielsu: Filozofia \u201cEl Loca\u201d - Soccer Coaches Hub","isPartOf":{"@id":"https:\/\/soccercoacheshub.com\/#website"},"primaryImageOfPage":{"@id":"https:\/\/soccercoacheshub.com\/product\/svk-po-stopach-marcela-bielsu-filozofia-el-loca\/#primaryimage"},"image":{"@id":"https:\/\/soccercoacheshub.com\/product\/svk-po-stopach-marcela-bielsu-filozofia-el-loca\/#primaryimage"},"thumbnailUrl":"https:\/\/soccercoacheshub.s3.eu-central-1.amazonaws.com\/sch-content\/uploads\/2024\/12\/10145232\/Marcelo-Bielsa.png","datePublished":"2024-12-11T10:51:53+00:00","dateModified":"2024-12-11T10:52:10+00:00","breadcrumb":{"@id":"https:\/\/soccercoacheshub.com\/product\/svk-po-stopach-marcela-bielsu-filozofia-el-loca\/#breadcrumb"},"inLanguage":"en-US","potentialAction":[{"@type":"ReadAction","target":["https:\/\/soccercoacheshub.com\/product\/svk-po-stopach-marcela-bielsu-filozofia-el-loca\/"]}]},{"@type":"ImageObject","inLanguage":"en-US","@id":"https:\/\/soccercoacheshub.com\/product\/svk-po-stopach-marcela-bielsu-filozofia-el-loca\/#primaryimage","url":"https:\/\/soccercoacheshub.s3.eu-central-1.amazonaws.com\/sch-content\/uploads\/2024\/12\/10145232\/Marcelo-Bielsa.png","contentUrl":"https:\/\/soccercoacheshub.s3.eu-central-1.amazonaws.com\/sch-content\/uploads\/2024\/12\/10145232\/Marcelo-Bielsa.png","width":1920,"height":1080,"caption":"Radoslaw Bella - Filozofia Marcela Bielsu - SoccerCoachesHub"},{"@type":"BreadcrumbList","@id":"https:\/\/soccercoacheshub.com\/product\/svk-po-stopach-marcela-bielsu-filozofia-el-loca\/#breadcrumb","itemListElement":[{"@type":"ListItem","position":1,"name":"Home","item":"https:\/\/soccercoacheshub.com\/"},{"@type":"ListItem","position":2,"name":"Shop","item":"https:\/\/soccercoacheshub.com\/shop\/"},{"@type":"ListItem","position":3,"name":"SVK | Po stop\u00e1ch Marcela Bielsu: Filozofia \u201cEl Loca\u201d"}]},{"@type":"WebSite","@id":"https:\/\/soccercoacheshub.com\/#website","url":"https:\/\/soccercoacheshub.com\/","name":"Soccer Coaches Hub","description":"Soccer Coaches Hub","potentialAction":[{"@type":"SearchAction","target":{"@type":"EntryPoint","urlTemplate":"https:\/\/soccercoacheshub.com\/?s={search_term_string}"},"query-input":{"@type":"PropertyValueSpecification","valueRequired":true,"valueName":"search_term_string"}}],"inLanguage":"en-US"}]}},"wpml_current_locale":"en_US","wpml_translations":[],"language":{"code":"en","locale":"","name":"","is_rtl":false},"_links":{"self":[{"href":"https:\/\/soccercoacheshub.com\/wp-json\/wp\/v2\/product\/37602","targetHints":{"allow":["GET"]}}],"collection":[{"href":"https:\/\/soccercoacheshub.com\/wp-json\/wp\/v2\/product"}],"about":[{"href":"https:\/\/soccercoacheshub.com\/wp-json\/wp\/v2\/types\/product"}],"version-history":[{"count":1,"href":"https:\/\/soccercoacheshub.com\/wp-json\/wp\/v2\/product\/37602\/revisions"}],"predecessor-version":[{"id":37603,"href":"https:\/\/soccercoacheshub.com\/wp-json\/wp\/v2\/product\/37602\/revisions\/37603"}],"wp:featuredmedia":[{"embeddable":true,"href":"https:\/\/soccercoacheshub.com\/wp-json\/wp\/v2\/media\/37397"}],"wp:attachment":[{"href":"https:\/\/soccercoacheshub.com\/wp-json\/wp\/v2\/media?parent=37602"}],"wp:term":[{"taxonomy":"product_brand","embeddable":true,"href":"https:\/\/soccercoacheshub.com\/wp-json\/wp\/v2\/product_brand?post=37602"},{"taxonomy":"product_cat","embeddable":true,"href":"https:\/\/soccercoacheshub.com\/wp-json\/wp\/v2\/product_cat?post=37602"},{"taxonomy":"product_tag","embeddable":true,"href":"https:\/\/soccercoacheshub.com\/wp-json\/wp\/v2\/product_tag?post=37602"}],"curies":[{"name":"wp","href":"https:\/\/api.w.org\/{rel}","templated":true}]}}