{"id":29475,"date":"2023-09-07T10:18:58","date_gmt":"2023-09-07T08:18:58","guid":{"rendered":"https:\/\/soccercoacheshub.com?post_type=product&#038;p=29475"},"modified":"2023-09-07T10:18:58","modified_gmt":"2023-09-07T08:18:58","slug":"svk-vyvojove-tendencie-brankara-z-ms-v-katare-2022","status":"publish","type":"product","link":"https:\/\/soccercoacheshub.com\/product\/svk-vyvojove-tendencie-brankara-z-ms-v-katare-2022\/","title":{"rendered":"SVK | V\u00fdvojov\u00e9 tendencie brank\u00e1ra z MS v Katare 2022"},"content":{"rendered":"","protected":false},"excerpt":{"rendered":"<p>Kompletn\u00e9 inform\u00e1cie o kurze: https:\/\/soccercoacheshub.comcourses\/svk-vyvojove-tendencie-brankara-z-ms-v-katare-2022\/<\/p>\n","protected":false},"featured_media":29095,"template":"","meta":{"_acf_changed":false,"_editorskit_title_hidden":false,"_editorskit_reading_time":0,"_editorskit_is_block_options_detached":false,"_editorskit_block_options_position":"{}","_monsterinsights_skip_tracking":false,"_monsterinsights_sitenote_active":false,"_monsterinsights_sitenote_note":"","_monsterinsights_sitenote_category":0},"product_brand":[],"product_cat":[170],"product_tag":[],"class_list":{"0":"post-29475","1":"product","2":"type-product","3":"status-publish","4":"has-post-thumbnail","6":"product_cat-slovak-czech-language","8":"first","9":"instock","10":"virtual","11":"sold-individually","12":"purchasable","13":"product-type-course"},"acf":[],"yoast_head":"<!-- This site is optimized with the Yoast SEO plugin v27.3 - https:\/\/yoast.com\/product\/yoast-seo-wordpress\/ -->\n<title>Soccer Coaches Hub<\/title>\n<meta name=\"robots\" content=\"index, follow, max-snippet:-1, max-image-preview:large, max-video-preview:-1\" \/>\n<link rel=\"canonical\" href=\"https:\/\/soccercoacheshub.com\/product\/svk-vyvojove-tendencie-brankara-z-ms-v-katare-2022\/\" \/>\n<meta property=\"og:locale\" content=\"en_US\" \/>\n<meta property=\"og:type\" content=\"article\" \/>\n<meta property=\"og:title\" content=\"SVK | V\u00fdvojov\u00e9 tendencie brank\u00e1ra z MS v Katare 2022 - Soccer Coaches Hub\" \/>\n<meta property=\"og:description\" content=\"Kompletn\u00e9 inform\u00e1cie o kurze: https:\/\/soccercoacheshub.comcourses\/svk-vyvojove-tendencie-brankara-z-ms-v-katare-2022\/\" \/>\n<meta property=\"og:url\" content=\"https:\/\/soccercoacheshub.com\/product\/svk-vyvojove-tendencie-brankara-z-ms-v-katare-2022\/\" \/>\n<meta property=\"og:site_name\" content=\"Soccer Coaches Hub\" \/>\n<meta property=\"og:image\" content=\"https:\/\/soccercoacheshub.s3.eu-central-1.amazonaws.com\/sch-content\/uploads\/2023\/08\/09141709\/Titulna-fotka.png\" \/>\n\t<meta property=\"og:image:width\" content=\"1506\" \/>\n\t<meta property=\"og:image:height\" content=\"848\" \/>\n\t<meta property=\"og:image:type\" content=\"image\/png\" \/>\n<meta name=\"twitter:card\" content=\"summary_large_image\" \/>\n<script type=\"application\/ld+json\" class=\"yoast-schema-graph\">{\"@context\":\"https:\\\/\\\/schema.org\",\"@graph\":[{\"@type\":\"WebPage\",\"@id\":\"https:\\\/\\\/soccercoacheshub.com\\\/product\\\/svk-vyvojove-tendencie-brankara-z-ms-v-katare-2022\\\/\",\"url\":\"https:\\\/\\\/soccercoacheshub.com\\\/product\\\/svk-vyvojove-tendencie-brankara-z-ms-v-katare-2022\\\/\",\"name\":\"SVK | V\u00fdvojov\u00e9 tendencie brank\u00e1ra z MS v Katare 2022 - Soccer Coaches Hub\",\"isPartOf\":{\"@id\":\"https:\\\/\\\/soccercoacheshub.com\\\/#website\"},\"primaryImageOfPage\":{\"@id\":\"https:\\\/\\\/soccercoacheshub.com\\\/product\\\/svk-vyvojove-tendencie-brankara-z-ms-v-katare-2022\\\/#primaryimage\"},\"image\":{\"@id\":\"https:\\\/\\\/soccercoacheshub.com\\\/product\\\/svk-vyvojove-tendencie-brankara-z-ms-v-katare-2022\\\/#primaryimage\"},\"thumbnailUrl\":\"https:\\\/\\\/soccercoacheshub.s3.eu-central-1.amazonaws.com\\\/sch-content\\\/uploads\\\/2023\\\/08\\\/09141709\\\/Titulna-fotka.png\",\"datePublished\":\"2023-09-07T08:18:58+00:00\",\"breadcrumb\":{\"@id\":\"https:\\\/\\\/soccercoacheshub.com\\\/product\\\/svk-vyvojove-tendencie-brankara-z-ms-v-katare-2022\\\/#breadcrumb\"},\"inLanguage\":\"en-US\",\"potentialAction\":[{\"@type\":\"ReadAction\",\"target\":[\"https:\\\/\\\/soccercoacheshub.com\\\/product\\\/svk-vyvojove-tendencie-brankara-z-ms-v-katare-2022\\\/\"]}]},{\"@type\":\"ImageObject\",\"inLanguage\":\"en-US\",\"@id\":\"https:\\\/\\\/soccercoacheshub.com\\\/product\\\/svk-vyvojove-tendencie-brankara-z-ms-v-katare-2022\\\/#primaryimage\",\"url\":\"https:\\\/\\\/soccercoacheshub.s3.eu-central-1.amazonaws.com\\\/sch-content\\\/uploads\\\/2023\\\/08\\\/09141709\\\/Titulna-fotka.png\",\"contentUrl\":\"https:\\\/\\\/soccercoacheshub.s3.eu-central-1.amazonaws.com\\\/sch-content\\\/uploads\\\/2023\\\/08\\\/09141709\\\/Titulna-fotka.png\",\"width\":1506,\"height\":848,\"caption\":\"SVK | V\u00fdvojov\u00e9 tendencie brank\u00e1ra z MS v Katare 2022 - Du\u0161an Mol\u010dan - SoccerCoachesHub.com\"},{\"@type\":\"BreadcrumbList\",\"@id\":\"https:\\\/\\\/soccercoacheshub.com\\\/product\\\/svk-vyvojove-tendencie-brankara-z-ms-v-katare-2022\\\/#breadcrumb\",\"itemListElement\":[{\"@type\":\"ListItem\",\"position\":1,\"name\":\"Home\",\"item\":\"https:\\\/\\\/soccercoacheshub.com\\\/\"},{\"@type\":\"ListItem\",\"position\":2,\"name\":\"Shop\",\"item\":\"https:\\\/\\\/soccercoacheshub.com\\\/shop\\\/\"},{\"@type\":\"ListItem\",\"position\":3,\"name\":\"SVK | V\u00fdvojov\u00e9 tendencie brank\u00e1ra z MS v Katare 2022\"}]},{\"@type\":\"WebSite\",\"@id\":\"https:\\\/\\\/soccercoacheshub.com\\\/#website\",\"url\":\"https:\\\/\\\/soccercoacheshub.com\\\/\",\"name\":\"Soccer Coaches Hub\",\"description\":\"Soccer Coaches Hub\",\"potentialAction\":[{\"@type\":\"SearchAction\",\"target\":{\"@type\":\"EntryPoint\",\"urlTemplate\":\"https:\\\/\\\/soccercoacheshub.com\\\/?s={search_term_string}\"},\"query-input\":{\"@type\":\"PropertyValueSpecification\",\"valueRequired\":true,\"valueName\":\"search_term_string\"}}],\"inLanguage\":\"en-US\"}]}<\/script>\n<!-- \/ Yoast SEO plugin. -->","yoast_head_json":{"title":"Soccer Coaches Hub","robots":{"index":"index","follow":"follow","max-snippet":"max-snippet:-1","max-image-preview":"max-image-preview:large","max-video-preview":"max-video-preview:-1"},"canonical":"https:\/\/soccercoacheshub.com\/product\/svk-vyvojove-tendencie-brankara-z-ms-v-katare-2022\/","og_locale":"en_US","og_type":"article","og_title":"SVK | V\u00fdvojov\u00e9 tendencie brank\u00e1ra z MS v Katare 2022 - Soccer Coaches Hub","og_description":"Kompletn\u00e9 inform\u00e1cie o kurze: https:\/\/soccercoacheshub.comcourses\/svk-vyvojove-tendencie-brankara-z-ms-v-katare-2022\/","og_url":"https:\/\/soccercoacheshub.com\/product\/svk-vyvojove-tendencie-brankara-z-ms-v-katare-2022\/","og_site_name":"Soccer Coaches Hub","og_image":[{"width":1506,"height":848,"url":"https:\/\/soccercoacheshub.s3.eu-central-1.amazonaws.com\/sch-content\/uploads\/2023\/08\/09141709\/Titulna-fotka.png","type":"image\/png"}],"twitter_card":"summary_large_image","schema":{"@context":"https:\/\/schema.org","@graph":[{"@type":"WebPage","@id":"https:\/\/soccercoacheshub.com\/product\/svk-vyvojove-tendencie-brankara-z-ms-v-katare-2022\/","url":"https:\/\/soccercoacheshub.com\/product\/svk-vyvojove-tendencie-brankara-z-ms-v-katare-2022\/","name":"SVK | V\u00fdvojov\u00e9 tendencie brank\u00e1ra z MS v Katare 2022 - Soccer Coaches Hub","isPartOf":{"@id":"https:\/\/soccercoacheshub.com\/#website"},"primaryImageOfPage":{"@id":"https:\/\/soccercoacheshub.com\/product\/svk-vyvojove-tendencie-brankara-z-ms-v-katare-2022\/#primaryimage"},"image":{"@id":"https:\/\/soccercoacheshub.com\/product\/svk-vyvojove-tendencie-brankara-z-ms-v-katare-2022\/#primaryimage"},"thumbnailUrl":"https:\/\/soccercoacheshub.s3.eu-central-1.amazonaws.com\/sch-content\/uploads\/2023\/08\/09141709\/Titulna-fotka.png","datePublished":"2023-09-07T08:18:58+00:00","breadcrumb":{"@id":"https:\/\/soccercoacheshub.com\/product\/svk-vyvojove-tendencie-brankara-z-ms-v-katare-2022\/#breadcrumb"},"inLanguage":"en-US","potentialAction":[{"@type":"ReadAction","target":["https:\/\/soccercoacheshub.com\/product\/svk-vyvojove-tendencie-brankara-z-ms-v-katare-2022\/"]}]},{"@type":"ImageObject","inLanguage":"en-US","@id":"https:\/\/soccercoacheshub.com\/product\/svk-vyvojove-tendencie-brankara-z-ms-v-katare-2022\/#primaryimage","url":"https:\/\/soccercoacheshub.s3.eu-central-1.amazonaws.com\/sch-content\/uploads\/2023\/08\/09141709\/Titulna-fotka.png","contentUrl":"https:\/\/soccercoacheshub.s3.eu-central-1.amazonaws.com\/sch-content\/uploads\/2023\/08\/09141709\/Titulna-fotka.png","width":1506,"height":848,"caption":"SVK | V\u00fdvojov\u00e9 tendencie brank\u00e1ra z MS v Katare 2022 - Du\u0161an Mol\u010dan - SoccerCoachesHub.com"},{"@type":"BreadcrumbList","@id":"https:\/\/soccercoacheshub.com\/product\/svk-vyvojove-tendencie-brankara-z-ms-v-katare-2022\/#breadcrumb","itemListElement":[{"@type":"ListItem","position":1,"name":"Home","item":"https:\/\/soccercoacheshub.com\/"},{"@type":"ListItem","position":2,"name":"Shop","item":"https:\/\/soccercoacheshub.com\/shop\/"},{"@type":"ListItem","position":3,"name":"SVK | V\u00fdvojov\u00e9 tendencie brank\u00e1ra z MS v Katare 2022"}]},{"@type":"WebSite","@id":"https:\/\/soccercoacheshub.com\/#website","url":"https:\/\/soccercoacheshub.com\/","name":"Soccer Coaches Hub","description":"Soccer Coaches Hub","potentialAction":[{"@type":"SearchAction","target":{"@type":"EntryPoint","urlTemplate":"https:\/\/soccercoacheshub.com\/?s={search_term_string}"},"query-input":{"@type":"PropertyValueSpecification","valueRequired":true,"valueName":"search_term_string"}}],"inLanguage":"en-US"}]}},"wpml_current_locale":"en_US","wpml_translations":[],"language":{"code":"en","locale":"","name":"","is_rtl":false},"_links":{"self":[{"href":"https:\/\/soccercoacheshub.com\/wp-json\/wp\/v2\/product\/29475","targetHints":{"allow":["GET"]}}],"collection":[{"href":"https:\/\/soccercoacheshub.com\/wp-json\/wp\/v2\/product"}],"about":[{"href":"https:\/\/soccercoacheshub.com\/wp-json\/wp\/v2\/types\/product"}],"version-history":[{"count":1,"href":"https:\/\/soccercoacheshub.com\/wp-json\/wp\/v2\/product\/29475\/revisions"}],"predecessor-version":[{"id":29476,"href":"https:\/\/soccercoacheshub.com\/wp-json\/wp\/v2\/product\/29475\/revisions\/29476"}],"wp:featuredmedia":[{"embeddable":true,"href":"https:\/\/soccercoacheshub.com\/wp-json\/wp\/v2\/media\/29095"}],"wp:attachment":[{"href":"https:\/\/soccercoacheshub.com\/wp-json\/wp\/v2\/media?parent=29475"}],"wp:term":[{"taxonomy":"product_brand","embeddable":true,"href":"https:\/\/soccercoacheshub.com\/wp-json\/wp\/v2\/product_brand?post=29475"},{"taxonomy":"product_cat","embeddable":true,"href":"https:\/\/soccercoacheshub.com\/wp-json\/wp\/v2\/product_cat?post=29475"},{"taxonomy":"product_tag","embeddable":true,"href":"https:\/\/soccercoacheshub.com\/wp-json\/wp\/v2\/product_tag?post=29475"}],"curies":[{"name":"wp","href":"https:\/\/api.w.org\/{rel}","templated":true}]}}