{"id":23299,"date":"2023-07-06T13:44:55","date_gmt":"2023-07-06T11:44:55","guid":{"rendered":"https:\/\/soccercoacheshub.com?post_type=product&#038;p=23299"},"modified":"2023-07-06T13:44:55","modified_gmt":"2023-07-06T11:44:55","slug":"svk-novodoba-kondicna-priprava-mladeho-futbalistu-v-kocke","status":"publish","type":"product","link":"https:\/\/soccercoacheshub.com\/product\/svk-novodoba-kondicna-priprava-mladeho-futbalistu-v-kocke\/","title":{"rendered":"SVK | Novodob\u00e1 kondi\u010dn\u00e1 pr\u00edprava mlad\u00e9ho futbalistu v kocke"},"content":{"rendered":"","protected":false},"excerpt":{"rendered":"","protected":false},"featured_media":23229,"template":"","meta":{"_acf_changed":false,"_editorskit_title_hidden":false,"_editorskit_reading_time":0,"_editorskit_is_block_options_detached":false,"_editorskit_block_options_position":"{}","_monsterinsights_skip_tracking":false,"_monsterinsights_sitenote_active":false,"_monsterinsights_sitenote_note":"","_monsterinsights_sitenote_category":0},"product_brand":[],"product_cat":[170],"product_tag":[242,243,244],"class_list":{"0":"post-23299","1":"product","2":"type-product","3":"status-publish","4":"has-post-thumbnail","6":"product_cat-slovak-czech-language","7":"product_tag-kfa","8":"product_tag-kids-fun-academy","9":"product_tag-slovak","11":"first","12":"instock","13":"virtual","14":"sold-individually","15":"purchasable","16":"product-type-course"},"acf":[],"yoast_head":"<!-- This site is optimized with the Yoast SEO plugin v27.3 - https:\/\/yoast.com\/product\/yoast-seo-wordpress\/ -->\n<title>Soccer Coaches Hub<\/title>\n<meta name=\"robots\" content=\"index, follow, max-snippet:-1, max-image-preview:large, max-video-preview:-1\" \/>\n<link rel=\"canonical\" href=\"https:\/\/soccercoacheshub.com\/product\/svk-novodoba-kondicna-priprava-mladeho-futbalistu-v-kocke\/\" \/>\n<meta property=\"og:locale\" content=\"en_US\" \/>\n<meta property=\"og:type\" content=\"article\" \/>\n<meta property=\"og:title\" content=\"SVK | Novodob\u00e1 kondi\u010dn\u00e1 pr\u00edprava mlad\u00e9ho futbalistu v kocke - Soccer Coaches Hub\" \/>\n<meta property=\"og:url\" content=\"https:\/\/soccercoacheshub.com\/product\/svk-novodoba-kondicna-priprava-mladeho-futbalistu-v-kocke\/\" \/>\n<meta property=\"og:site_name\" content=\"Soccer Coaches Hub\" \/>\n<meta property=\"og:image\" content=\"https:\/\/soccercoacheshub.s3.eu-central-1.amazonaws.com\/sch-content\/uploads\/2023\/07\/09141835\/image0.jpeg\" \/>\n\t<meta property=\"og:image:width\" content=\"662\" \/>\n\t<meta property=\"og:image:height\" content=\"862\" \/>\n\t<meta property=\"og:image:type\" content=\"image\/jpeg\" \/>\n<meta name=\"twitter:card\" content=\"summary_large_image\" \/>\n<script type=\"application\/ld+json\" class=\"yoast-schema-graph\">{\"@context\":\"https:\\\/\\\/schema.org\",\"@graph\":[{\"@type\":\"WebPage\",\"@id\":\"https:\\\/\\\/soccercoacheshub.com\\\/product\\\/svk-novodoba-kondicna-priprava-mladeho-futbalistu-v-kocke\\\/\",\"url\":\"https:\\\/\\\/soccercoacheshub.com\\\/product\\\/svk-novodoba-kondicna-priprava-mladeho-futbalistu-v-kocke\\\/\",\"name\":\"SVK | Novodob\u00e1 kondi\u010dn\u00e1 pr\u00edprava mlad\u00e9ho futbalistu v kocke - Soccer Coaches Hub\",\"isPartOf\":{\"@id\":\"https:\\\/\\\/soccercoacheshub.com\\\/#website\"},\"primaryImageOfPage\":{\"@id\":\"https:\\\/\\\/soccercoacheshub.com\\\/product\\\/svk-novodoba-kondicna-priprava-mladeho-futbalistu-v-kocke\\\/#primaryimage\"},\"image\":{\"@id\":\"https:\\\/\\\/soccercoacheshub.com\\\/product\\\/svk-novodoba-kondicna-priprava-mladeho-futbalistu-v-kocke\\\/#primaryimage\"},\"thumbnailUrl\":\"https:\\\/\\\/soccercoacheshub.s3.eu-central-1.amazonaws.com\\\/sch-content\\\/uploads\\\/2023\\\/07\\\/09141835\\\/image0.jpeg\",\"datePublished\":\"2023-07-06T11:44:55+00:00\",\"breadcrumb\":{\"@id\":\"https:\\\/\\\/soccercoacheshub.com\\\/product\\\/svk-novodoba-kondicna-priprava-mladeho-futbalistu-v-kocke\\\/#breadcrumb\"},\"inLanguage\":\"en-US\",\"potentialAction\":[{\"@type\":\"ReadAction\",\"target\":[\"https:\\\/\\\/soccercoacheshub.com\\\/product\\\/svk-novodoba-kondicna-priprava-mladeho-futbalistu-v-kocke\\\/\"]}]},{\"@type\":\"ImageObject\",\"inLanguage\":\"en-US\",\"@id\":\"https:\\\/\\\/soccercoacheshub.com\\\/product\\\/svk-novodoba-kondicna-priprava-mladeho-futbalistu-v-kocke\\\/#primaryimage\",\"url\":\"https:\\\/\\\/soccercoacheshub.s3.eu-central-1.amazonaws.com\\\/sch-content\\\/uploads\\\/2023\\\/07\\\/09141835\\\/image0.jpeg\",\"contentUrl\":\"https:\\\/\\\/soccercoacheshub.s3.eu-central-1.amazonaws.com\\\/sch-content\\\/uploads\\\/2023\\\/07\\\/09141835\\\/image0.jpeg\",\"width\":662,\"height\":862,\"caption\":\"Novodob\u00e1 kondi\u010dn\u00e1 pr\u00edprava mlad\u00e9ho futbalistu v kocke - Kids Fun Academy - SoccerCoachesHub.com\"},{\"@type\":\"BreadcrumbList\",\"@id\":\"https:\\\/\\\/soccercoacheshub.com\\\/product\\\/svk-novodoba-kondicna-priprava-mladeho-futbalistu-v-kocke\\\/#breadcrumb\",\"itemListElement\":[{\"@type\":\"ListItem\",\"position\":1,\"name\":\"Home\",\"item\":\"https:\\\/\\\/soccercoacheshub.com\\\/\"},{\"@type\":\"ListItem\",\"position\":2,\"name\":\"Shop\",\"item\":\"https:\\\/\\\/soccercoacheshub.com\\\/shop\\\/\"},{\"@type\":\"ListItem\",\"position\":3,\"name\":\"SVK | Novodob\u00e1 kondi\u010dn\u00e1 pr\u00edprava mlad\u00e9ho futbalistu v kocke\"}]},{\"@type\":\"WebSite\",\"@id\":\"https:\\\/\\\/soccercoacheshub.com\\\/#website\",\"url\":\"https:\\\/\\\/soccercoacheshub.com\\\/\",\"name\":\"Soccer Coaches Hub\",\"description\":\"Soccer Coaches Hub\",\"potentialAction\":[{\"@type\":\"SearchAction\",\"target\":{\"@type\":\"EntryPoint\",\"urlTemplate\":\"https:\\\/\\\/soccercoacheshub.com\\\/?s={search_term_string}\"},\"query-input\":{\"@type\":\"PropertyValueSpecification\",\"valueRequired\":true,\"valueName\":\"search_term_string\"}}],\"inLanguage\":\"en-US\"}]}<\/script>\n<!-- \/ Yoast SEO plugin. -->","yoast_head_json":{"title":"Soccer Coaches Hub","robots":{"index":"index","follow":"follow","max-snippet":"max-snippet:-1","max-image-preview":"max-image-preview:large","max-video-preview":"max-video-preview:-1"},"canonical":"https:\/\/soccercoacheshub.com\/product\/svk-novodoba-kondicna-priprava-mladeho-futbalistu-v-kocke\/","og_locale":"en_US","og_type":"article","og_title":"SVK | Novodob\u00e1 kondi\u010dn\u00e1 pr\u00edprava mlad\u00e9ho futbalistu v kocke - Soccer Coaches Hub","og_url":"https:\/\/soccercoacheshub.com\/product\/svk-novodoba-kondicna-priprava-mladeho-futbalistu-v-kocke\/","og_site_name":"Soccer Coaches Hub","og_image":[{"width":662,"height":862,"url":"https:\/\/soccercoacheshub.s3.eu-central-1.amazonaws.com\/sch-content\/uploads\/2023\/07\/09141835\/image0.jpeg","type":"image\/jpeg"}],"twitter_card":"summary_large_image","schema":{"@context":"https:\/\/schema.org","@graph":[{"@type":"WebPage","@id":"https:\/\/soccercoacheshub.com\/product\/svk-novodoba-kondicna-priprava-mladeho-futbalistu-v-kocke\/","url":"https:\/\/soccercoacheshub.com\/product\/svk-novodoba-kondicna-priprava-mladeho-futbalistu-v-kocke\/","name":"SVK | Novodob\u00e1 kondi\u010dn\u00e1 pr\u00edprava mlad\u00e9ho futbalistu v kocke - Soccer Coaches Hub","isPartOf":{"@id":"https:\/\/soccercoacheshub.com\/#website"},"primaryImageOfPage":{"@id":"https:\/\/soccercoacheshub.com\/product\/svk-novodoba-kondicna-priprava-mladeho-futbalistu-v-kocke\/#primaryimage"},"image":{"@id":"https:\/\/soccercoacheshub.com\/product\/svk-novodoba-kondicna-priprava-mladeho-futbalistu-v-kocke\/#primaryimage"},"thumbnailUrl":"https:\/\/soccercoacheshub.s3.eu-central-1.amazonaws.com\/sch-content\/uploads\/2023\/07\/09141835\/image0.jpeg","datePublished":"2023-07-06T11:44:55+00:00","breadcrumb":{"@id":"https:\/\/soccercoacheshub.com\/product\/svk-novodoba-kondicna-priprava-mladeho-futbalistu-v-kocke\/#breadcrumb"},"inLanguage":"en-US","potentialAction":[{"@type":"ReadAction","target":["https:\/\/soccercoacheshub.com\/product\/svk-novodoba-kondicna-priprava-mladeho-futbalistu-v-kocke\/"]}]},{"@type":"ImageObject","inLanguage":"en-US","@id":"https:\/\/soccercoacheshub.com\/product\/svk-novodoba-kondicna-priprava-mladeho-futbalistu-v-kocke\/#primaryimage","url":"https:\/\/soccercoacheshub.s3.eu-central-1.amazonaws.com\/sch-content\/uploads\/2023\/07\/09141835\/image0.jpeg","contentUrl":"https:\/\/soccercoacheshub.s3.eu-central-1.amazonaws.com\/sch-content\/uploads\/2023\/07\/09141835\/image0.jpeg","width":662,"height":862,"caption":"Novodob\u00e1 kondi\u010dn\u00e1 pr\u00edprava mlad\u00e9ho futbalistu v kocke - Kids Fun Academy - SoccerCoachesHub.com"},{"@type":"BreadcrumbList","@id":"https:\/\/soccercoacheshub.com\/product\/svk-novodoba-kondicna-priprava-mladeho-futbalistu-v-kocke\/#breadcrumb","itemListElement":[{"@type":"ListItem","position":1,"name":"Home","item":"https:\/\/soccercoacheshub.com\/"},{"@type":"ListItem","position":2,"name":"Shop","item":"https:\/\/soccercoacheshub.com\/shop\/"},{"@type":"ListItem","position":3,"name":"SVK | Novodob\u00e1 kondi\u010dn\u00e1 pr\u00edprava mlad\u00e9ho futbalistu v kocke"}]},{"@type":"WebSite","@id":"https:\/\/soccercoacheshub.com\/#website","url":"https:\/\/soccercoacheshub.com\/","name":"Soccer Coaches Hub","description":"Soccer Coaches Hub","potentialAction":[{"@type":"SearchAction","target":{"@type":"EntryPoint","urlTemplate":"https:\/\/soccercoacheshub.com\/?s={search_term_string}"},"query-input":{"@type":"PropertyValueSpecification","valueRequired":true,"valueName":"search_term_string"}}],"inLanguage":"en-US"}]}},"wpml_current_locale":"en_US","wpml_translations":[],"language":{"code":"en","locale":"","name":"","is_rtl":false},"_links":{"self":[{"href":"https:\/\/soccercoacheshub.com\/wp-json\/wp\/v2\/product\/23299","targetHints":{"allow":["GET"]}}],"collection":[{"href":"https:\/\/soccercoacheshub.com\/wp-json\/wp\/v2\/product"}],"about":[{"href":"https:\/\/soccercoacheshub.com\/wp-json\/wp\/v2\/types\/product"}],"version-history":[{"count":1,"href":"https:\/\/soccercoacheshub.com\/wp-json\/wp\/v2\/product\/23299\/revisions"}],"predecessor-version":[{"id":23300,"href":"https:\/\/soccercoacheshub.com\/wp-json\/wp\/v2\/product\/23299\/revisions\/23300"}],"wp:featuredmedia":[{"embeddable":true,"href":"https:\/\/soccercoacheshub.com\/wp-json\/wp\/v2\/media\/23229"}],"wp:attachment":[{"href":"https:\/\/soccercoacheshub.com\/wp-json\/wp\/v2\/media?parent=23299"}],"wp:term":[{"taxonomy":"product_brand","embeddable":true,"href":"https:\/\/soccercoacheshub.com\/wp-json\/wp\/v2\/product_brand?post=23299"},{"taxonomy":"product_cat","embeddable":true,"href":"https:\/\/soccercoacheshub.com\/wp-json\/wp\/v2\/product_cat?post=23299"},{"taxonomy":"product_tag","embeddable":true,"href":"https:\/\/soccercoacheshub.com\/wp-json\/wp\/v2\/product_tag?post=23299"}],"curies":[{"name":"wp","href":"https:\/\/api.w.org\/{rel}","templated":true}]}}