{"id":22700,"date":"2023-04-25T11:48:52","date_gmt":"2023-04-25T09:48:52","guid":{"rendered":"https:\/\/soccercoacheshub.com?post_type=product&#038;p=22700"},"modified":"2023-04-26T08:48:01","modified_gmt":"2023-04-26T06:48:01","slug":"svk-krajny-utocnik-hracska-funkcia-ktorej-dolezitost-si-neuvedomujeme","status":"publish","type":"product","link":"https:\/\/soccercoacheshub.com\/product\/svk-krajny-utocnik-hracska-funkcia-ktorej-dolezitost-si-neuvedomujeme\/","title":{"rendered":"SVK | Krajn\u00fd \u00fato\u010dn\u00edk \u2013 hr\u00e1\u010dska funkcia, ktorej d\u00f4le\u017eitos\u0165 si neuvedomujeme"},"content":{"rendered":"","protected":false},"excerpt":{"rendered":"<p>K\u00fapou tohoto produktu z\u00edskavate pr\u00edstup ku kurzu SVK | Krajn\u00fd \u00fato\u010dn\u00edk \u2013 hr\u00e1\u010dska funkcia, ktorej d\u00f4le\u017eitos\u0165 si neuvedomujeme od Mgr. Petra \u0160tefa\u0148\u00e1ka.<\/p>\n","protected":false},"featured_media":22726,"template":"","meta":{"_acf_changed":false,"_editorskit_title_hidden":false,"_editorskit_reading_time":0,"_editorskit_is_block_options_detached":false,"_editorskit_block_options_position":"{}","_monsterinsights_skip_tracking":false,"_monsterinsights_sitenote_active":false,"_monsterinsights_sitenote_note":"","_monsterinsights_sitenote_category":0},"product_brand":[],"product_cat":[170],"product_tag":[],"class_list":{"0":"post-22700","1":"product","2":"type-product","3":"status-publish","4":"has-post-thumbnail","6":"product_cat-slovak-czech-language","8":"first","9":"instock","10":"virtual","11":"sold-individually","12":"purchasable","13":"product-type-course"},"acf":[],"yoast_head":"<!-- This site is optimized with the Yoast SEO plugin v27.3 - https:\/\/yoast.com\/product\/yoast-seo-wordpress\/ -->\n<title>Soccer Coaches Hub<\/title>\n<meta name=\"robots\" content=\"index, follow, max-snippet:-1, max-image-preview:large, max-video-preview:-1\" \/>\n<link rel=\"canonical\" href=\"https:\/\/soccercoacheshub.com\/product\/svk-krajny-utocnik-hracska-funkcia-ktorej-dolezitost-si-neuvedomujeme\/\" \/>\n<meta property=\"og:locale\" content=\"en_US\" \/>\n<meta property=\"og:type\" content=\"article\" \/>\n<meta property=\"og:title\" content=\"SVK | Krajn\u00fd \u00fato\u010dn\u00edk - hr\u00e1\u010dska funkcia, ktorej d\u00f4le\u017eitos\u0165 si neuvedomujeme - Soccer Coaches Hub\" \/>\n<meta property=\"og:description\" content=\"K\u00fapou tohoto produktu z\u00edskavate pr\u00edstup ku kurzu SVK | Krajn\u00fd \u00fato\u010dn\u00edk - hr\u00e1\u010dska funkcia, ktorej d\u00f4le\u017eitos\u0165 si neuvedomujeme od Mgr. Petra \u0160tefa\u0148\u00e1ka.\" \/>\n<meta property=\"og:url\" content=\"https:\/\/soccercoacheshub.com\/product\/svk-krajny-utocnik-hracska-funkcia-ktorej-dolezitost-si-neuvedomujeme\/\" \/>\n<meta property=\"og:site_name\" content=\"Soccer Coaches Hub\" \/>\n<meta property=\"article:modified_time\" content=\"2023-04-26T06:48:01+00:00\" \/>\n<meta property=\"og:image\" content=\"https:\/\/soccercoacheshub.s3.eu-central-1.amazonaws.com\/sch-content\/uploads\/2023\/04\/09142158\/Krajny-obranca-hracska-funkcia-ktorej-dolezitost-si-neuvedomujeme.jpeg\" \/>\n\t<meta property=\"og:image:width\" content=\"720\" \/>\n\t<meta property=\"og:image:height\" content=\"405\" \/>\n\t<meta property=\"og:image:type\" content=\"image\/jpeg\" \/>\n<meta name=\"twitter:card\" content=\"summary_large_image\" \/>\n<script type=\"application\/ld+json\" class=\"yoast-schema-graph\">{\"@context\":\"https:\\\/\\\/schema.org\",\"@graph\":[{\"@type\":\"WebPage\",\"@id\":\"https:\\\/\\\/soccercoacheshub.com\\\/product\\\/svk-krajny-utocnik-hracska-funkcia-ktorej-dolezitost-si-neuvedomujeme\\\/\",\"url\":\"https:\\\/\\\/soccercoacheshub.com\\\/product\\\/svk-krajny-utocnik-hracska-funkcia-ktorej-dolezitost-si-neuvedomujeme\\\/\",\"name\":\"SVK | Krajn\u00fd \u00fato\u010dn\u00edk - hr\u00e1\u010dska funkcia, ktorej d\u00f4le\u017eitos\u0165 si neuvedomujeme - Soccer Coaches Hub\",\"isPartOf\":{\"@id\":\"https:\\\/\\\/soccercoacheshub.com\\\/#website\"},\"primaryImageOfPage\":{\"@id\":\"https:\\\/\\\/soccercoacheshub.com\\\/product\\\/svk-krajny-utocnik-hracska-funkcia-ktorej-dolezitost-si-neuvedomujeme\\\/#primaryimage\"},\"image\":{\"@id\":\"https:\\\/\\\/soccercoacheshub.com\\\/product\\\/svk-krajny-utocnik-hracska-funkcia-ktorej-dolezitost-si-neuvedomujeme\\\/#primaryimage\"},\"thumbnailUrl\":\"https:\\\/\\\/soccercoacheshub.s3.eu-central-1.amazonaws.com\\\/sch-content\\\/uploads\\\/2023\\\/04\\\/09142158\\\/Krajny-obranca-hracska-funkcia-ktorej-dolezitost-si-neuvedomujeme.jpeg\",\"datePublished\":\"2023-04-25T09:48:52+00:00\",\"dateModified\":\"2023-04-26T06:48:01+00:00\",\"breadcrumb\":{\"@id\":\"https:\\\/\\\/soccercoacheshub.com\\\/product\\\/svk-krajny-utocnik-hracska-funkcia-ktorej-dolezitost-si-neuvedomujeme\\\/#breadcrumb\"},\"inLanguage\":\"en-US\",\"potentialAction\":[{\"@type\":\"ReadAction\",\"target\":[\"https:\\\/\\\/soccercoacheshub.com\\\/product\\\/svk-krajny-utocnik-hracska-funkcia-ktorej-dolezitost-si-neuvedomujeme\\\/\"]}]},{\"@type\":\"ImageObject\",\"inLanguage\":\"en-US\",\"@id\":\"https:\\\/\\\/soccercoacheshub.com\\\/product\\\/svk-krajny-utocnik-hracska-funkcia-ktorej-dolezitost-si-neuvedomujeme\\\/#primaryimage\",\"url\":\"https:\\\/\\\/soccercoacheshub.s3.eu-central-1.amazonaws.com\\\/sch-content\\\/uploads\\\/2023\\\/04\\\/09142158\\\/Krajny-obranca-hracska-funkcia-ktorej-dolezitost-si-neuvedomujeme.jpeg\",\"contentUrl\":\"https:\\\/\\\/soccercoacheshub.s3.eu-central-1.amazonaws.com\\\/sch-content\\\/uploads\\\/2023\\\/04\\\/09142158\\\/Krajny-obranca-hracska-funkcia-ktorej-dolezitost-si-neuvedomujeme.jpeg\",\"width\":720,\"height\":405,\"caption\":\"SVK | KRAJN\u00dd \u00daTO\u010cN\u00cdK - hr\u00e1\u010dska funkcia, ktorej d\u00f4le\u017eitos\u0165 si neuvedomujeme - Mgr. peter \u0160tefa\u0148\u00e1k ml. - SoccerCoachesHub.com\"},{\"@type\":\"BreadcrumbList\",\"@id\":\"https:\\\/\\\/soccercoacheshub.com\\\/product\\\/svk-krajny-utocnik-hracska-funkcia-ktorej-dolezitost-si-neuvedomujeme\\\/#breadcrumb\",\"itemListElement\":[{\"@type\":\"ListItem\",\"position\":1,\"name\":\"Home\",\"item\":\"https:\\\/\\\/soccercoacheshub.com\\\/\"},{\"@type\":\"ListItem\",\"position\":2,\"name\":\"Shop\",\"item\":\"https:\\\/\\\/soccercoacheshub.com\\\/shop\\\/\"},{\"@type\":\"ListItem\",\"position\":3,\"name\":\"SVK | Krajn\u00fd \u00fato\u010dn\u00edk &#8211; hr\u00e1\u010dska funkcia, ktorej d\u00f4le\u017eitos\u0165 si neuvedomujeme\"}]},{\"@type\":\"WebSite\",\"@id\":\"https:\\\/\\\/soccercoacheshub.com\\\/#website\",\"url\":\"https:\\\/\\\/soccercoacheshub.com\\\/\",\"name\":\"Soccer Coaches Hub\",\"description\":\"Soccer Coaches Hub\",\"potentialAction\":[{\"@type\":\"SearchAction\",\"target\":{\"@type\":\"EntryPoint\",\"urlTemplate\":\"https:\\\/\\\/soccercoacheshub.com\\\/?s={search_term_string}\"},\"query-input\":{\"@type\":\"PropertyValueSpecification\",\"valueRequired\":true,\"valueName\":\"search_term_string\"}}],\"inLanguage\":\"en-US\"}]}<\/script>\n<!-- \/ Yoast SEO plugin. -->","yoast_head_json":{"title":"Soccer Coaches Hub","robots":{"index":"index","follow":"follow","max-snippet":"max-snippet:-1","max-image-preview":"max-image-preview:large","max-video-preview":"max-video-preview:-1"},"canonical":"https:\/\/soccercoacheshub.com\/product\/svk-krajny-utocnik-hracska-funkcia-ktorej-dolezitost-si-neuvedomujeme\/","og_locale":"en_US","og_type":"article","og_title":"SVK | Krajn\u00fd \u00fato\u010dn\u00edk - hr\u00e1\u010dska funkcia, ktorej d\u00f4le\u017eitos\u0165 si neuvedomujeme - Soccer Coaches Hub","og_description":"K\u00fapou tohoto produktu z\u00edskavate pr\u00edstup ku kurzu SVK | Krajn\u00fd \u00fato\u010dn\u00edk - hr\u00e1\u010dska funkcia, ktorej d\u00f4le\u017eitos\u0165 si neuvedomujeme od Mgr. Petra \u0160tefa\u0148\u00e1ka.","og_url":"https:\/\/soccercoacheshub.com\/product\/svk-krajny-utocnik-hracska-funkcia-ktorej-dolezitost-si-neuvedomujeme\/","og_site_name":"Soccer Coaches Hub","article_modified_time":"2023-04-26T06:48:01+00:00","og_image":[{"width":720,"height":405,"url":"https:\/\/soccercoacheshub.s3.eu-central-1.amazonaws.com\/sch-content\/uploads\/2023\/04\/09142158\/Krajny-obranca-hracska-funkcia-ktorej-dolezitost-si-neuvedomujeme.jpeg","type":"image\/jpeg"}],"twitter_card":"summary_large_image","schema":{"@context":"https:\/\/schema.org","@graph":[{"@type":"WebPage","@id":"https:\/\/soccercoacheshub.com\/product\/svk-krajny-utocnik-hracska-funkcia-ktorej-dolezitost-si-neuvedomujeme\/","url":"https:\/\/soccercoacheshub.com\/product\/svk-krajny-utocnik-hracska-funkcia-ktorej-dolezitost-si-neuvedomujeme\/","name":"SVK | Krajn\u00fd \u00fato\u010dn\u00edk - hr\u00e1\u010dska funkcia, ktorej d\u00f4le\u017eitos\u0165 si neuvedomujeme - Soccer Coaches Hub","isPartOf":{"@id":"https:\/\/soccercoacheshub.com\/#website"},"primaryImageOfPage":{"@id":"https:\/\/soccercoacheshub.com\/product\/svk-krajny-utocnik-hracska-funkcia-ktorej-dolezitost-si-neuvedomujeme\/#primaryimage"},"image":{"@id":"https:\/\/soccercoacheshub.com\/product\/svk-krajny-utocnik-hracska-funkcia-ktorej-dolezitost-si-neuvedomujeme\/#primaryimage"},"thumbnailUrl":"https:\/\/soccercoacheshub.s3.eu-central-1.amazonaws.com\/sch-content\/uploads\/2023\/04\/09142158\/Krajny-obranca-hracska-funkcia-ktorej-dolezitost-si-neuvedomujeme.jpeg","datePublished":"2023-04-25T09:48:52+00:00","dateModified":"2023-04-26T06:48:01+00:00","breadcrumb":{"@id":"https:\/\/soccercoacheshub.com\/product\/svk-krajny-utocnik-hracska-funkcia-ktorej-dolezitost-si-neuvedomujeme\/#breadcrumb"},"inLanguage":"en-US","potentialAction":[{"@type":"ReadAction","target":["https:\/\/soccercoacheshub.com\/product\/svk-krajny-utocnik-hracska-funkcia-ktorej-dolezitost-si-neuvedomujeme\/"]}]},{"@type":"ImageObject","inLanguage":"en-US","@id":"https:\/\/soccercoacheshub.com\/product\/svk-krajny-utocnik-hracska-funkcia-ktorej-dolezitost-si-neuvedomujeme\/#primaryimage","url":"https:\/\/soccercoacheshub.s3.eu-central-1.amazonaws.com\/sch-content\/uploads\/2023\/04\/09142158\/Krajny-obranca-hracska-funkcia-ktorej-dolezitost-si-neuvedomujeme.jpeg","contentUrl":"https:\/\/soccercoacheshub.s3.eu-central-1.amazonaws.com\/sch-content\/uploads\/2023\/04\/09142158\/Krajny-obranca-hracska-funkcia-ktorej-dolezitost-si-neuvedomujeme.jpeg","width":720,"height":405,"caption":"SVK | KRAJN\u00dd \u00daTO\u010cN\u00cdK - hr\u00e1\u010dska funkcia, ktorej d\u00f4le\u017eitos\u0165 si neuvedomujeme - Mgr. peter \u0160tefa\u0148\u00e1k ml. - SoccerCoachesHub.com"},{"@type":"BreadcrumbList","@id":"https:\/\/soccercoacheshub.com\/product\/svk-krajny-utocnik-hracska-funkcia-ktorej-dolezitost-si-neuvedomujeme\/#breadcrumb","itemListElement":[{"@type":"ListItem","position":1,"name":"Home","item":"https:\/\/soccercoacheshub.com\/"},{"@type":"ListItem","position":2,"name":"Shop","item":"https:\/\/soccercoacheshub.com\/shop\/"},{"@type":"ListItem","position":3,"name":"SVK | Krajn\u00fd \u00fato\u010dn\u00edk &#8211; hr\u00e1\u010dska funkcia, ktorej d\u00f4le\u017eitos\u0165 si neuvedomujeme"}]},{"@type":"WebSite","@id":"https:\/\/soccercoacheshub.com\/#website","url":"https:\/\/soccercoacheshub.com\/","name":"Soccer Coaches Hub","description":"Soccer Coaches Hub","potentialAction":[{"@type":"SearchAction","target":{"@type":"EntryPoint","urlTemplate":"https:\/\/soccercoacheshub.com\/?s={search_term_string}"},"query-input":{"@type":"PropertyValueSpecification","valueRequired":true,"valueName":"search_term_string"}}],"inLanguage":"en-US"}]}},"wpml_current_locale":"en_US","wpml_translations":[],"language":{"code":"en","locale":"","name":"","is_rtl":false},"_links":{"self":[{"href":"https:\/\/soccercoacheshub.com\/wp-json\/wp\/v2\/product\/22700","targetHints":{"allow":["GET"]}}],"collection":[{"href":"https:\/\/soccercoacheshub.com\/wp-json\/wp\/v2\/product"}],"about":[{"href":"https:\/\/soccercoacheshub.com\/wp-json\/wp\/v2\/types\/product"}],"version-history":[{"count":1,"href":"https:\/\/soccercoacheshub.com\/wp-json\/wp\/v2\/product\/22700\/revisions"}],"predecessor-version":[{"id":22701,"href":"https:\/\/soccercoacheshub.com\/wp-json\/wp\/v2\/product\/22700\/revisions\/22701"}],"wp:featuredmedia":[{"embeddable":true,"href":"https:\/\/soccercoacheshub.com\/wp-json\/wp\/v2\/media\/22726"}],"wp:attachment":[{"href":"https:\/\/soccercoacheshub.com\/wp-json\/wp\/v2\/media?parent=22700"}],"wp:term":[{"taxonomy":"product_brand","embeddable":true,"href":"https:\/\/soccercoacheshub.com\/wp-json\/wp\/v2\/product_brand?post=22700"},{"taxonomy":"product_cat","embeddable":true,"href":"https:\/\/soccercoacheshub.com\/wp-json\/wp\/v2\/product_cat?post=22700"},{"taxonomy":"product_tag","embeddable":true,"href":"https:\/\/soccercoacheshub.com\/wp-json\/wp\/v2\/product_tag?post=22700"}],"curies":[{"name":"wp","href":"https:\/\/api.w.org\/{rel}","templated":true}]}}