{"id":22320,"date":"2023-03-04T22:34:00","date_gmt":"2023-03-04T20:34:00","guid":{"rendered":"https:\/\/soccercoacheshub.com?post_type=product&#038;p=22320"},"modified":"2023-03-04T22:36:47","modified_gmt":"2023-03-04T20:36:47","slug":"svk-vyuzitie-pripravnych-hier-v-treningovom-procese","status":"publish","type":"product","link":"https:\/\/soccercoacheshub.com\/product\/svk-vyuzitie-pripravnych-hier-v-treningovom-procese\/","title":{"rendered":"SVK | Vyu\u017eitie pr\u00edpravn\u00fdch hier v tr\u00e9ningovom procese"},"content":{"rendered":"","protected":false},"excerpt":{"rendered":"<p>V\u0161etky inform\u00e1cie o kurze: <a href=\"\/courses\/vyuzitie-pripravnych-hier-v-treningovom-procese\/\">Vyu\u017eitie pr\u00edpravn\u00fdch hier v tr\u00e9ningovom procese<\/a><\/p>\n","protected":false},"featured_media":0,"template":"","meta":{"_acf_changed":false,"_editorskit_title_hidden":false,"_editorskit_reading_time":0,"_editorskit_is_block_options_detached":false,"_editorskit_block_options_position":"{}","_monsterinsights_skip_tracking":false,"_monsterinsights_sitenote_active":false,"_monsterinsights_sitenote_note":"","_monsterinsights_sitenote_category":0},"product_brand":[],"product_cat":[170],"product_tag":[],"class_list":{"0":"post-22320","1":"product","2":"type-product","3":"status-publish","5":"product_cat-slovak-czech-language","7":"first","8":"instock","9":"virtual","10":"sold-individually","11":"purchasable","12":"product-type-course"},"acf":[],"yoast_head":"<!-- This site is optimized with the Yoast SEO plugin v27.3 - https:\/\/yoast.com\/product\/yoast-seo-wordpress\/ -->\n<title>Soccer Coaches Hub<\/title>\n<meta name=\"robots\" content=\"index, follow, max-snippet:-1, max-image-preview:large, max-video-preview:-1\" \/>\n<link rel=\"canonical\" href=\"https:\/\/soccercoacheshub.com\/product\/svk-vyuzitie-pripravnych-hier-v-treningovom-procese\/\" \/>\n<meta property=\"og:locale\" content=\"en_US\" \/>\n<meta property=\"og:type\" content=\"article\" \/>\n<meta property=\"og:title\" content=\"SVK | Vyu\u017eitie pr\u00edpravn\u00fdch hier v tr\u00e9ningovom procese - Soccer Coaches Hub\" \/>\n<meta property=\"og:description\" content=\"V\u0161etky inform\u00e1cie o kurze: Vyu\u017eitie pr\u00edpravn\u00fdch hier v tr\u00e9ningovom procese\" \/>\n<meta property=\"og:url\" content=\"https:\/\/soccercoacheshub.com\/product\/svk-vyuzitie-pripravnych-hier-v-treningovom-procese\/\" \/>\n<meta property=\"og:site_name\" content=\"Soccer Coaches Hub\" \/>\n<meta property=\"article:modified_time\" content=\"2023-03-04T20:36:47+00:00\" \/>\n<meta name=\"twitter:card\" content=\"summary_large_image\" \/>\n<script type=\"application\/ld+json\" class=\"yoast-schema-graph\">{\"@context\":\"https:\\\/\\\/schema.org\",\"@graph\":[{\"@type\":\"WebPage\",\"@id\":\"https:\\\/\\\/soccercoacheshub.com\\\/product\\\/svk-vyuzitie-pripravnych-hier-v-treningovom-procese\\\/\",\"url\":\"https:\\\/\\\/soccercoacheshub.com\\\/product\\\/svk-vyuzitie-pripravnych-hier-v-treningovom-procese\\\/\",\"name\":\"SVK | Vyu\u017eitie pr\u00edpravn\u00fdch hier v tr\u00e9ningovom procese - Soccer Coaches Hub\",\"isPartOf\":{\"@id\":\"https:\\\/\\\/soccercoacheshub.com\\\/#website\"},\"datePublished\":\"2023-03-04T20:34:00+00:00\",\"dateModified\":\"2023-03-04T20:36:47+00:00\",\"breadcrumb\":{\"@id\":\"https:\\\/\\\/soccercoacheshub.com\\\/product\\\/svk-vyuzitie-pripravnych-hier-v-treningovom-procese\\\/#breadcrumb\"},\"inLanguage\":\"en-US\",\"potentialAction\":[{\"@type\":\"ReadAction\",\"target\":[\"https:\\\/\\\/soccercoacheshub.com\\\/product\\\/svk-vyuzitie-pripravnych-hier-v-treningovom-procese\\\/\"]}]},{\"@type\":\"BreadcrumbList\",\"@id\":\"https:\\\/\\\/soccercoacheshub.com\\\/product\\\/svk-vyuzitie-pripravnych-hier-v-treningovom-procese\\\/#breadcrumb\",\"itemListElement\":[{\"@type\":\"ListItem\",\"position\":1,\"name\":\"Home\",\"item\":\"https:\\\/\\\/soccercoacheshub.com\\\/\"},{\"@type\":\"ListItem\",\"position\":2,\"name\":\"Shop\",\"item\":\"https:\\\/\\\/soccercoacheshub.com\\\/shop\\\/\"},{\"@type\":\"ListItem\",\"position\":3,\"name\":\"SVK | Vyu\u017eitie pr\u00edpravn\u00fdch hier v tr\u00e9ningovom procese\"}]},{\"@type\":\"WebSite\",\"@id\":\"https:\\\/\\\/soccercoacheshub.com\\\/#website\",\"url\":\"https:\\\/\\\/soccercoacheshub.com\\\/\",\"name\":\"Soccer Coaches Hub\",\"description\":\"Soccer Coaches Hub\",\"potentialAction\":[{\"@type\":\"SearchAction\",\"target\":{\"@type\":\"EntryPoint\",\"urlTemplate\":\"https:\\\/\\\/soccercoacheshub.com\\\/?s={search_term_string}\"},\"query-input\":{\"@type\":\"PropertyValueSpecification\",\"valueRequired\":true,\"valueName\":\"search_term_string\"}}],\"inLanguage\":\"en-US\"}]}<\/script>\n<!-- \/ Yoast SEO plugin. -->","yoast_head_json":{"title":"Soccer Coaches Hub","robots":{"index":"index","follow":"follow","max-snippet":"max-snippet:-1","max-image-preview":"max-image-preview:large","max-video-preview":"max-video-preview:-1"},"canonical":"https:\/\/soccercoacheshub.com\/product\/svk-vyuzitie-pripravnych-hier-v-treningovom-procese\/","og_locale":"en_US","og_type":"article","og_title":"SVK | Vyu\u017eitie pr\u00edpravn\u00fdch hier v tr\u00e9ningovom procese - Soccer Coaches Hub","og_description":"V\u0161etky inform\u00e1cie o kurze: Vyu\u017eitie pr\u00edpravn\u00fdch hier v tr\u00e9ningovom procese","og_url":"https:\/\/soccercoacheshub.com\/product\/svk-vyuzitie-pripravnych-hier-v-treningovom-procese\/","og_site_name":"Soccer Coaches Hub","article_modified_time":"2023-03-04T20:36:47+00:00","twitter_card":"summary_large_image","schema":{"@context":"https:\/\/schema.org","@graph":[{"@type":"WebPage","@id":"https:\/\/soccercoacheshub.com\/product\/svk-vyuzitie-pripravnych-hier-v-treningovom-procese\/","url":"https:\/\/soccercoacheshub.com\/product\/svk-vyuzitie-pripravnych-hier-v-treningovom-procese\/","name":"SVK | Vyu\u017eitie pr\u00edpravn\u00fdch hier v tr\u00e9ningovom procese - Soccer Coaches Hub","isPartOf":{"@id":"https:\/\/soccercoacheshub.com\/#website"},"datePublished":"2023-03-04T20:34:00+00:00","dateModified":"2023-03-04T20:36:47+00:00","breadcrumb":{"@id":"https:\/\/soccercoacheshub.com\/product\/svk-vyuzitie-pripravnych-hier-v-treningovom-procese\/#breadcrumb"},"inLanguage":"en-US","potentialAction":[{"@type":"ReadAction","target":["https:\/\/soccercoacheshub.com\/product\/svk-vyuzitie-pripravnych-hier-v-treningovom-procese\/"]}]},{"@type":"BreadcrumbList","@id":"https:\/\/soccercoacheshub.com\/product\/svk-vyuzitie-pripravnych-hier-v-treningovom-procese\/#breadcrumb","itemListElement":[{"@type":"ListItem","position":1,"name":"Home","item":"https:\/\/soccercoacheshub.com\/"},{"@type":"ListItem","position":2,"name":"Shop","item":"https:\/\/soccercoacheshub.com\/shop\/"},{"@type":"ListItem","position":3,"name":"SVK | Vyu\u017eitie pr\u00edpravn\u00fdch hier v tr\u00e9ningovom procese"}]},{"@type":"WebSite","@id":"https:\/\/soccercoacheshub.com\/#website","url":"https:\/\/soccercoacheshub.com\/","name":"Soccer Coaches Hub","description":"Soccer Coaches Hub","potentialAction":[{"@type":"SearchAction","target":{"@type":"EntryPoint","urlTemplate":"https:\/\/soccercoacheshub.com\/?s={search_term_string}"},"query-input":{"@type":"PropertyValueSpecification","valueRequired":true,"valueName":"search_term_string"}}],"inLanguage":"en-US"}]}},"wpml_current_locale":"en_US","wpml_translations":[],"language":{"code":"en","locale":"","name":"","is_rtl":false},"_links":{"self":[{"href":"https:\/\/soccercoacheshub.com\/wp-json\/wp\/v2\/product\/22320","targetHints":{"allow":["GET"]}}],"collection":[{"href":"https:\/\/soccercoacheshub.com\/wp-json\/wp\/v2\/product"}],"about":[{"href":"https:\/\/soccercoacheshub.com\/wp-json\/wp\/v2\/types\/product"}],"version-history":[{"count":1,"href":"https:\/\/soccercoacheshub.com\/wp-json\/wp\/v2\/product\/22320\/revisions"}],"predecessor-version":[{"id":22334,"href":"https:\/\/soccercoacheshub.com\/wp-json\/wp\/v2\/product\/22320\/revisions\/22334"}],"wp:attachment":[{"href":"https:\/\/soccercoacheshub.com\/wp-json\/wp\/v2\/media?parent=22320"}],"wp:term":[{"taxonomy":"product_brand","embeddable":true,"href":"https:\/\/soccercoacheshub.com\/wp-json\/wp\/v2\/product_brand?post=22320"},{"taxonomy":"product_cat","embeddable":true,"href":"https:\/\/soccercoacheshub.com\/wp-json\/wp\/v2\/product_cat?post=22320"},{"taxonomy":"product_tag","embeddable":true,"href":"https:\/\/soccercoacheshub.com\/wp-json\/wp\/v2\/product_tag?post=22320"}],"curies":[{"name":"wp","href":"https:\/\/api.w.org\/{rel}","templated":true}]}}