{"id":22186,"date":"2023-02-22T22:05:29","date_gmt":"2023-02-22T20:05:29","guid":{"rendered":"https:\/\/soccercoacheshub.com?post_type=product&#038;p=22186"},"modified":"2023-02-22T22:33:22","modified_gmt":"2023-02-22T20:33:22","slug":"cze-tata-trener-zivy-webinar","status":"publish","type":"product","link":"https:\/\/soccercoacheshub.com\/product\/cze-tata-trener-zivy-webinar\/","title":{"rendered":"CZE | T\u00e1ta tren\u00e9r \u2013 \u017eiv\u00fd webin\u00e1r"},"content":{"rendered":"","protected":false},"excerpt":{"rendered":"<p>\u017div\u00fd webin\u00e1r, v ktorom V\u00e1m Anton\u00edn Plach\u00fd pribl\u00ed\u017ei problematiku na t\u00e9mu T\u00e1ta tren\u00e9r.<\/p>\n","protected":false},"featured_media":22187,"template":"","meta":{"_acf_changed":false,"_editorskit_title_hidden":false,"_editorskit_reading_time":0,"_editorskit_is_block_options_detached":false,"_editorskit_block_options_position":"{}","_monsterinsights_skip_tracking":false,"_monsterinsights_sitenote_active":false,"_monsterinsights_sitenote_note":"","_monsterinsights_sitenote_category":0},"product_brand":[],"product_cat":[170],"product_tag":[],"class_list":{"0":"post-22186","1":"product","2":"type-product","3":"status-publish","4":"has-post-thumbnail","6":"product_cat-slovak-czech-language","8":"first","9":"instock","10":"virtual","11":"sold-individually","12":"purchasable","13":"product-type-course"},"acf":[],"yoast_head":"<!-- This site is optimized with the Yoast SEO plugin v27.3 - https:\/\/yoast.com\/product\/yoast-seo-wordpress\/ -->\n<title>Soccer Coaches Hub<\/title>\n<meta name=\"robots\" content=\"index, follow, max-snippet:-1, max-image-preview:large, max-video-preview:-1\" \/>\n<link rel=\"canonical\" href=\"https:\/\/soccercoacheshub.com\/product\/cze-tata-trener-zivy-webinar\/\" \/>\n<meta property=\"og:locale\" content=\"en_US\" \/>\n<meta property=\"og:type\" content=\"article\" \/>\n<meta property=\"og:title\" content=\"CZE | T\u00e1ta tren\u00e9r - \u017eiv\u00fd webin\u00e1r - Soccer Coaches Hub\" \/>\n<meta property=\"og:description\" content=\"\u017div\u00fd webin\u00e1r, v ktorom V\u00e1m Anton\u00edn Plach\u00fd pribl\u00ed\u017ei problematiku na t\u00e9mu T\u00e1ta tren\u00e9r.\" \/>\n<meta property=\"og:url\" content=\"https:\/\/soccercoacheshub.com\/product\/cze-tata-trener-zivy-webinar\/\" \/>\n<meta property=\"og:site_name\" content=\"Soccer Coaches Hub\" \/>\n<meta property=\"article:modified_time\" content=\"2023-02-22T20:33:22+00:00\" \/>\n<meta property=\"og:image\" content=\"https:\/\/soccercoacheshub.s3.eu-central-1.amazonaws.com\/sch-content\/uploads\/2023\/02\/09142332\/202303-Tata-trener-Antonin-Plachy-2.png\" \/>\n\t<meta property=\"og:image:width\" content=\"1080\" \/>\n\t<meta property=\"og:image:height\" content=\"1080\" \/>\n\t<meta property=\"og:image:type\" content=\"image\/png\" \/>\n<meta name=\"twitter:card\" content=\"summary_large_image\" \/>\n<script type=\"application\/ld+json\" class=\"yoast-schema-graph\">{\"@context\":\"https:\\\/\\\/schema.org\",\"@graph\":[{\"@type\":\"WebPage\",\"@id\":\"https:\\\/\\\/soccercoacheshub.com\\\/product\\\/cze-tata-trener-zivy-webinar\\\/\",\"url\":\"https:\\\/\\\/soccercoacheshub.com\\\/product\\\/cze-tata-trener-zivy-webinar\\\/\",\"name\":\"CZE | T\u00e1ta tren\u00e9r - \u017eiv\u00fd webin\u00e1r - Soccer Coaches Hub\",\"isPartOf\":{\"@id\":\"https:\\\/\\\/soccercoacheshub.com\\\/#website\"},\"primaryImageOfPage\":{\"@id\":\"https:\\\/\\\/soccercoacheshub.com\\\/product\\\/cze-tata-trener-zivy-webinar\\\/#primaryimage\"},\"image\":{\"@id\":\"https:\\\/\\\/soccercoacheshub.com\\\/product\\\/cze-tata-trener-zivy-webinar\\\/#primaryimage\"},\"thumbnailUrl\":\"https:\\\/\\\/soccercoacheshub.s3.eu-central-1.amazonaws.com\\\/sch-content\\\/uploads\\\/2023\\\/02\\\/09142332\\\/202303-Tata-trener-Antonin-Plachy-2.png\",\"datePublished\":\"2023-02-22T20:05:29+00:00\",\"dateModified\":\"2023-02-22T20:33:22+00:00\",\"breadcrumb\":{\"@id\":\"https:\\\/\\\/soccercoacheshub.com\\\/product\\\/cze-tata-trener-zivy-webinar\\\/#breadcrumb\"},\"inLanguage\":\"en-US\",\"potentialAction\":[{\"@type\":\"ReadAction\",\"target\":[\"https:\\\/\\\/soccercoacheshub.com\\\/product\\\/cze-tata-trener-zivy-webinar\\\/\"]}]},{\"@type\":\"ImageObject\",\"inLanguage\":\"en-US\",\"@id\":\"https:\\\/\\\/soccercoacheshub.com\\\/product\\\/cze-tata-trener-zivy-webinar\\\/#primaryimage\",\"url\":\"https:\\\/\\\/soccercoacheshub.s3.eu-central-1.amazonaws.com\\\/sch-content\\\/uploads\\\/2023\\\/02\\\/09142332\\\/202303-Tata-trener-Antonin-Plachy-2.png\",\"contentUrl\":\"https:\\\/\\\/soccercoacheshub.s3.eu-central-1.amazonaws.com\\\/sch-content\\\/uploads\\\/2023\\\/02\\\/09142332\\\/202303-Tata-trener-Antonin-Plachy-2.png\",\"width\":1080,\"height\":1080,\"caption\":\"T\u00e1ta tren\u00e9r - Anton\u00edn Plach\u00fd-SoccerCoachesHub.com\"},{\"@type\":\"BreadcrumbList\",\"@id\":\"https:\\\/\\\/soccercoacheshub.com\\\/product\\\/cze-tata-trener-zivy-webinar\\\/#breadcrumb\",\"itemListElement\":[{\"@type\":\"ListItem\",\"position\":1,\"name\":\"Home\",\"item\":\"https:\\\/\\\/soccercoacheshub.com\\\/\"},{\"@type\":\"ListItem\",\"position\":2,\"name\":\"Shop\",\"item\":\"https:\\\/\\\/soccercoacheshub.com\\\/shop\\\/\"},{\"@type\":\"ListItem\",\"position\":3,\"name\":\"CZE | T\u00e1ta tren\u00e9r &#8211; \u017eiv\u00fd webin\u00e1r\"}]},{\"@type\":\"WebSite\",\"@id\":\"https:\\\/\\\/soccercoacheshub.com\\\/#website\",\"url\":\"https:\\\/\\\/soccercoacheshub.com\\\/\",\"name\":\"Soccer Coaches Hub\",\"description\":\"Soccer Coaches Hub\",\"potentialAction\":[{\"@type\":\"SearchAction\",\"target\":{\"@type\":\"EntryPoint\",\"urlTemplate\":\"https:\\\/\\\/soccercoacheshub.com\\\/?s={search_term_string}\"},\"query-input\":{\"@type\":\"PropertyValueSpecification\",\"valueRequired\":true,\"valueName\":\"search_term_string\"}}],\"inLanguage\":\"en-US\"}]}<\/script>\n<!-- \/ Yoast SEO plugin. -->","yoast_head_json":{"title":"Soccer Coaches Hub","robots":{"index":"index","follow":"follow","max-snippet":"max-snippet:-1","max-image-preview":"max-image-preview:large","max-video-preview":"max-video-preview:-1"},"canonical":"https:\/\/soccercoacheshub.com\/product\/cze-tata-trener-zivy-webinar\/","og_locale":"en_US","og_type":"article","og_title":"CZE | T\u00e1ta tren\u00e9r - \u017eiv\u00fd webin\u00e1r - Soccer Coaches Hub","og_description":"\u017div\u00fd webin\u00e1r, v ktorom V\u00e1m Anton\u00edn Plach\u00fd pribl\u00ed\u017ei problematiku na t\u00e9mu T\u00e1ta tren\u00e9r.","og_url":"https:\/\/soccercoacheshub.com\/product\/cze-tata-trener-zivy-webinar\/","og_site_name":"Soccer Coaches Hub","article_modified_time":"2023-02-22T20:33:22+00:00","og_image":[{"width":1080,"height":1080,"url":"https:\/\/soccercoacheshub.s3.eu-central-1.amazonaws.com\/sch-content\/uploads\/2023\/02\/09142332\/202303-Tata-trener-Antonin-Plachy-2.png","type":"image\/png"}],"twitter_card":"summary_large_image","schema":{"@context":"https:\/\/schema.org","@graph":[{"@type":"WebPage","@id":"https:\/\/soccercoacheshub.com\/product\/cze-tata-trener-zivy-webinar\/","url":"https:\/\/soccercoacheshub.com\/product\/cze-tata-trener-zivy-webinar\/","name":"CZE | T\u00e1ta tren\u00e9r - \u017eiv\u00fd webin\u00e1r - Soccer Coaches Hub","isPartOf":{"@id":"https:\/\/soccercoacheshub.com\/#website"},"primaryImageOfPage":{"@id":"https:\/\/soccercoacheshub.com\/product\/cze-tata-trener-zivy-webinar\/#primaryimage"},"image":{"@id":"https:\/\/soccercoacheshub.com\/product\/cze-tata-trener-zivy-webinar\/#primaryimage"},"thumbnailUrl":"https:\/\/soccercoacheshub.s3.eu-central-1.amazonaws.com\/sch-content\/uploads\/2023\/02\/09142332\/202303-Tata-trener-Antonin-Plachy-2.png","datePublished":"2023-02-22T20:05:29+00:00","dateModified":"2023-02-22T20:33:22+00:00","breadcrumb":{"@id":"https:\/\/soccercoacheshub.com\/product\/cze-tata-trener-zivy-webinar\/#breadcrumb"},"inLanguage":"en-US","potentialAction":[{"@type":"ReadAction","target":["https:\/\/soccercoacheshub.com\/product\/cze-tata-trener-zivy-webinar\/"]}]},{"@type":"ImageObject","inLanguage":"en-US","@id":"https:\/\/soccercoacheshub.com\/product\/cze-tata-trener-zivy-webinar\/#primaryimage","url":"https:\/\/soccercoacheshub.s3.eu-central-1.amazonaws.com\/sch-content\/uploads\/2023\/02\/09142332\/202303-Tata-trener-Antonin-Plachy-2.png","contentUrl":"https:\/\/soccercoacheshub.s3.eu-central-1.amazonaws.com\/sch-content\/uploads\/2023\/02\/09142332\/202303-Tata-trener-Antonin-Plachy-2.png","width":1080,"height":1080,"caption":"T\u00e1ta tren\u00e9r - Anton\u00edn Plach\u00fd-SoccerCoachesHub.com"},{"@type":"BreadcrumbList","@id":"https:\/\/soccercoacheshub.com\/product\/cze-tata-trener-zivy-webinar\/#breadcrumb","itemListElement":[{"@type":"ListItem","position":1,"name":"Home","item":"https:\/\/soccercoacheshub.com\/"},{"@type":"ListItem","position":2,"name":"Shop","item":"https:\/\/soccercoacheshub.com\/shop\/"},{"@type":"ListItem","position":3,"name":"CZE | T\u00e1ta tren\u00e9r &#8211; \u017eiv\u00fd webin\u00e1r"}]},{"@type":"WebSite","@id":"https:\/\/soccercoacheshub.com\/#website","url":"https:\/\/soccercoacheshub.com\/","name":"Soccer Coaches Hub","description":"Soccer Coaches Hub","potentialAction":[{"@type":"SearchAction","target":{"@type":"EntryPoint","urlTemplate":"https:\/\/soccercoacheshub.com\/?s={search_term_string}"},"query-input":{"@type":"PropertyValueSpecification","valueRequired":true,"valueName":"search_term_string"}}],"inLanguage":"en-US"}]}},"wpml_current_locale":"en_US","wpml_translations":[],"language":{"code":"en","locale":"","name":"","is_rtl":false},"_links":{"self":[{"href":"https:\/\/soccercoacheshub.com\/wp-json\/wp\/v2\/product\/22186","targetHints":{"allow":["GET"]}}],"collection":[{"href":"https:\/\/soccercoacheshub.com\/wp-json\/wp\/v2\/product"}],"about":[{"href":"https:\/\/soccercoacheshub.com\/wp-json\/wp\/v2\/types\/product"}],"version-history":[{"count":1,"href":"https:\/\/soccercoacheshub.com\/wp-json\/wp\/v2\/product\/22186\/revisions"}],"predecessor-version":[{"id":22188,"href":"https:\/\/soccercoacheshub.com\/wp-json\/wp\/v2\/product\/22186\/revisions\/22188"}],"wp:featuredmedia":[{"embeddable":true,"href":"https:\/\/soccercoacheshub.com\/wp-json\/wp\/v2\/media\/22187"}],"wp:attachment":[{"href":"https:\/\/soccercoacheshub.com\/wp-json\/wp\/v2\/media?parent=22186"}],"wp:term":[{"taxonomy":"product_brand","embeddable":true,"href":"https:\/\/soccercoacheshub.com\/wp-json\/wp\/v2\/product_brand?post=22186"},{"taxonomy":"product_cat","embeddable":true,"href":"https:\/\/soccercoacheshub.com\/wp-json\/wp\/v2\/product_cat?post=22186"},{"taxonomy":"product_tag","embeddable":true,"href":"https:\/\/soccercoacheshub.com\/wp-json\/wp\/v2\/product_tag?post=22186"}],"curies":[{"name":"wp","href":"https:\/\/api.w.org\/{rel}","templated":true}]}}