{"id":22014,"date":"2023-01-18T14:01:53","date_gmt":"2023-01-18T12:01:53","guid":{"rendered":"https:\/\/soccercoacheshub.com?post_type=product&#038;p=22014"},"modified":"2023-01-18T15:35:15","modified_gmt":"2023-01-18T13:35:15","slug":"svk-porozumenie-principov-spickovej-vykonnosti","status":"publish","type":"product","link":"https:\/\/soccercoacheshub.com\/product\/svk-porozumenie-principov-spickovej-vykonnosti\/","title":{"rendered":"SVK | Porozumenie princ\u00edpov \u0161pi\u010dkovej v\u00fdkonnosti"},"content":{"rendered":"","protected":false},"excerpt":{"rendered":"<p>V\u00a0r\u00e1mci 2 hod. predn\u00e1\u0161ky sa ment\u00e1lny kou\u010d PhDr. Michal Kop\u010dan, CMGC pozrel na viacer\u00e9 aspekty ment\u00e1lnej pr\u00edpravy v\u00a0\u0161porte: od teoretickej roviny, cez praktick\u00e9 uvedomenie a\u017e po konkr\u00e9tne cvi\u010denia.<\/p>\n","protected":false},"featured_media":22024,"template":"","meta":{"_acf_changed":false,"_editorskit_title_hidden":false,"_editorskit_reading_time":0,"_editorskit_is_block_options_detached":false,"_editorskit_block_options_position":"{}","_monsterinsights_skip_tracking":false,"_monsterinsights_sitenote_active":false,"_monsterinsights_sitenote_note":"","_monsterinsights_sitenote_category":0},"product_brand":[],"product_cat":[170],"product_tag":[],"class_list":{"0":"post-22014","1":"product","2":"type-product","3":"status-publish","4":"has-post-thumbnail","6":"product_cat-slovak-czech-language","8":"first","9":"instock","10":"virtual","11":"sold-individually","12":"purchasable","13":"product-type-simple"},"acf":[],"yoast_head":"<!-- This site is optimized with the Yoast SEO plugin v27.3 - https:\/\/yoast.com\/product\/yoast-seo-wordpress\/ -->\n<title>Soccer Coaches Hub<\/title>\n<meta name=\"description\" content=\"V\u00a0r\u00e1mci 2 hod. predn\u00e1\u0161ky sa ment\u00e1lny kou\u010d PhDr. Michal Kop\u010dan, CMGC pozrel na viacer\u00e9 aspekty ment\u00e1lnej pr\u00edpravy v\u00a0\u0161porte: od teoretickej roviny, cez praktick\u00e9 uvedomenie a\u017e po konkr\u00e9tne cvi\u010denia.\" \/>\n<meta name=\"robots\" content=\"index, follow, max-snippet:-1, max-image-preview:large, max-video-preview:-1\" \/>\n<link rel=\"canonical\" href=\"https:\/\/soccercoacheshub.com\/product\/svk-porozumenie-principov-spickovej-vykonnosti\/\" \/>\n<meta property=\"og:locale\" content=\"en_US\" \/>\n<meta property=\"og:type\" content=\"article\" \/>\n<meta property=\"og:title\" content=\"SVK | Porozumenie princ\u00edpov \u0161pi\u010dkovej v\u00fdkonnosti - Soccer Coaches Hub\" \/>\n<meta property=\"og:description\" content=\"V\u00a0r\u00e1mci 2 hod. predn\u00e1\u0161ky sa ment\u00e1lny kou\u010d PhDr. Michal Kop\u010dan, CMGC pozrel na viacer\u00e9 aspekty ment\u00e1lnej pr\u00edpravy v\u00a0\u0161porte: od teoretickej roviny, cez praktick\u00e9 uvedomenie a\u017e po konkr\u00e9tne cvi\u010denia.\" \/>\n<meta property=\"og:url\" content=\"https:\/\/soccercoacheshub.com\/product\/svk-porozumenie-principov-spickovej-vykonnosti\/\" \/>\n<meta property=\"og:site_name\" content=\"Soccer Coaches Hub\" \/>\n<meta property=\"article:modified_time\" content=\"2023-01-18T13:35:15+00:00\" \/>\n<meta property=\"og:image\" content=\"https:\/\/soccercoacheshub.s3.eu-central-1.amazonaws.com\/sch-content\/uploads\/2023\/01\/09142358\/310548665_462214182355406_2343584951042771174_n.jpg\" \/>\n\t<meta property=\"og:image:width\" content=\"1080\" \/>\n\t<meta property=\"og:image:height\" content=\"720\" \/>\n\t<meta property=\"og:image:type\" content=\"image\/jpeg\" \/>\n<meta name=\"twitter:card\" content=\"summary_large_image\" \/>\n<script type=\"application\/ld+json\" class=\"yoast-schema-graph\">{\"@context\":\"https:\\\/\\\/schema.org\",\"@graph\":[{\"@type\":\"WebPage\",\"@id\":\"https:\\\/\\\/soccercoacheshub.com\\\/product\\\/svk-porozumenie-principov-spickovej-vykonnosti\\\/\",\"url\":\"https:\\\/\\\/soccercoacheshub.com\\\/product\\\/svk-porozumenie-principov-spickovej-vykonnosti\\\/\",\"name\":\"SVK | Porozumenie princ\u00edpov \u0161pi\u010dkovej v\u00fdkonnosti - Soccer Coaches Hub\",\"isPartOf\":{\"@id\":\"https:\\\/\\\/soccercoacheshub.com\\\/#website\"},\"primaryImageOfPage\":{\"@id\":\"https:\\\/\\\/soccercoacheshub.com\\\/product\\\/svk-porozumenie-principov-spickovej-vykonnosti\\\/#primaryimage\"},\"image\":{\"@id\":\"https:\\\/\\\/soccercoacheshub.com\\\/product\\\/svk-porozumenie-principov-spickovej-vykonnosti\\\/#primaryimage\"},\"thumbnailUrl\":\"https:\\\/\\\/soccercoacheshub.s3.eu-central-1.amazonaws.com\\\/sch-content\\\/uploads\\\/2023\\\/01\\\/09142358\\\/310548665_462214182355406_2343584951042771174_n.jpg\",\"datePublished\":\"2023-01-18T12:01:53+00:00\",\"dateModified\":\"2023-01-18T13:35:15+00:00\",\"description\":\"V\u00a0r\u00e1mci 2 hod. predn\u00e1\u0161ky sa ment\u00e1lny kou\u010d PhDr. Michal Kop\u010dan, CMGC pozrel na viacer\u00e9 aspekty ment\u00e1lnej pr\u00edpravy v\u00a0\u0161porte: od teoretickej roviny, cez praktick\u00e9 uvedomenie a\u017e po konkr\u00e9tne cvi\u010denia.\",\"breadcrumb\":{\"@id\":\"https:\\\/\\\/soccercoacheshub.com\\\/product\\\/svk-porozumenie-principov-spickovej-vykonnosti\\\/#breadcrumb\"},\"inLanguage\":\"en-US\",\"potentialAction\":[{\"@type\":\"ReadAction\",\"target\":[\"https:\\\/\\\/soccercoacheshub.com\\\/product\\\/svk-porozumenie-principov-spickovej-vykonnosti\\\/\"]}]},{\"@type\":\"ImageObject\",\"inLanguage\":\"en-US\",\"@id\":\"https:\\\/\\\/soccercoacheshub.com\\\/product\\\/svk-porozumenie-principov-spickovej-vykonnosti\\\/#primaryimage\",\"url\":\"https:\\\/\\\/soccercoacheshub.s3.eu-central-1.amazonaws.com\\\/sch-content\\\/uploads\\\/2023\\\/01\\\/09142358\\\/310548665_462214182355406_2343584951042771174_n.jpg\",\"contentUrl\":\"https:\\\/\\\/soccercoacheshub.s3.eu-central-1.amazonaws.com\\\/sch-content\\\/uploads\\\/2023\\\/01\\\/09142358\\\/310548665_462214182355406_2343584951042771174_n.jpg\",\"width\":1080,\"height\":720,\"caption\":\"SVK | Porozumenie princ\u00edpov \u0161pi\u010dkovej v\u00fdkonnosti - Kop\u010dan - SoccerCoachesHub.com\"},{\"@type\":\"BreadcrumbList\",\"@id\":\"https:\\\/\\\/soccercoacheshub.com\\\/product\\\/svk-porozumenie-principov-spickovej-vykonnosti\\\/#breadcrumb\",\"itemListElement\":[{\"@type\":\"ListItem\",\"position\":1,\"name\":\"Home\",\"item\":\"https:\\\/\\\/soccercoacheshub.com\\\/\"},{\"@type\":\"ListItem\",\"position\":2,\"name\":\"Shop\",\"item\":\"https:\\\/\\\/soccercoacheshub.com\\\/shop\\\/\"},{\"@type\":\"ListItem\",\"position\":3,\"name\":\"SVK | Porozumenie princ\u00edpov \u0161pi\u010dkovej v\u00fdkonnosti\"}]},{\"@type\":\"WebSite\",\"@id\":\"https:\\\/\\\/soccercoacheshub.com\\\/#website\",\"url\":\"https:\\\/\\\/soccercoacheshub.com\\\/\",\"name\":\"Soccer Coaches Hub\",\"description\":\"Soccer Coaches Hub\",\"potentialAction\":[{\"@type\":\"SearchAction\",\"target\":{\"@type\":\"EntryPoint\",\"urlTemplate\":\"https:\\\/\\\/soccercoacheshub.com\\\/?s={search_term_string}\"},\"query-input\":{\"@type\":\"PropertyValueSpecification\",\"valueRequired\":true,\"valueName\":\"search_term_string\"}}],\"inLanguage\":\"en-US\"}]}<\/script>\n<!-- \/ Yoast SEO plugin. -->","yoast_head_json":{"title":"Soccer Coaches Hub","description":"V\u00a0r\u00e1mci 2 hod. predn\u00e1\u0161ky sa ment\u00e1lny kou\u010d PhDr. Michal Kop\u010dan, CMGC pozrel na viacer\u00e9 aspekty ment\u00e1lnej pr\u00edpravy v\u00a0\u0161porte: od teoretickej roviny, cez praktick\u00e9 uvedomenie a\u017e po konkr\u00e9tne cvi\u010denia.","robots":{"index":"index","follow":"follow","max-snippet":"max-snippet:-1","max-image-preview":"max-image-preview:large","max-video-preview":"max-video-preview:-1"},"canonical":"https:\/\/soccercoacheshub.com\/product\/svk-porozumenie-principov-spickovej-vykonnosti\/","og_locale":"en_US","og_type":"article","og_title":"SVK | Porozumenie princ\u00edpov \u0161pi\u010dkovej v\u00fdkonnosti - Soccer Coaches Hub","og_description":"V\u00a0r\u00e1mci 2 hod. predn\u00e1\u0161ky sa ment\u00e1lny kou\u010d PhDr. Michal Kop\u010dan, CMGC pozrel na viacer\u00e9 aspekty ment\u00e1lnej pr\u00edpravy v\u00a0\u0161porte: od teoretickej roviny, cez praktick\u00e9 uvedomenie a\u017e po konkr\u00e9tne cvi\u010denia.","og_url":"https:\/\/soccercoacheshub.com\/product\/svk-porozumenie-principov-spickovej-vykonnosti\/","og_site_name":"Soccer Coaches Hub","article_modified_time":"2023-01-18T13:35:15+00:00","og_image":[{"width":1080,"height":720,"url":"https:\/\/soccercoacheshub.s3.eu-central-1.amazonaws.com\/sch-content\/uploads\/2023\/01\/09142358\/310548665_462214182355406_2343584951042771174_n.jpg","type":"image\/jpeg"}],"twitter_card":"summary_large_image","schema":{"@context":"https:\/\/schema.org","@graph":[{"@type":"WebPage","@id":"https:\/\/soccercoacheshub.com\/product\/svk-porozumenie-principov-spickovej-vykonnosti\/","url":"https:\/\/soccercoacheshub.com\/product\/svk-porozumenie-principov-spickovej-vykonnosti\/","name":"SVK | Porozumenie princ\u00edpov \u0161pi\u010dkovej v\u00fdkonnosti - Soccer Coaches Hub","isPartOf":{"@id":"https:\/\/soccercoacheshub.com\/#website"},"primaryImageOfPage":{"@id":"https:\/\/soccercoacheshub.com\/product\/svk-porozumenie-principov-spickovej-vykonnosti\/#primaryimage"},"image":{"@id":"https:\/\/soccercoacheshub.com\/product\/svk-porozumenie-principov-spickovej-vykonnosti\/#primaryimage"},"thumbnailUrl":"https:\/\/soccercoacheshub.s3.eu-central-1.amazonaws.com\/sch-content\/uploads\/2023\/01\/09142358\/310548665_462214182355406_2343584951042771174_n.jpg","datePublished":"2023-01-18T12:01:53+00:00","dateModified":"2023-01-18T13:35:15+00:00","description":"V\u00a0r\u00e1mci 2 hod. predn\u00e1\u0161ky sa ment\u00e1lny kou\u010d PhDr. Michal Kop\u010dan, CMGC pozrel na viacer\u00e9 aspekty ment\u00e1lnej pr\u00edpravy v\u00a0\u0161porte: od teoretickej roviny, cez praktick\u00e9 uvedomenie a\u017e po konkr\u00e9tne cvi\u010denia.","breadcrumb":{"@id":"https:\/\/soccercoacheshub.com\/product\/svk-porozumenie-principov-spickovej-vykonnosti\/#breadcrumb"},"inLanguage":"en-US","potentialAction":[{"@type":"ReadAction","target":["https:\/\/soccercoacheshub.com\/product\/svk-porozumenie-principov-spickovej-vykonnosti\/"]}]},{"@type":"ImageObject","inLanguage":"en-US","@id":"https:\/\/soccercoacheshub.com\/product\/svk-porozumenie-principov-spickovej-vykonnosti\/#primaryimage","url":"https:\/\/soccercoacheshub.s3.eu-central-1.amazonaws.com\/sch-content\/uploads\/2023\/01\/09142358\/310548665_462214182355406_2343584951042771174_n.jpg","contentUrl":"https:\/\/soccercoacheshub.s3.eu-central-1.amazonaws.com\/sch-content\/uploads\/2023\/01\/09142358\/310548665_462214182355406_2343584951042771174_n.jpg","width":1080,"height":720,"caption":"SVK | Porozumenie princ\u00edpov \u0161pi\u010dkovej v\u00fdkonnosti - Kop\u010dan - SoccerCoachesHub.com"},{"@type":"BreadcrumbList","@id":"https:\/\/soccercoacheshub.com\/product\/svk-porozumenie-principov-spickovej-vykonnosti\/#breadcrumb","itemListElement":[{"@type":"ListItem","position":1,"name":"Home","item":"https:\/\/soccercoacheshub.com\/"},{"@type":"ListItem","position":2,"name":"Shop","item":"https:\/\/soccercoacheshub.com\/shop\/"},{"@type":"ListItem","position":3,"name":"SVK | Porozumenie princ\u00edpov \u0161pi\u010dkovej v\u00fdkonnosti"}]},{"@type":"WebSite","@id":"https:\/\/soccercoacheshub.com\/#website","url":"https:\/\/soccercoacheshub.com\/","name":"Soccer Coaches Hub","description":"Soccer Coaches Hub","potentialAction":[{"@type":"SearchAction","target":{"@type":"EntryPoint","urlTemplate":"https:\/\/soccercoacheshub.com\/?s={search_term_string}"},"query-input":{"@type":"PropertyValueSpecification","valueRequired":true,"valueName":"search_term_string"}}],"inLanguage":"en-US"}]}},"wpml_current_locale":"en_US","wpml_translations":[],"language":{"code":"en","locale":"","name":"","is_rtl":false},"_links":{"self":[{"href":"https:\/\/soccercoacheshub.com\/wp-json\/wp\/v2\/product\/22014","targetHints":{"allow":["GET"]}}],"collection":[{"href":"https:\/\/soccercoacheshub.com\/wp-json\/wp\/v2\/product"}],"about":[{"href":"https:\/\/soccercoacheshub.com\/wp-json\/wp\/v2\/types\/product"}],"version-history":[{"count":1,"href":"https:\/\/soccercoacheshub.com\/wp-json\/wp\/v2\/product\/22014\/revisions"}],"predecessor-version":[{"id":22017,"href":"https:\/\/soccercoacheshub.com\/wp-json\/wp\/v2\/product\/22014\/revisions\/22017"}],"wp:featuredmedia":[{"embeddable":true,"href":"https:\/\/soccercoacheshub.com\/wp-json\/wp\/v2\/media\/22024"}],"wp:attachment":[{"href":"https:\/\/soccercoacheshub.com\/wp-json\/wp\/v2\/media?parent=22014"}],"wp:term":[{"taxonomy":"product_brand","embeddable":true,"href":"https:\/\/soccercoacheshub.com\/wp-json\/wp\/v2\/product_brand?post=22014"},{"taxonomy":"product_cat","embeddable":true,"href":"https:\/\/soccercoacheshub.com\/wp-json\/wp\/v2\/product_cat?post=22014"},{"taxonomy":"product_tag","embeddable":true,"href":"https:\/\/soccercoacheshub.com\/wp-json\/wp\/v2\/product_tag?post=22014"}],"curies":[{"name":"wp","href":"https:\/\/api.w.org\/{rel}","templated":true}]}}