{"id":21996,"date":"2022-12-14T16:19:43","date_gmt":"2022-12-14T14:19:43","guid":{"rendered":"https:\/\/soccercoacheshub.com?post_type=product&#038;p=21996"},"modified":"2022-12-14T16:19:43","modified_gmt":"2022-12-14T14:19:43","slug":"svk-individualny-treningovy-plan-na-doma-pre-futbal-vzor-z-realnej-praxe","status":"publish","type":"product","link":"https:\/\/soccercoacheshub.com\/product\/svk-individualny-treningovy-plan-na-doma-pre-futbal-vzor-z-realnej-praxe\/","title":{"rendered":"SVK | Individu\u00e1lny tr\u00e9ningov\u00fd pl\u00e1n na doma pre futbal \u2013 vzor z re\u00e1lnej praxe"},"content":{"rendered":"","protected":false},"excerpt":{"rendered":"<p>Individu\u00e1lny tr\u00e9ningov\u00fd pl\u00e1n na doma pre futbal \u2013 vzor z re\u00e1lnej praxe<\/p>\n","protected":false},"featured_media":0,"template":"","meta":{"_acf_changed":false,"_editorskit_title_hidden":false,"_editorskit_reading_time":0,"_editorskit_is_block_options_detached":false,"_editorskit_block_options_position":"{}","_monsterinsights_skip_tracking":false,"_monsterinsights_sitenote_active":false,"_monsterinsights_sitenote_note":"","_monsterinsights_sitenote_category":0},"product_brand":[],"product_cat":[170],"product_tag":[],"class_list":{"0":"post-21996","1":"product","2":"type-product","3":"status-publish","5":"product_cat-slovak-czech-language","7":"first","8":"instock","9":"sale","10":"downloadable","11":"virtual","12":"sold-individually","13":"purchasable","14":"product-type-simple"},"acf":[],"yoast_head":"<!-- This site is optimized with the Yoast SEO plugin v27.3 - https:\/\/yoast.com\/product\/yoast-seo-wordpress\/ -->\n<title>Soccer Coaches Hub<\/title>\n<meta name=\"description\" content=\"Individu\u00e1lny tr\u00e9ningov\u00fd pl\u00e1n na doma pre futbal - vzor z re\u00e1lnej praxe\" \/>\n<meta name=\"robots\" content=\"index, follow, max-snippet:-1, max-image-preview:large, max-video-preview:-1\" \/>\n<link rel=\"canonical\" href=\"https:\/\/soccercoacheshub.com\/product\/svk-individualny-treningovy-plan-na-doma-pre-futbal-vzor-z-realnej-praxe\/\" \/>\n<meta property=\"og:locale\" content=\"en_US\" \/>\n<meta property=\"og:type\" content=\"article\" \/>\n<meta property=\"og:title\" content=\"SVK | Individu\u00e1lny tr\u00e9ningov\u00fd pl\u00e1n na doma pre futbal - vzor z re\u00e1lnej praxe - Soccer Coaches Hub\" \/>\n<meta property=\"og:description\" content=\"Individu\u00e1lny tr\u00e9ningov\u00fd pl\u00e1n na doma pre futbal - vzor z re\u00e1lnej praxe\" \/>\n<meta property=\"og:url\" content=\"https:\/\/soccercoacheshub.com\/product\/svk-individualny-treningovy-plan-na-doma-pre-futbal-vzor-z-realnej-praxe\/\" \/>\n<meta property=\"og:site_name\" content=\"Soccer Coaches Hub\" \/>\n<meta name=\"twitter:card\" content=\"summary_large_image\" \/>\n<script type=\"application\/ld+json\" class=\"yoast-schema-graph\">{\"@context\":\"https:\\\/\\\/schema.org\",\"@graph\":[{\"@type\":\"WebPage\",\"@id\":\"https:\\\/\\\/soccercoacheshub.com\\\/product\\\/svk-individualny-treningovy-plan-na-doma-pre-futbal-vzor-z-realnej-praxe\\\/\",\"url\":\"https:\\\/\\\/soccercoacheshub.com\\\/product\\\/svk-individualny-treningovy-plan-na-doma-pre-futbal-vzor-z-realnej-praxe\\\/\",\"name\":\"SVK | Individu\u00e1lny tr\u00e9ningov\u00fd pl\u00e1n na doma pre futbal - vzor z re\u00e1lnej praxe - Soccer Coaches Hub\",\"isPartOf\":{\"@id\":\"https:\\\/\\\/soccercoacheshub.com\\\/#website\"},\"datePublished\":\"2022-12-14T14:19:43+00:00\",\"description\":\"Individu\u00e1lny tr\u00e9ningov\u00fd pl\u00e1n na doma pre futbal - vzor z re\u00e1lnej praxe\",\"breadcrumb\":{\"@id\":\"https:\\\/\\\/soccercoacheshub.com\\\/product\\\/svk-individualny-treningovy-plan-na-doma-pre-futbal-vzor-z-realnej-praxe\\\/#breadcrumb\"},\"inLanguage\":\"en-US\",\"potentialAction\":[{\"@type\":\"ReadAction\",\"target\":[\"https:\\\/\\\/soccercoacheshub.com\\\/product\\\/svk-individualny-treningovy-plan-na-doma-pre-futbal-vzor-z-realnej-praxe\\\/\"]}]},{\"@type\":\"BreadcrumbList\",\"@id\":\"https:\\\/\\\/soccercoacheshub.com\\\/product\\\/svk-individualny-treningovy-plan-na-doma-pre-futbal-vzor-z-realnej-praxe\\\/#breadcrumb\",\"itemListElement\":[{\"@type\":\"ListItem\",\"position\":1,\"name\":\"Home\",\"item\":\"https:\\\/\\\/soccercoacheshub.com\\\/\"},{\"@type\":\"ListItem\",\"position\":2,\"name\":\"Shop\",\"item\":\"https:\\\/\\\/soccercoacheshub.com\\\/shop\\\/\"},{\"@type\":\"ListItem\",\"position\":3,\"name\":\"SVK | Individu\u00e1lny tr\u00e9ningov\u00fd pl\u00e1n na doma pre futbal &#8211; vzor z re\u00e1lnej praxe\"}]},{\"@type\":\"WebSite\",\"@id\":\"https:\\\/\\\/soccercoacheshub.com\\\/#website\",\"url\":\"https:\\\/\\\/soccercoacheshub.com\\\/\",\"name\":\"Soccer Coaches Hub\",\"description\":\"Soccer Coaches Hub\",\"potentialAction\":[{\"@type\":\"SearchAction\",\"target\":{\"@type\":\"EntryPoint\",\"urlTemplate\":\"https:\\\/\\\/soccercoacheshub.com\\\/?s={search_term_string}\"},\"query-input\":{\"@type\":\"PropertyValueSpecification\",\"valueRequired\":true,\"valueName\":\"search_term_string\"}}],\"inLanguage\":\"en-US\"}]}<\/script>\n<!-- \/ Yoast SEO plugin. -->","yoast_head_json":{"title":"Soccer Coaches Hub","description":"Individu\u00e1lny tr\u00e9ningov\u00fd pl\u00e1n na doma pre futbal - vzor z re\u00e1lnej praxe","robots":{"index":"index","follow":"follow","max-snippet":"max-snippet:-1","max-image-preview":"max-image-preview:large","max-video-preview":"max-video-preview:-1"},"canonical":"https:\/\/soccercoacheshub.com\/product\/svk-individualny-treningovy-plan-na-doma-pre-futbal-vzor-z-realnej-praxe\/","og_locale":"en_US","og_type":"article","og_title":"SVK | Individu\u00e1lny tr\u00e9ningov\u00fd pl\u00e1n na doma pre futbal - vzor z re\u00e1lnej praxe - Soccer Coaches Hub","og_description":"Individu\u00e1lny tr\u00e9ningov\u00fd pl\u00e1n na doma pre futbal - vzor z re\u00e1lnej praxe","og_url":"https:\/\/soccercoacheshub.com\/product\/svk-individualny-treningovy-plan-na-doma-pre-futbal-vzor-z-realnej-praxe\/","og_site_name":"Soccer Coaches Hub","twitter_card":"summary_large_image","schema":{"@context":"https:\/\/schema.org","@graph":[{"@type":"WebPage","@id":"https:\/\/soccercoacheshub.com\/product\/svk-individualny-treningovy-plan-na-doma-pre-futbal-vzor-z-realnej-praxe\/","url":"https:\/\/soccercoacheshub.com\/product\/svk-individualny-treningovy-plan-na-doma-pre-futbal-vzor-z-realnej-praxe\/","name":"SVK | Individu\u00e1lny tr\u00e9ningov\u00fd pl\u00e1n na doma pre futbal - vzor z re\u00e1lnej praxe - Soccer Coaches Hub","isPartOf":{"@id":"https:\/\/soccercoacheshub.com\/#website"},"datePublished":"2022-12-14T14:19:43+00:00","description":"Individu\u00e1lny tr\u00e9ningov\u00fd pl\u00e1n na doma pre futbal - vzor z re\u00e1lnej praxe","breadcrumb":{"@id":"https:\/\/soccercoacheshub.com\/product\/svk-individualny-treningovy-plan-na-doma-pre-futbal-vzor-z-realnej-praxe\/#breadcrumb"},"inLanguage":"en-US","potentialAction":[{"@type":"ReadAction","target":["https:\/\/soccercoacheshub.com\/product\/svk-individualny-treningovy-plan-na-doma-pre-futbal-vzor-z-realnej-praxe\/"]}]},{"@type":"BreadcrumbList","@id":"https:\/\/soccercoacheshub.com\/product\/svk-individualny-treningovy-plan-na-doma-pre-futbal-vzor-z-realnej-praxe\/#breadcrumb","itemListElement":[{"@type":"ListItem","position":1,"name":"Home","item":"https:\/\/soccercoacheshub.com\/"},{"@type":"ListItem","position":2,"name":"Shop","item":"https:\/\/soccercoacheshub.com\/shop\/"},{"@type":"ListItem","position":3,"name":"SVK | Individu\u00e1lny tr\u00e9ningov\u00fd pl\u00e1n na doma pre futbal &#8211; vzor z re\u00e1lnej praxe"}]},{"@type":"WebSite","@id":"https:\/\/soccercoacheshub.com\/#website","url":"https:\/\/soccercoacheshub.com\/","name":"Soccer Coaches Hub","description":"Soccer Coaches Hub","potentialAction":[{"@type":"SearchAction","target":{"@type":"EntryPoint","urlTemplate":"https:\/\/soccercoacheshub.com\/?s={search_term_string}"},"query-input":{"@type":"PropertyValueSpecification","valueRequired":true,"valueName":"search_term_string"}}],"inLanguage":"en-US"}]}},"wpml_current_locale":"en_US","wpml_translations":[],"language":{"code":"en","locale":"","name":"","is_rtl":false},"_links":{"self":[{"href":"https:\/\/soccercoacheshub.com\/wp-json\/wp\/v2\/product\/21996","targetHints":{"allow":["GET"]}}],"collection":[{"href":"https:\/\/soccercoacheshub.com\/wp-json\/wp\/v2\/product"}],"about":[{"href":"https:\/\/soccercoacheshub.com\/wp-json\/wp\/v2\/types\/product"}],"version-history":[{"count":1,"href":"https:\/\/soccercoacheshub.com\/wp-json\/wp\/v2\/product\/21996\/revisions"}],"predecessor-version":[{"id":21998,"href":"https:\/\/soccercoacheshub.com\/wp-json\/wp\/v2\/product\/21996\/revisions\/21998"}],"wp:attachment":[{"href":"https:\/\/soccercoacheshub.com\/wp-json\/wp\/v2\/media?parent=21996"}],"wp:term":[{"taxonomy":"product_brand","embeddable":true,"href":"https:\/\/soccercoacheshub.com\/wp-json\/wp\/v2\/product_brand?post=21996"},{"taxonomy":"product_cat","embeddable":true,"href":"https:\/\/soccercoacheshub.com\/wp-json\/wp\/v2\/product_cat?post=21996"},{"taxonomy":"product_tag","embeddable":true,"href":"https:\/\/soccercoacheshub.com\/wp-json\/wp\/v2\/product_tag?post=21996"}],"curies":[{"name":"wp","href":"https:\/\/api.w.org\/{rel}","templated":true}]}}