{"id":21723,"date":"2022-11-24T14:03:18","date_gmt":"2022-11-24T12:03:18","guid":{"rendered":"https:\/\/soccercoacheshub.com?post_type=product&#038;p=21723"},"modified":"2022-12-14T15:20:56","modified_gmt":"2022-12-14T13:20:56","slug":"svk-aplikacia-vysokorychlostnych-behov-do-futbaloveho-treningu","status":"publish","type":"product","link":"https:\/\/soccercoacheshub.com\/product\/svk-aplikacia-vysokorychlostnych-behov-do-futbaloveho-treningu\/","title":{"rendered":"SVK | Aplik\u00e1cia vysokor\u00fdchlostn\u00fdch behov do futbalov\u00e9ho tr\u00e9ningu"},"content":{"rendered":"","protected":false},"excerpt":{"rendered":"<p>V\u00a0tomto kurze v\u00e1s futbalov\u00fd fitnes tr\u00e9ner Mgr. Milan Ivanka obozn\u00e1mi s\u00a0kondi\u010dn\u00fdm tr\u00e9ningom zameran\u00fdm na rozvoj hlavne r\u00fdchlostnej vytrvalosti formou HSR tj. BEHY VO VYSOKEJ INTENZITE. Tento kurz plynulo nadv\u00e4zuje na kurz \u010d.1 so zameran\u00edm na efekt\u00edvny tr\u00e9ning futbalovej vytrvalosti formou met\u00f3dy MAS.<\/p>\n<p>Viac o tomto kurze sa dozviete tu: <a href=\"https:\/\/soccercoacheshub.com?post_type=sfwd-courses&p=21708\">SVK | Aplik\u00e1cia vysokor\u00fdchlostn\u00fdch behov do futbalov\u00e9ho tr\u00e9ningu<\/a>.<\/p>\n","protected":false},"featured_media":21803,"template":"","meta":{"_acf_changed":false,"_editorskit_title_hidden":false,"_editorskit_reading_time":0,"_editorskit_is_block_options_detached":false,"_editorskit_block_options_position":"{}","_monsterinsights_skip_tracking":false,"_monsterinsights_sitenote_active":false,"_monsterinsights_sitenote_note":"","_monsterinsights_sitenote_category":0},"product_brand":[],"product_cat":[170],"product_tag":[],"class_list":{"0":"post-21723","1":"product","2":"type-product","3":"status-publish","4":"has-post-thumbnail","6":"product_cat-slovak-czech-language","8":"first","9":"instock","10":"shipping-taxable","11":"purchasable","12":"product-type-simple"},"acf":[],"yoast_head":"<!-- This site is optimized with the Yoast SEO plugin v27.3 - https:\/\/yoast.com\/product\/yoast-seo-wordpress\/ -->\n<title>Soccer Coaches Hub<\/title>\n<meta name=\"robots\" content=\"index, follow, max-snippet:-1, max-image-preview:large, max-video-preview:-1\" \/>\n<link rel=\"canonical\" href=\"https:\/\/soccercoacheshub.com\/product\/svk-aplikacia-vysokorychlostnych-behov-do-futbaloveho-treningu\/\" \/>\n<meta property=\"og:locale\" content=\"en_US\" \/>\n<meta property=\"og:type\" content=\"article\" \/>\n<meta property=\"og:title\" content=\"SVK | Aplik\u00e1cia vysokor\u00fdchlostn\u00fdch behov do futbalov\u00e9ho tr\u00e9ningu - Soccer Coaches Hub\" \/>\n<meta property=\"og:description\" content=\"V\u00a0tomto kurze v\u00e1s futbalov\u00fd fitnes tr\u00e9ner Mgr. Milan Ivanka obozn\u00e1mi s\u00a0kondi\u010dn\u00fdm tr\u00e9ningom zameran\u00fdm na rozvoj hlavne r\u00fdchlostnej vytrvalosti formou HSR tj. BEHY VO VYSOKEJ INTENZITE. Tento kurz plynulo nadv\u00e4zuje na kurz \u010d.1 so zameran\u00edm na efekt\u00edvny tr\u00e9ning futbalovej vytrvalosti formou met\u00f3dy MAS.  Viac o tomto kurze sa dozviete tu: SVK | Aplik\u00e1cia vysokor\u00fdchlostn\u00fdch behov do futbalov\u00e9ho tr\u00e9ningu.\" \/>\n<meta property=\"og:url\" content=\"https:\/\/soccercoacheshub.com\/product\/svk-aplikacia-vysokorychlostnych-behov-do-futbaloveho-treningu\/\" \/>\n<meta property=\"og:site_name\" content=\"Soccer Coaches Hub\" \/>\n<meta property=\"article:modified_time\" content=\"2022-12-14T13:20:56+00:00\" \/>\n<meta property=\"og:image\" content=\"https:\/\/soccercoacheshub.s3.eu-central-1.amazonaws.com\/sch-content\/uploads\/2022\/11\/09142445\/Fitness-coach-M.I..jpg\" \/>\n\t<meta property=\"og:image:width\" content=\"876\" \/>\n\t<meta property=\"og:image:height\" content=\"979\" \/>\n\t<meta property=\"og:image:type\" content=\"image\/jpeg\" \/>\n<meta name=\"twitter:card\" content=\"summary_large_image\" \/>\n<script type=\"application\/ld+json\" class=\"yoast-schema-graph\">{\"@context\":\"https:\\\/\\\/schema.org\",\"@graph\":[{\"@type\":\"WebPage\",\"@id\":\"https:\\\/\\\/soccercoacheshub.com\\\/product\\\/svk-aplikacia-vysokorychlostnych-behov-do-futbaloveho-treningu\\\/\",\"url\":\"https:\\\/\\\/soccercoacheshub.com\\\/product\\\/svk-aplikacia-vysokorychlostnych-behov-do-futbaloveho-treningu\\\/\",\"name\":\"SVK | Aplik\u00e1cia vysokor\u00fdchlostn\u00fdch behov do futbalov\u00e9ho tr\u00e9ningu - Soccer Coaches Hub\",\"isPartOf\":{\"@id\":\"https:\\\/\\\/soccercoacheshub.com\\\/#website\"},\"primaryImageOfPage\":{\"@id\":\"https:\\\/\\\/soccercoacheshub.com\\\/product\\\/svk-aplikacia-vysokorychlostnych-behov-do-futbaloveho-treningu\\\/#primaryimage\"},\"image\":{\"@id\":\"https:\\\/\\\/soccercoacheshub.com\\\/product\\\/svk-aplikacia-vysokorychlostnych-behov-do-futbaloveho-treningu\\\/#primaryimage\"},\"thumbnailUrl\":\"https:\\\/\\\/soccercoacheshub.s3.eu-central-1.amazonaws.com\\\/sch-content\\\/uploads\\\/2022\\\/11\\\/09142445\\\/Fitness-coach-M.I..jpg\",\"datePublished\":\"2022-11-24T12:03:18+00:00\",\"dateModified\":\"2022-12-14T13:20:56+00:00\",\"breadcrumb\":{\"@id\":\"https:\\\/\\\/soccercoacheshub.com\\\/product\\\/svk-aplikacia-vysokorychlostnych-behov-do-futbaloveho-treningu\\\/#breadcrumb\"},\"inLanguage\":\"en-US\",\"potentialAction\":[{\"@type\":\"ReadAction\",\"target\":[\"https:\\\/\\\/soccercoacheshub.com\\\/product\\\/svk-aplikacia-vysokorychlostnych-behov-do-futbaloveho-treningu\\\/\"]}]},{\"@type\":\"ImageObject\",\"inLanguage\":\"en-US\",\"@id\":\"https:\\\/\\\/soccercoacheshub.com\\\/product\\\/svk-aplikacia-vysokorychlostnych-behov-do-futbaloveho-treningu\\\/#primaryimage\",\"url\":\"https:\\\/\\\/soccercoacheshub.s3.eu-central-1.amazonaws.com\\\/sch-content\\\/uploads\\\/2022\\\/11\\\/09142445\\\/Fitness-coach-M.I..jpg\",\"contentUrl\":\"https:\\\/\\\/soccercoacheshub.s3.eu-central-1.amazonaws.com\\\/sch-content\\\/uploads\\\/2022\\\/11\\\/09142445\\\/Fitness-coach-M.I..jpg\",\"width\":876,\"height\":979,\"caption\":\"SVK | Aplik\u00e1cia vysokor\u00fdchlostn\u00fdch behov do futbalov\u00e9ho tr\u00e9ningu - Mgr. Milan Ivanka - SoccerCoachesHub\"},{\"@type\":\"BreadcrumbList\",\"@id\":\"https:\\\/\\\/soccercoacheshub.com\\\/product\\\/svk-aplikacia-vysokorychlostnych-behov-do-futbaloveho-treningu\\\/#breadcrumb\",\"itemListElement\":[{\"@type\":\"ListItem\",\"position\":1,\"name\":\"Home\",\"item\":\"https:\\\/\\\/soccercoacheshub.com\\\/\"},{\"@type\":\"ListItem\",\"position\":2,\"name\":\"Shop\",\"item\":\"https:\\\/\\\/soccercoacheshub.com\\\/shop\\\/\"},{\"@type\":\"ListItem\",\"position\":3,\"name\":\"SVK | Aplik\u00e1cia vysokor\u00fdchlostn\u00fdch behov do futbalov\u00e9ho tr\u00e9ningu\"}]},{\"@type\":\"WebSite\",\"@id\":\"https:\\\/\\\/soccercoacheshub.com\\\/#website\",\"url\":\"https:\\\/\\\/soccercoacheshub.com\\\/\",\"name\":\"Soccer Coaches Hub\",\"description\":\"Soccer Coaches Hub\",\"potentialAction\":[{\"@type\":\"SearchAction\",\"target\":{\"@type\":\"EntryPoint\",\"urlTemplate\":\"https:\\\/\\\/soccercoacheshub.com\\\/?s={search_term_string}\"},\"query-input\":{\"@type\":\"PropertyValueSpecification\",\"valueRequired\":true,\"valueName\":\"search_term_string\"}}],\"inLanguage\":\"en-US\"}]}<\/script>\n<!-- \/ Yoast SEO plugin. -->","yoast_head_json":{"title":"Soccer Coaches Hub","robots":{"index":"index","follow":"follow","max-snippet":"max-snippet:-1","max-image-preview":"max-image-preview:large","max-video-preview":"max-video-preview:-1"},"canonical":"https:\/\/soccercoacheshub.com\/product\/svk-aplikacia-vysokorychlostnych-behov-do-futbaloveho-treningu\/","og_locale":"en_US","og_type":"article","og_title":"SVK | Aplik\u00e1cia vysokor\u00fdchlostn\u00fdch behov do futbalov\u00e9ho tr\u00e9ningu - Soccer Coaches Hub","og_description":"V\u00a0tomto kurze v\u00e1s futbalov\u00fd fitnes tr\u00e9ner Mgr. Milan Ivanka obozn\u00e1mi s\u00a0kondi\u010dn\u00fdm tr\u00e9ningom zameran\u00fdm na rozvoj hlavne r\u00fdchlostnej vytrvalosti formou HSR tj. BEHY VO VYSOKEJ INTENZITE. Tento kurz plynulo nadv\u00e4zuje na kurz \u010d.1 so zameran\u00edm na efekt\u00edvny tr\u00e9ning futbalovej vytrvalosti formou met\u00f3dy MAS.  Viac o tomto kurze sa dozviete tu: SVK | Aplik\u00e1cia vysokor\u00fdchlostn\u00fdch behov do futbalov\u00e9ho tr\u00e9ningu.","og_url":"https:\/\/soccercoacheshub.com\/product\/svk-aplikacia-vysokorychlostnych-behov-do-futbaloveho-treningu\/","og_site_name":"Soccer Coaches Hub","article_modified_time":"2022-12-14T13:20:56+00:00","og_image":[{"width":876,"height":979,"url":"https:\/\/soccercoacheshub.s3.eu-central-1.amazonaws.com\/sch-content\/uploads\/2022\/11\/09142445\/Fitness-coach-M.I..jpg","type":"image\/jpeg"}],"twitter_card":"summary_large_image","schema":{"@context":"https:\/\/schema.org","@graph":[{"@type":"WebPage","@id":"https:\/\/soccercoacheshub.com\/product\/svk-aplikacia-vysokorychlostnych-behov-do-futbaloveho-treningu\/","url":"https:\/\/soccercoacheshub.com\/product\/svk-aplikacia-vysokorychlostnych-behov-do-futbaloveho-treningu\/","name":"SVK | Aplik\u00e1cia vysokor\u00fdchlostn\u00fdch behov do futbalov\u00e9ho tr\u00e9ningu - Soccer Coaches Hub","isPartOf":{"@id":"https:\/\/soccercoacheshub.com\/#website"},"primaryImageOfPage":{"@id":"https:\/\/soccercoacheshub.com\/product\/svk-aplikacia-vysokorychlostnych-behov-do-futbaloveho-treningu\/#primaryimage"},"image":{"@id":"https:\/\/soccercoacheshub.com\/product\/svk-aplikacia-vysokorychlostnych-behov-do-futbaloveho-treningu\/#primaryimage"},"thumbnailUrl":"https:\/\/soccercoacheshub.s3.eu-central-1.amazonaws.com\/sch-content\/uploads\/2022\/11\/09142445\/Fitness-coach-M.I..jpg","datePublished":"2022-11-24T12:03:18+00:00","dateModified":"2022-12-14T13:20:56+00:00","breadcrumb":{"@id":"https:\/\/soccercoacheshub.com\/product\/svk-aplikacia-vysokorychlostnych-behov-do-futbaloveho-treningu\/#breadcrumb"},"inLanguage":"en-US","potentialAction":[{"@type":"ReadAction","target":["https:\/\/soccercoacheshub.com\/product\/svk-aplikacia-vysokorychlostnych-behov-do-futbaloveho-treningu\/"]}]},{"@type":"ImageObject","inLanguage":"en-US","@id":"https:\/\/soccercoacheshub.com\/product\/svk-aplikacia-vysokorychlostnych-behov-do-futbaloveho-treningu\/#primaryimage","url":"https:\/\/soccercoacheshub.s3.eu-central-1.amazonaws.com\/sch-content\/uploads\/2022\/11\/09142445\/Fitness-coach-M.I..jpg","contentUrl":"https:\/\/soccercoacheshub.s3.eu-central-1.amazonaws.com\/sch-content\/uploads\/2022\/11\/09142445\/Fitness-coach-M.I..jpg","width":876,"height":979,"caption":"SVK | Aplik\u00e1cia vysokor\u00fdchlostn\u00fdch behov do futbalov\u00e9ho tr\u00e9ningu - Mgr. Milan Ivanka - SoccerCoachesHub"},{"@type":"BreadcrumbList","@id":"https:\/\/soccercoacheshub.com\/product\/svk-aplikacia-vysokorychlostnych-behov-do-futbaloveho-treningu\/#breadcrumb","itemListElement":[{"@type":"ListItem","position":1,"name":"Home","item":"https:\/\/soccercoacheshub.com\/"},{"@type":"ListItem","position":2,"name":"Shop","item":"https:\/\/soccercoacheshub.com\/shop\/"},{"@type":"ListItem","position":3,"name":"SVK | Aplik\u00e1cia vysokor\u00fdchlostn\u00fdch behov do futbalov\u00e9ho tr\u00e9ningu"}]},{"@type":"WebSite","@id":"https:\/\/soccercoacheshub.com\/#website","url":"https:\/\/soccercoacheshub.com\/","name":"Soccer Coaches Hub","description":"Soccer Coaches Hub","potentialAction":[{"@type":"SearchAction","target":{"@type":"EntryPoint","urlTemplate":"https:\/\/soccercoacheshub.com\/?s={search_term_string}"},"query-input":{"@type":"PropertyValueSpecification","valueRequired":true,"valueName":"search_term_string"}}],"inLanguage":"en-US"}]}},"wpml_current_locale":"en_US","wpml_translations":[],"language":{"code":"en","locale":"","name":"","is_rtl":false},"_links":{"self":[{"href":"https:\/\/soccercoacheshub.com\/wp-json\/wp\/v2\/product\/21723","targetHints":{"allow":["GET"]}}],"collection":[{"href":"https:\/\/soccercoacheshub.com\/wp-json\/wp\/v2\/product"}],"about":[{"href":"https:\/\/soccercoacheshub.com\/wp-json\/wp\/v2\/types\/product"}],"version-history":[{"count":1,"href":"https:\/\/soccercoacheshub.com\/wp-json\/wp\/v2\/product\/21723\/revisions"}],"predecessor-version":[{"id":21724,"href":"https:\/\/soccercoacheshub.com\/wp-json\/wp\/v2\/product\/21723\/revisions\/21724"}],"wp:featuredmedia":[{"embeddable":true,"href":"https:\/\/soccercoacheshub.com\/wp-json\/wp\/v2\/media\/21803"}],"wp:attachment":[{"href":"https:\/\/soccercoacheshub.com\/wp-json\/wp\/v2\/media?parent=21723"}],"wp:term":[{"taxonomy":"product_brand","embeddable":true,"href":"https:\/\/soccercoacheshub.com\/wp-json\/wp\/v2\/product_brand?post=21723"},{"taxonomy":"product_cat","embeddable":true,"href":"https:\/\/soccercoacheshub.com\/wp-json\/wp\/v2\/product_cat?post=21723"},{"taxonomy":"product_tag","embeddable":true,"href":"https:\/\/soccercoacheshub.com\/wp-json\/wp\/v2\/product_tag?post=21723"}],"curies":[{"name":"wp","href":"https:\/\/api.w.org\/{rel}","templated":true}]}}