{"id":20430,"date":"2022-10-11T13:37:14","date_gmt":"2022-10-11T11:37:14","guid":{"rendered":"https:\/\/soccercoacheshub.com?post_type=product&#038;p=20430"},"modified":"2022-10-12T15:03:16","modified_gmt":"2022-10-12T13:03:16","slug":"svk-zakladne-mentalne-zrucnosti","status":"publish","type":"product","link":"https:\/\/soccercoacheshub.com\/product\/svk-zakladne-mentalne-zrucnosti\/","title":{"rendered":"SVK | Z\u00e1kladn\u00e9 ment\u00e1lne zru\u010dnosti"},"content":{"rendered":"","protected":false},"excerpt":{"rendered":"<p>Videokurz \u201cZ\u00e1kladn\u00e9 ment\u00e1lne zru\u010dnosti\u201d je obsahovo zameran\u00fd na z\u00e1kladn\u00e9 princ\u00edpy, techniky, met\u00f3dy a zru\u010dnosti ment\u00e1lneho tr\u00e9ningu a celkovej ment\u00e1lnej pr\u00edpravy jednotlivca a t\u00edmu. Kurz je obohaten\u00fd o praktick\u00e9 rady a sk\u00fasenosti z\u00a0praxe ment\u00e1lneho tr\u00e9nera. Mnoh\u00e9 z\u00a0t\u00fdchto techn\u00edk a pr\u00edstupov m\u00f4\u017eu by\u0165 ihned aplikovan\u00e9 v\u00a0pr\u00e1ci s\u00a0jednotlivcom i t\u00edmom.<\/p>\n","protected":false},"featured_media":20270,"template":"","meta":{"_acf_changed":false,"_editorskit_title_hidden":false,"_editorskit_reading_time":0,"_editorskit_is_block_options_detached":false,"_editorskit_block_options_position":"{}","_monsterinsights_skip_tracking":false,"_monsterinsights_sitenote_active":false,"_monsterinsights_sitenote_note":"","_monsterinsights_sitenote_category":0},"product_brand":[],"product_cat":[170],"product_tag":[],"class_list":{"0":"post-20430","1":"product","2":"type-product","3":"status-publish","4":"has-post-thumbnail","6":"product_cat-slovak-czech-language","8":"first","9":"instock","10":"sold-individually","11":"shipping-taxable","12":"purchasable","13":"product-type-simple"},"acf":[],"yoast_head":"<!-- This site is optimized with the Yoast SEO plugin v27.3 - https:\/\/yoast.com\/product\/yoast-seo-wordpress\/ -->\n<title>Soccer Coaches Hub<\/title>\n<meta name=\"description\" content=\"Videokurz &quot;Z\u00e1kladn\u00e9 ment\u00e1lne zru\u010dnosti&quot; je obsahovo zameran\u00fd na z\u00e1kladn\u00e9 princ\u00edpy, techniky, met\u00f3dy a zru\u010dnosti ment\u00e1lneho tr\u00e9ningu a celkovej ment\u00e1lnej pr\u00edpravy jednotlivca a t\u00edmu. Kurz je obohaten\u00fd o praktick\u00e9 rady a sk\u00fasenosti z\u00a0praxe ment\u00e1lneho tr\u00e9nera. Mnoh\u00e9 z\u00a0t\u00fdchto techn\u00edk a pr\u00edstupov m\u00f4\u017eu by\u0165 ihned aplikovan\u00e9 v\u00a0pr\u00e1ci s\u00a0jednotlivcom i t\u00edmom.\" \/>\n<meta name=\"robots\" content=\"index, follow, max-snippet:-1, max-image-preview:large, max-video-preview:-1\" \/>\n<link rel=\"canonical\" href=\"https:\/\/soccercoacheshub.com\/product\/svk-zakladne-mentalne-zrucnosti\/\" \/>\n<meta property=\"og:locale\" content=\"en_US\" \/>\n<meta property=\"og:type\" content=\"article\" \/>\n<meta property=\"og:title\" content=\"SVK | Z\u00e1kladn\u00e9 ment\u00e1lne zru\u010dnosti - Soccer Coaches Hub\" \/>\n<meta property=\"og:description\" content=\"Videokurz &quot;Z\u00e1kladn\u00e9 ment\u00e1lne zru\u010dnosti&quot; je obsahovo zameran\u00fd na z\u00e1kladn\u00e9 princ\u00edpy, techniky, met\u00f3dy a zru\u010dnosti ment\u00e1lneho tr\u00e9ningu a celkovej ment\u00e1lnej pr\u00edpravy jednotlivca a t\u00edmu. Kurz je obohaten\u00fd o praktick\u00e9 rady a sk\u00fasenosti z\u00a0praxe ment\u00e1lneho tr\u00e9nera. Mnoh\u00e9 z\u00a0t\u00fdchto techn\u00edk a pr\u00edstupov m\u00f4\u017eu by\u0165 ihned aplikovan\u00e9 v\u00a0pr\u00e1ci s\u00a0jednotlivcom i t\u00edmom.\" \/>\n<meta property=\"og:url\" content=\"https:\/\/soccercoacheshub.com\/product\/svk-zakladne-mentalne-zrucnosti\/\" \/>\n<meta property=\"og:site_name\" content=\"Soccer Coaches Hub\" \/>\n<meta property=\"article:modified_time\" content=\"2022-10-12T13:03:16+00:00\" \/>\n<meta property=\"og:image\" content=\"https:\/\/soccercoacheshub.s3.eu-central-1.amazonaws.com\/sch-content\/uploads\/2022\/10\/09142544\/Kopcan-Zakladne-mentalne-zrucnosti-foto-kurzu-2-1.jpg\" \/>\n\t<meta property=\"og:image:width\" content=\"1965\" \/>\n\t<meta property=\"og:image:height\" content=\"1386\" \/>\n\t<meta property=\"og:image:type\" content=\"image\/jpeg\" \/>\n<meta name=\"twitter:card\" content=\"summary_large_image\" \/>\n<script type=\"application\/ld+json\" class=\"yoast-schema-graph\">{\"@context\":\"https:\\\/\\\/schema.org\",\"@graph\":[{\"@type\":\"WebPage\",\"@id\":\"https:\\\/\\\/soccercoacheshub.com\\\/product\\\/svk-zakladne-mentalne-zrucnosti\\\/\",\"url\":\"https:\\\/\\\/soccercoacheshub.com\\\/product\\\/svk-zakladne-mentalne-zrucnosti\\\/\",\"name\":\"SVK | Z\u00e1kladn\u00e9 ment\u00e1lne zru\u010dnosti - Soccer Coaches Hub\",\"isPartOf\":{\"@id\":\"https:\\\/\\\/soccercoacheshub.com\\\/#website\"},\"primaryImageOfPage\":{\"@id\":\"https:\\\/\\\/soccercoacheshub.com\\\/product\\\/svk-zakladne-mentalne-zrucnosti\\\/#primaryimage\"},\"image\":{\"@id\":\"https:\\\/\\\/soccercoacheshub.com\\\/product\\\/svk-zakladne-mentalne-zrucnosti\\\/#primaryimage\"},\"thumbnailUrl\":\"https:\\\/\\\/soccercoacheshub.s3.eu-central-1.amazonaws.com\\\/sch-content\\\/uploads\\\/2022\\\/10\\\/09142544\\\/Kopcan-Zakladne-mentalne-zrucnosti-foto-kurzu-2-1.jpg\",\"datePublished\":\"2022-10-11T11:37:14+00:00\",\"dateModified\":\"2022-10-12T13:03:16+00:00\",\"description\":\"Videokurz \\\"Z\u00e1kladn\u00e9 ment\u00e1lne zru\u010dnosti\\\" je obsahovo zameran\u00fd na z\u00e1kladn\u00e9 princ\u00edpy, techniky, met\u00f3dy a zru\u010dnosti ment\u00e1lneho tr\u00e9ningu a celkovej ment\u00e1lnej pr\u00edpravy jednotlivca a t\u00edmu. Kurz je obohaten\u00fd o praktick\u00e9 rady a sk\u00fasenosti z\u00a0praxe ment\u00e1lneho tr\u00e9nera. Mnoh\u00e9 z\u00a0t\u00fdchto techn\u00edk a pr\u00edstupov m\u00f4\u017eu by\u0165 ihned aplikovan\u00e9 v\u00a0pr\u00e1ci s\u00a0jednotlivcom i t\u00edmom.\",\"breadcrumb\":{\"@id\":\"https:\\\/\\\/soccercoacheshub.com\\\/product\\\/svk-zakladne-mentalne-zrucnosti\\\/#breadcrumb\"},\"inLanguage\":\"en-US\",\"potentialAction\":[{\"@type\":\"ReadAction\",\"target\":[\"https:\\\/\\\/soccercoacheshub.com\\\/product\\\/svk-zakladne-mentalne-zrucnosti\\\/\"]}]},{\"@type\":\"ImageObject\",\"inLanguage\":\"en-US\",\"@id\":\"https:\\\/\\\/soccercoacheshub.com\\\/product\\\/svk-zakladne-mentalne-zrucnosti\\\/#primaryimage\",\"url\":\"https:\\\/\\\/soccercoacheshub.s3.eu-central-1.amazonaws.com\\\/sch-content\\\/uploads\\\/2022\\\/10\\\/09142544\\\/Kopcan-Zakladne-mentalne-zrucnosti-foto-kurzu-2-1.jpg\",\"contentUrl\":\"https:\\\/\\\/soccercoacheshub.s3.eu-central-1.amazonaws.com\\\/sch-content\\\/uploads\\\/2022\\\/10\\\/09142544\\\/Kopcan-Zakladne-mentalne-zrucnosti-foto-kurzu-2-1.jpg\",\"width\":1965,\"height\":1386,\"caption\":\"Kop\u010dan - Z\u00e1kladn\u00e9 ment\u00e1lne zru\u010dnosti - foto kurzu 2\"},{\"@type\":\"BreadcrumbList\",\"@id\":\"https:\\\/\\\/soccercoacheshub.com\\\/product\\\/svk-zakladne-mentalne-zrucnosti\\\/#breadcrumb\",\"itemListElement\":[{\"@type\":\"ListItem\",\"position\":1,\"name\":\"Home\",\"item\":\"https:\\\/\\\/soccercoacheshub.com\\\/\"},{\"@type\":\"ListItem\",\"position\":2,\"name\":\"Shop\",\"item\":\"https:\\\/\\\/soccercoacheshub.com\\\/shop\\\/\"},{\"@type\":\"ListItem\",\"position\":3,\"name\":\"SVK | Z\u00e1kladn\u00e9 ment\u00e1lne zru\u010dnosti\"}]},{\"@type\":\"WebSite\",\"@id\":\"https:\\\/\\\/soccercoacheshub.com\\\/#website\",\"url\":\"https:\\\/\\\/soccercoacheshub.com\\\/\",\"name\":\"Soccer Coaches Hub\",\"description\":\"Soccer Coaches Hub\",\"potentialAction\":[{\"@type\":\"SearchAction\",\"target\":{\"@type\":\"EntryPoint\",\"urlTemplate\":\"https:\\\/\\\/soccercoacheshub.com\\\/?s={search_term_string}\"},\"query-input\":{\"@type\":\"PropertyValueSpecification\",\"valueRequired\":true,\"valueName\":\"search_term_string\"}}],\"inLanguage\":\"en-US\"}]}<\/script>\n<!-- \/ Yoast SEO plugin. -->","yoast_head_json":{"title":"Soccer Coaches Hub","description":"Videokurz \"Z\u00e1kladn\u00e9 ment\u00e1lne zru\u010dnosti\" je obsahovo zameran\u00fd na z\u00e1kladn\u00e9 princ\u00edpy, techniky, met\u00f3dy a zru\u010dnosti ment\u00e1lneho tr\u00e9ningu a celkovej ment\u00e1lnej pr\u00edpravy jednotlivca a t\u00edmu. Kurz je obohaten\u00fd o praktick\u00e9 rady a sk\u00fasenosti z\u00a0praxe ment\u00e1lneho tr\u00e9nera. Mnoh\u00e9 z\u00a0t\u00fdchto techn\u00edk a pr\u00edstupov m\u00f4\u017eu by\u0165 ihned aplikovan\u00e9 v\u00a0pr\u00e1ci s\u00a0jednotlivcom i t\u00edmom.","robots":{"index":"index","follow":"follow","max-snippet":"max-snippet:-1","max-image-preview":"max-image-preview:large","max-video-preview":"max-video-preview:-1"},"canonical":"https:\/\/soccercoacheshub.com\/product\/svk-zakladne-mentalne-zrucnosti\/","og_locale":"en_US","og_type":"article","og_title":"SVK | Z\u00e1kladn\u00e9 ment\u00e1lne zru\u010dnosti - Soccer Coaches Hub","og_description":"Videokurz \"Z\u00e1kladn\u00e9 ment\u00e1lne zru\u010dnosti\" je obsahovo zameran\u00fd na z\u00e1kladn\u00e9 princ\u00edpy, techniky, met\u00f3dy a zru\u010dnosti ment\u00e1lneho tr\u00e9ningu a celkovej ment\u00e1lnej pr\u00edpravy jednotlivca a t\u00edmu. Kurz je obohaten\u00fd o praktick\u00e9 rady a sk\u00fasenosti z\u00a0praxe ment\u00e1lneho tr\u00e9nera. Mnoh\u00e9 z\u00a0t\u00fdchto techn\u00edk a pr\u00edstupov m\u00f4\u017eu by\u0165 ihned aplikovan\u00e9 v\u00a0pr\u00e1ci s\u00a0jednotlivcom i t\u00edmom.","og_url":"https:\/\/soccercoacheshub.com\/product\/svk-zakladne-mentalne-zrucnosti\/","og_site_name":"Soccer Coaches Hub","article_modified_time":"2022-10-12T13:03:16+00:00","og_image":[{"width":1965,"height":1386,"url":"https:\/\/soccercoacheshub.s3.eu-central-1.amazonaws.com\/sch-content\/uploads\/2022\/10\/09142544\/Kopcan-Zakladne-mentalne-zrucnosti-foto-kurzu-2-1.jpg","type":"image\/jpeg"}],"twitter_card":"summary_large_image","schema":{"@context":"https:\/\/schema.org","@graph":[{"@type":"WebPage","@id":"https:\/\/soccercoacheshub.com\/product\/svk-zakladne-mentalne-zrucnosti\/","url":"https:\/\/soccercoacheshub.com\/product\/svk-zakladne-mentalne-zrucnosti\/","name":"SVK | Z\u00e1kladn\u00e9 ment\u00e1lne zru\u010dnosti - Soccer Coaches Hub","isPartOf":{"@id":"https:\/\/soccercoacheshub.com\/#website"},"primaryImageOfPage":{"@id":"https:\/\/soccercoacheshub.com\/product\/svk-zakladne-mentalne-zrucnosti\/#primaryimage"},"image":{"@id":"https:\/\/soccercoacheshub.com\/product\/svk-zakladne-mentalne-zrucnosti\/#primaryimage"},"thumbnailUrl":"https:\/\/soccercoacheshub.s3.eu-central-1.amazonaws.com\/sch-content\/uploads\/2022\/10\/09142544\/Kopcan-Zakladne-mentalne-zrucnosti-foto-kurzu-2-1.jpg","datePublished":"2022-10-11T11:37:14+00:00","dateModified":"2022-10-12T13:03:16+00:00","description":"Videokurz \"Z\u00e1kladn\u00e9 ment\u00e1lne zru\u010dnosti\" je obsahovo zameran\u00fd na z\u00e1kladn\u00e9 princ\u00edpy, techniky, met\u00f3dy a zru\u010dnosti ment\u00e1lneho tr\u00e9ningu a celkovej ment\u00e1lnej pr\u00edpravy jednotlivca a t\u00edmu. Kurz je obohaten\u00fd o praktick\u00e9 rady a sk\u00fasenosti z\u00a0praxe ment\u00e1lneho tr\u00e9nera. Mnoh\u00e9 z\u00a0t\u00fdchto techn\u00edk a pr\u00edstupov m\u00f4\u017eu by\u0165 ihned aplikovan\u00e9 v\u00a0pr\u00e1ci s\u00a0jednotlivcom i t\u00edmom.","breadcrumb":{"@id":"https:\/\/soccercoacheshub.com\/product\/svk-zakladne-mentalne-zrucnosti\/#breadcrumb"},"inLanguage":"en-US","potentialAction":[{"@type":"ReadAction","target":["https:\/\/soccercoacheshub.com\/product\/svk-zakladne-mentalne-zrucnosti\/"]}]},{"@type":"ImageObject","inLanguage":"en-US","@id":"https:\/\/soccercoacheshub.com\/product\/svk-zakladne-mentalne-zrucnosti\/#primaryimage","url":"https:\/\/soccercoacheshub.s3.eu-central-1.amazonaws.com\/sch-content\/uploads\/2022\/10\/09142544\/Kopcan-Zakladne-mentalne-zrucnosti-foto-kurzu-2-1.jpg","contentUrl":"https:\/\/soccercoacheshub.s3.eu-central-1.amazonaws.com\/sch-content\/uploads\/2022\/10\/09142544\/Kopcan-Zakladne-mentalne-zrucnosti-foto-kurzu-2-1.jpg","width":1965,"height":1386,"caption":"Kop\u010dan - Z\u00e1kladn\u00e9 ment\u00e1lne zru\u010dnosti - foto kurzu 2"},{"@type":"BreadcrumbList","@id":"https:\/\/soccercoacheshub.com\/product\/svk-zakladne-mentalne-zrucnosti\/#breadcrumb","itemListElement":[{"@type":"ListItem","position":1,"name":"Home","item":"https:\/\/soccercoacheshub.com\/"},{"@type":"ListItem","position":2,"name":"Shop","item":"https:\/\/soccercoacheshub.com\/shop\/"},{"@type":"ListItem","position":3,"name":"SVK | Z\u00e1kladn\u00e9 ment\u00e1lne zru\u010dnosti"}]},{"@type":"WebSite","@id":"https:\/\/soccercoacheshub.com\/#website","url":"https:\/\/soccercoacheshub.com\/","name":"Soccer Coaches Hub","description":"Soccer Coaches Hub","potentialAction":[{"@type":"SearchAction","target":{"@type":"EntryPoint","urlTemplate":"https:\/\/soccercoacheshub.com\/?s={search_term_string}"},"query-input":{"@type":"PropertyValueSpecification","valueRequired":true,"valueName":"search_term_string"}}],"inLanguage":"en-US"}]}},"wpml_current_locale":"en_US","wpml_translations":[],"language":{"code":"en","locale":"","name":"","is_rtl":false},"_links":{"self":[{"href":"https:\/\/soccercoacheshub.com\/wp-json\/wp\/v2\/product\/20430","targetHints":{"allow":["GET"]}}],"collection":[{"href":"https:\/\/soccercoacheshub.com\/wp-json\/wp\/v2\/product"}],"about":[{"href":"https:\/\/soccercoacheshub.com\/wp-json\/wp\/v2\/types\/product"}],"version-history":[{"count":1,"href":"https:\/\/soccercoacheshub.com\/wp-json\/wp\/v2\/product\/20430\/revisions"}],"predecessor-version":[{"id":20431,"href":"https:\/\/soccercoacheshub.com\/wp-json\/wp\/v2\/product\/20430\/revisions\/20431"}],"wp:featuredmedia":[{"embeddable":true,"href":"https:\/\/soccercoacheshub.com\/wp-json\/wp\/v2\/media\/20270"}],"wp:attachment":[{"href":"https:\/\/soccercoacheshub.com\/wp-json\/wp\/v2\/media?parent=20430"}],"wp:term":[{"taxonomy":"product_brand","embeddable":true,"href":"https:\/\/soccercoacheshub.com\/wp-json\/wp\/v2\/product_brand?post=20430"},{"taxonomy":"product_cat","embeddable":true,"href":"https:\/\/soccercoacheshub.com\/wp-json\/wp\/v2\/product_cat?post=20430"},{"taxonomy":"product_tag","embeddable":true,"href":"https:\/\/soccercoacheshub.com\/wp-json\/wp\/v2\/product_tag?post=20430"}],"curies":[{"name":"wp","href":"https:\/\/api.w.org\/{rel}","templated":true}]}}