{"id":17653,"date":"2022-05-09T23:26:32","date_gmt":"2022-05-09T21:26:32","guid":{"rendered":"https:\/\/vzdelavanie.digital\/?post_type=product&#038;p=17653"},"modified":"2022-10-24T10:25:51","modified_gmt":"2022-10-24T08:25:51","slug":"patnactero-dobre-prezentace-aneb-stan-se-dobrym-recnikem","status":"publish","type":"product","link":"https:\/\/soccercoacheshub.com\/product\/patnactero-dobre-prezentace-aneb-stan-se-dobrym-recnikem\/","title":{"rendered":"CZE | Patn\u00e1ctero dobr\u00e9 prezentace aneb sta\u0148 se dobr\u00fdm \u0159e\u010dn\u00edkem"},"content":{"rendered":"","protected":false},"excerpt":{"rendered":"<p>\u201ePrezenta\u010dn\u00e9 dovednosti\u201c p\u0159in\u00e1\u0161\u00ed jednoduch\u00fd a stru\u010dn\u00fd n\u00e1vod \u201ePatn\u00e1ctero dobr\u00e9 prezentace\u201c, jak se st\u00e1t dobr\u00fdm \u0159e\u010dn\u00edkem. A\u0165 u\u017e vystupujeme na p\u00f3diu, p\u0159ed publikem, bav\u00edme se se sv\u00fdm t\u00fdmem, nebo p\u0159edn\u00e1\u0161\u00edme strategii na mana\u017ement sch\u016fzce, je d\u016fle\u017eit\u00e9, abychom se c\u00edtili dob\u0159e, byli p\u0159ipraveni a um\u011bli pracovat s\u00a0jak\u00fdmikoliv negativn\u00edmi vlivy.<\/p>\n<p>Podrobnosti o kurze n\u00e1jdete tu: <a href=\"\/courses\/patnactero-dobre-prezentace-aneb-stan-se-dobrym-recnikem\/\">Patn\u00e1ctero dobr\u00e9 prezentace aneb sta\u0148 se dobr\u00fdm \u0159e\u010dn\u00edkem<\/a>.<\/p>\n","protected":false},"featured_media":18664,"template":"","meta":{"_acf_changed":false,"_editorskit_title_hidden":false,"_editorskit_reading_time":0,"_editorskit_is_block_options_detached":false,"_editorskit_block_options_position":"{}","_monsterinsights_skip_tracking":false,"_monsterinsights_sitenote_active":false,"_monsterinsights_sitenote_note":"","_monsterinsights_sitenote_category":0},"product_brand":[],"product_cat":[191,170],"product_tag":[],"class_list":{"0":"post-17653","1":"product","2":"type-product","3":"status-publish","4":"has-post-thumbnail","6":"product_cat-communication","7":"product_cat-slovak-czech-language","9":"first","10":"instock","11":"sold-individually","12":"shipping-taxable","13":"purchasable","14":"product-type-simple"},"acf":[],"yoast_head":"<!-- This site is optimized with the Yoast SEO plugin v27.3 - https:\/\/yoast.com\/product\/yoast-seo-wordpress\/ -->\n<title>Soccer Coaches Hub<\/title>\n<meta name=\"robots\" content=\"index, follow, max-snippet:-1, max-image-preview:large, max-video-preview:-1\" \/>\n<link rel=\"canonical\" href=\"https:\/\/soccercoacheshub.com\/product\/patnactero-dobre-prezentace-aneb-stan-se-dobrym-recnikem\/\" \/>\n<meta property=\"og:locale\" content=\"en_US\" \/>\n<meta property=\"og:type\" content=\"article\" \/>\n<meta property=\"og:title\" content=\"CZE | Patn\u00e1ctero dobr\u00e9 prezentace aneb sta\u0148 se dobr\u00fdm \u0159e\u010dn\u00edkem - Soccer Coaches Hub\" \/>\n<meta property=\"og:description\" content=\"\u201ePrezenta\u010dn\u00e9 dovednosti\u201c p\u0159in\u00e1\u0161\u00ed jednoduch\u00fd a stru\u010dn\u00fd n\u00e1vod \u201ePatn\u00e1ctero dobr\u00e9 prezentace\u201c, jak se st\u00e1t dobr\u00fdm \u0159e\u010dn\u00edkem. A\u0165 u\u017e vystupujeme na p\u00f3diu, p\u0159ed publikem, bav\u00edme se se sv\u00fdm t\u00fdmem, nebo p\u0159edn\u00e1\u0161\u00edme strategii na mana\u017ement sch\u016fzce, je d\u016fle\u017eit\u00e9, abychom se c\u00edtili dob\u0159e, byli p\u0159ipraveni a um\u011bli pracovat s\u00a0jak\u00fdmikoliv negativn\u00edmi vlivy.  Podrobnosti o kurze n\u00e1jdete tu: Patn\u00e1ctero dobr\u00e9 prezentace aneb sta\u0148 se dobr\u00fdm \u0159e\u010dn\u00edkem.\" \/>\n<meta property=\"og:url\" content=\"https:\/\/soccercoacheshub.com\/product\/patnactero-dobre-prezentace-aneb-stan-se-dobrym-recnikem\/\" \/>\n<meta property=\"og:site_name\" content=\"Soccer Coaches Hub\" \/>\n<meta property=\"article:modified_time\" content=\"2022-10-24T08:25:51+00:00\" \/>\n<meta property=\"og:image\" content=\"https:\/\/soccercoacheshub.s3.eu-central-1.amazonaws.com\/sch-content\/uploads\/2024\/01\/09142714\/fotka%20ke%20kurzu.jpg\" \/>\n\t<meta property=\"og:image:width\" content=\"1600\" \/>\n\t<meta property=\"og:image:height\" content=\"998\" \/>\n\t<meta property=\"og:image:type\" content=\"image\/jpeg\" \/>\n<meta name=\"twitter:card\" content=\"summary_large_image\" \/>\n<script type=\"application\/ld+json\" class=\"yoast-schema-graph\">{\"@context\":\"https:\\\/\\\/schema.org\",\"@graph\":[{\"@type\":\"WebPage\",\"@id\":\"https:\\\/\\\/soccercoacheshub.com\\\/product\\\/patnactero-dobre-prezentace-aneb-stan-se-dobrym-recnikem\\\/\",\"url\":\"https:\\\/\\\/soccercoacheshub.com\\\/product\\\/patnactero-dobre-prezentace-aneb-stan-se-dobrym-recnikem\\\/\",\"name\":\"CZE | Patn\u00e1ctero dobr\u00e9 prezentace aneb sta\u0148 se dobr\u00fdm \u0159e\u010dn\u00edkem - Soccer Coaches Hub\",\"isPartOf\":{\"@id\":\"https:\\\/\\\/soccercoacheshub.com\\\/#website\"},\"primaryImageOfPage\":{\"@id\":\"https:\\\/\\\/soccercoacheshub.com\\\/product\\\/patnactero-dobre-prezentace-aneb-stan-se-dobrym-recnikem\\\/#primaryimage\"},\"image\":{\"@id\":\"https:\\\/\\\/soccercoacheshub.com\\\/product\\\/patnactero-dobre-prezentace-aneb-stan-se-dobrym-recnikem\\\/#primaryimage\"},\"thumbnailUrl\":\"https:\\\/\\\/soccercoacheshub.s3.eu-central-1.amazonaws.com\\\/sch-content\\\/uploads\\\/2024\\\/01\\\/09142714\\\/fotka%20ke%20kurzu.jpg\",\"datePublished\":\"2022-05-09T21:26:32+00:00\",\"dateModified\":\"2022-10-24T08:25:51+00:00\",\"breadcrumb\":{\"@id\":\"https:\\\/\\\/soccercoacheshub.com\\\/product\\\/patnactero-dobre-prezentace-aneb-stan-se-dobrym-recnikem\\\/#breadcrumb\"},\"inLanguage\":\"en-US\",\"potentialAction\":[{\"@type\":\"ReadAction\",\"target\":[\"https:\\\/\\\/soccercoacheshub.com\\\/product\\\/patnactero-dobre-prezentace-aneb-stan-se-dobrym-recnikem\\\/\"]}]},{\"@type\":\"ImageObject\",\"inLanguage\":\"en-US\",\"@id\":\"https:\\\/\\\/soccercoacheshub.com\\\/product\\\/patnactero-dobre-prezentace-aneb-stan-se-dobrym-recnikem\\\/#primaryimage\",\"url\":\"https:\\\/\\\/soccercoacheshub.s3.eu-central-1.amazonaws.com\\\/sch-content\\\/uploads\\\/2024\\\/01\\\/09142714\\\/fotka%20ke%20kurzu.jpg\",\"contentUrl\":\"https:\\\/\\\/soccercoacheshub.s3.eu-central-1.amazonaws.com\\\/sch-content\\\/uploads\\\/2024\\\/01\\\/09142714\\\/fotka%20ke%20kurzu.jpg\",\"width\":1600,\"height\":998,\"caption\":\"Patn\u00e1ctero dobr\u00e9 prezentace aneb sta\u0148 se dobr\u00fdm \u0159e\u010dn\u00edkem - Tina Nekudov\u00e1\"},{\"@type\":\"BreadcrumbList\",\"@id\":\"https:\\\/\\\/soccercoacheshub.com\\\/product\\\/patnactero-dobre-prezentace-aneb-stan-se-dobrym-recnikem\\\/#breadcrumb\",\"itemListElement\":[{\"@type\":\"ListItem\",\"position\":1,\"name\":\"Home\",\"item\":\"https:\\\/\\\/soccercoacheshub.com\\\/\"},{\"@type\":\"ListItem\",\"position\":2,\"name\":\"Shop\",\"item\":\"https:\\\/\\\/soccercoacheshub.com\\\/shop\\\/\"},{\"@type\":\"ListItem\",\"position\":3,\"name\":\"CZE | Patn\u00e1ctero dobr\u00e9 prezentace aneb sta\u0148 se dobr\u00fdm \u0159e\u010dn\u00edkem\"}]},{\"@type\":\"WebSite\",\"@id\":\"https:\\\/\\\/soccercoacheshub.com\\\/#website\",\"url\":\"https:\\\/\\\/soccercoacheshub.com\\\/\",\"name\":\"Soccer Coaches Hub\",\"description\":\"Soccer Coaches Hub\",\"potentialAction\":[{\"@type\":\"SearchAction\",\"target\":{\"@type\":\"EntryPoint\",\"urlTemplate\":\"https:\\\/\\\/soccercoacheshub.com\\\/?s={search_term_string}\"},\"query-input\":{\"@type\":\"PropertyValueSpecification\",\"valueRequired\":true,\"valueName\":\"search_term_string\"}}],\"inLanguage\":\"en-US\"}]}<\/script>\n<!-- \/ Yoast SEO plugin. -->","yoast_head_json":{"title":"Soccer Coaches Hub","robots":{"index":"index","follow":"follow","max-snippet":"max-snippet:-1","max-image-preview":"max-image-preview:large","max-video-preview":"max-video-preview:-1"},"canonical":"https:\/\/soccercoacheshub.com\/product\/patnactero-dobre-prezentace-aneb-stan-se-dobrym-recnikem\/","og_locale":"en_US","og_type":"article","og_title":"CZE | Patn\u00e1ctero dobr\u00e9 prezentace aneb sta\u0148 se dobr\u00fdm \u0159e\u010dn\u00edkem - Soccer Coaches Hub","og_description":"\u201ePrezenta\u010dn\u00e9 dovednosti\u201c p\u0159in\u00e1\u0161\u00ed jednoduch\u00fd a stru\u010dn\u00fd n\u00e1vod \u201ePatn\u00e1ctero dobr\u00e9 prezentace\u201c, jak se st\u00e1t dobr\u00fdm \u0159e\u010dn\u00edkem. A\u0165 u\u017e vystupujeme na p\u00f3diu, p\u0159ed publikem, bav\u00edme se se sv\u00fdm t\u00fdmem, nebo p\u0159edn\u00e1\u0161\u00edme strategii na mana\u017ement sch\u016fzce, je d\u016fle\u017eit\u00e9, abychom se c\u00edtili dob\u0159e, byli p\u0159ipraveni a um\u011bli pracovat s\u00a0jak\u00fdmikoliv negativn\u00edmi vlivy.  Podrobnosti o kurze n\u00e1jdete tu: Patn\u00e1ctero dobr\u00e9 prezentace aneb sta\u0148 se dobr\u00fdm \u0159e\u010dn\u00edkem.","og_url":"https:\/\/soccercoacheshub.com\/product\/patnactero-dobre-prezentace-aneb-stan-se-dobrym-recnikem\/","og_site_name":"Soccer Coaches Hub","article_modified_time":"2022-10-24T08:25:51+00:00","og_image":[{"width":1600,"height":998,"url":"https:\/\/soccercoacheshub.s3.eu-central-1.amazonaws.com\/sch-content\/uploads\/2024\/01\/09142714\/fotka%20ke%20kurzu.jpg","type":"image\/jpeg"}],"twitter_card":"summary_large_image","schema":{"@context":"https:\/\/schema.org","@graph":[{"@type":"WebPage","@id":"https:\/\/soccercoacheshub.com\/product\/patnactero-dobre-prezentace-aneb-stan-se-dobrym-recnikem\/","url":"https:\/\/soccercoacheshub.com\/product\/patnactero-dobre-prezentace-aneb-stan-se-dobrym-recnikem\/","name":"CZE | Patn\u00e1ctero dobr\u00e9 prezentace aneb sta\u0148 se dobr\u00fdm \u0159e\u010dn\u00edkem - Soccer Coaches Hub","isPartOf":{"@id":"https:\/\/soccercoacheshub.com\/#website"},"primaryImageOfPage":{"@id":"https:\/\/soccercoacheshub.com\/product\/patnactero-dobre-prezentace-aneb-stan-se-dobrym-recnikem\/#primaryimage"},"image":{"@id":"https:\/\/soccercoacheshub.com\/product\/patnactero-dobre-prezentace-aneb-stan-se-dobrym-recnikem\/#primaryimage"},"thumbnailUrl":"https:\/\/soccercoacheshub.s3.eu-central-1.amazonaws.com\/sch-content\/uploads\/2024\/01\/09142714\/fotka%20ke%20kurzu.jpg","datePublished":"2022-05-09T21:26:32+00:00","dateModified":"2022-10-24T08:25:51+00:00","breadcrumb":{"@id":"https:\/\/soccercoacheshub.com\/product\/patnactero-dobre-prezentace-aneb-stan-se-dobrym-recnikem\/#breadcrumb"},"inLanguage":"en-US","potentialAction":[{"@type":"ReadAction","target":["https:\/\/soccercoacheshub.com\/product\/patnactero-dobre-prezentace-aneb-stan-se-dobrym-recnikem\/"]}]},{"@type":"ImageObject","inLanguage":"en-US","@id":"https:\/\/soccercoacheshub.com\/product\/patnactero-dobre-prezentace-aneb-stan-se-dobrym-recnikem\/#primaryimage","url":"https:\/\/soccercoacheshub.s3.eu-central-1.amazonaws.com\/sch-content\/uploads\/2024\/01\/09142714\/fotka%20ke%20kurzu.jpg","contentUrl":"https:\/\/soccercoacheshub.s3.eu-central-1.amazonaws.com\/sch-content\/uploads\/2024\/01\/09142714\/fotka%20ke%20kurzu.jpg","width":1600,"height":998,"caption":"Patn\u00e1ctero dobr\u00e9 prezentace aneb sta\u0148 se dobr\u00fdm \u0159e\u010dn\u00edkem - Tina Nekudov\u00e1"},{"@type":"BreadcrumbList","@id":"https:\/\/soccercoacheshub.com\/product\/patnactero-dobre-prezentace-aneb-stan-se-dobrym-recnikem\/#breadcrumb","itemListElement":[{"@type":"ListItem","position":1,"name":"Home","item":"https:\/\/soccercoacheshub.com\/"},{"@type":"ListItem","position":2,"name":"Shop","item":"https:\/\/soccercoacheshub.com\/shop\/"},{"@type":"ListItem","position":3,"name":"CZE | Patn\u00e1ctero dobr\u00e9 prezentace aneb sta\u0148 se dobr\u00fdm \u0159e\u010dn\u00edkem"}]},{"@type":"WebSite","@id":"https:\/\/soccercoacheshub.com\/#website","url":"https:\/\/soccercoacheshub.com\/","name":"Soccer Coaches Hub","description":"Soccer Coaches Hub","potentialAction":[{"@type":"SearchAction","target":{"@type":"EntryPoint","urlTemplate":"https:\/\/soccercoacheshub.com\/?s={search_term_string}"},"query-input":{"@type":"PropertyValueSpecification","valueRequired":true,"valueName":"search_term_string"}}],"inLanguage":"en-US"}]}},"wpml_current_locale":"en_US","wpml_translations":[],"language":{"code":"en","locale":"","name":"","is_rtl":false},"_links":{"self":[{"href":"https:\/\/soccercoacheshub.com\/wp-json\/wp\/v2\/product\/17653","targetHints":{"allow":["GET"]}}],"collection":[{"href":"https:\/\/soccercoacheshub.com\/wp-json\/wp\/v2\/product"}],"about":[{"href":"https:\/\/soccercoacheshub.com\/wp-json\/wp\/v2\/types\/product"}],"version-history":[{"count":2,"href":"https:\/\/soccercoacheshub.com\/wp-json\/wp\/v2\/product\/17653\/revisions"}],"predecessor-version":[{"id":21040,"href":"https:\/\/soccercoacheshub.com\/wp-json\/wp\/v2\/product\/17653\/revisions\/21040"}],"wp:featuredmedia":[{"embeddable":true,"href":"https:\/\/soccercoacheshub.com\/wp-json\/wp\/v2\/media\/18664"}],"wp:attachment":[{"href":"https:\/\/soccercoacheshub.com\/wp-json\/wp\/v2\/media?parent=17653"}],"wp:term":[{"taxonomy":"product_brand","embeddable":true,"href":"https:\/\/soccercoacheshub.com\/wp-json\/wp\/v2\/product_brand?post=17653"},{"taxonomy":"product_cat","embeddable":true,"href":"https:\/\/soccercoacheshub.com\/wp-json\/wp\/v2\/product_cat?post=17653"},{"taxonomy":"product_tag","embeddable":true,"href":"https:\/\/soccercoacheshub.com\/wp-json\/wp\/v2\/product_tag?post=17653"}],"curies":[{"name":"wp","href":"https:\/\/api.w.org\/{rel}","templated":true}]}}