{"id":11796,"date":"2021-03-28T22:29:49","date_gmt":"2021-03-28T20:29:49","guid":{"rendered":"http:\/\/vzdelavanie.digital\/?post_type=product&#038;p=11796"},"modified":"2022-10-24T10:29:35","modified_gmt":"2022-10-24T08:29:35","slug":"komunikacia-v-praci-futbaloveho-trenera","status":"publish","type":"product","link":"https:\/\/soccercoacheshub.com\/product\/komunikacia-v-praci-futbaloveho-trenera\/","title":{"rendered":"SVK | Komunik\u00e1cia v pr\u00e1ci futbalov\u00e9ho tr\u00e9nera"},"content":{"rendered":"","protected":false},"excerpt":{"rendered":"<p>Kurz Komunik\u00e1cia v pr\u00e1ci futbalov\u00e9ho tr\u00e9nera je ur\u010den\u00fd v\u0161etk\u00fdm tr\u00e9nerom, ale aj u\u010dite\u013eom \u010di rodi\u010dom, ktor\u00fdm ment\u00e1lny tr\u00e9ner Michal Kop\u010dan poskytne rady, ako prist\u00fapi\u0165 ku komunik\u00e1cii so svojimi zverencami \u010di de\u0165mi.<\/p>\n<p>Podrobnosti o kurze n\u00e1jdete tu: <a href=\"\/courses\/komunikacia-v-praci-futbaloveho-trenera\/\">Komunik\u00e1cia v pr\u00e1ci futbalov\u00e9ho tr\u00e9nera<\/a>.<\/p>\n","protected":false},"featured_media":18192,"template":"","meta":{"_acf_changed":false,"_editorskit_title_hidden":false,"_editorskit_reading_time":0,"_editorskit_is_block_options_detached":false,"_editorskit_block_options_position":"{}","_monsterinsights_skip_tracking":false,"_monsterinsights_sitenote_active":false,"_monsterinsights_sitenote_note":"","_monsterinsights_sitenote_category":0},"product_brand":[],"product_cat":[191,170],"product_tag":[],"class_list":{"0":"post-11796","1":"product","2":"type-product","3":"status-publish","4":"has-post-thumbnail","6":"product_cat-communication","7":"product_cat-slovak-czech-language","9":"first","10":"instock","11":"virtual","12":"sold-individually","13":"purchasable","14":"product-type-course"},"acf":[],"yoast_head":"<!-- This site is optimized with the Yoast SEO plugin v27.3 - https:\/\/yoast.com\/product\/yoast-seo-wordpress\/ -->\n<title>Soccer Coaches Hub<\/title>\n<meta name=\"robots\" content=\"index, follow, max-snippet:-1, max-image-preview:large, max-video-preview:-1\" \/>\n<link rel=\"canonical\" href=\"https:\/\/soccercoacheshub.com\/product\/komunikacia-v-praci-futbaloveho-trenera\/\" \/>\n<meta property=\"og:locale\" content=\"en_US\" \/>\n<meta property=\"og:type\" content=\"article\" \/>\n<meta property=\"og:title\" content=\"SVK | Komunik\u00e1cia v pr\u00e1ci futbalov\u00e9ho tr\u00e9nera - Soccer Coaches Hub\" \/>\n<meta property=\"og:description\" content=\"Kurz Komunik\u00e1cia v pr\u00e1ci futbalov\u00e9ho tr\u00e9nera je ur\u010den\u00fd v\u0161etk\u00fdm tr\u00e9nerom, ale aj u\u010dite\u013eom \u010di rodi\u010dom, ktor\u00fdm ment\u00e1lny tr\u00e9ner Michal Kop\u010dan poskytne rady, ako prist\u00fapi\u0165 ku komunik\u00e1cii so svojimi zverencami \u010di de\u0165mi.  Podrobnosti o kurze n\u00e1jdete tu: Komunik\u00e1cia v pr\u00e1ci futbalov\u00e9ho tr\u00e9nera.\" \/>\n<meta property=\"og:url\" content=\"https:\/\/soccercoacheshub.com\/product\/komunikacia-v-praci-futbaloveho-trenera\/\" \/>\n<meta property=\"og:site_name\" content=\"Soccer Coaches Hub\" \/>\n<meta property=\"article:modified_time\" content=\"2022-10-24T08:29:35+00:00\" \/>\n<meta property=\"og:image\" content=\"https:\/\/soccercoacheshub.s3.eu-central-1.amazonaws.com\/sch-content\/uploads\/2024\/01\/09142734\/kopcan.png\" \/>\n\t<meta property=\"og:image:width\" content=\"1920\" \/>\n\t<meta property=\"og:image:height\" content=\"1200\" \/>\n\t<meta property=\"og:image:type\" content=\"image\/png\" \/>\n<meta name=\"twitter:card\" content=\"summary_large_image\" \/>\n<script type=\"application\/ld+json\" class=\"yoast-schema-graph\">{\"@context\":\"https:\\\/\\\/schema.org\",\"@graph\":[{\"@type\":\"WebPage\",\"@id\":\"https:\\\/\\\/soccercoacheshub.com\\\/product\\\/komunikacia-v-praci-futbaloveho-trenera\\\/\",\"url\":\"https:\\\/\\\/soccercoacheshub.com\\\/product\\\/komunikacia-v-praci-futbaloveho-trenera\\\/\",\"name\":\"SVK | Komunik\u00e1cia v pr\u00e1ci futbalov\u00e9ho tr\u00e9nera - Soccer Coaches Hub\",\"isPartOf\":{\"@id\":\"https:\\\/\\\/soccercoacheshub.com\\\/#website\"},\"primaryImageOfPage\":{\"@id\":\"https:\\\/\\\/soccercoacheshub.com\\\/product\\\/komunikacia-v-praci-futbaloveho-trenera\\\/#primaryimage\"},\"image\":{\"@id\":\"https:\\\/\\\/soccercoacheshub.com\\\/product\\\/komunikacia-v-praci-futbaloveho-trenera\\\/#primaryimage\"},\"thumbnailUrl\":\"https:\\\/\\\/soccercoacheshub.s3.eu-central-1.amazonaws.com\\\/sch-content\\\/uploads\\\/2024\\\/01\\\/09142734\\\/kopcan.png\",\"datePublished\":\"2021-03-28T20:29:49+00:00\",\"dateModified\":\"2022-10-24T08:29:35+00:00\",\"breadcrumb\":{\"@id\":\"https:\\\/\\\/soccercoacheshub.com\\\/product\\\/komunikacia-v-praci-futbaloveho-trenera\\\/#breadcrumb\"},\"inLanguage\":\"en-US\",\"potentialAction\":[{\"@type\":\"ReadAction\",\"target\":[\"https:\\\/\\\/soccercoacheshub.com\\\/product\\\/komunikacia-v-praci-futbaloveho-trenera\\\/\"]}]},{\"@type\":\"ImageObject\",\"inLanguage\":\"en-US\",\"@id\":\"https:\\\/\\\/soccercoacheshub.com\\\/product\\\/komunikacia-v-praci-futbaloveho-trenera\\\/#primaryimage\",\"url\":\"https:\\\/\\\/soccercoacheshub.s3.eu-central-1.amazonaws.com\\\/sch-content\\\/uploads\\\/2024\\\/01\\\/09142734\\\/kopcan.png\",\"contentUrl\":\"https:\\\/\\\/soccercoacheshub.s3.eu-central-1.amazonaws.com\\\/sch-content\\\/uploads\\\/2024\\\/01\\\/09142734\\\/kopcan.png\",\"width\":1920,\"height\":1200,\"caption\":\"Komunik\u00e1cia v pr\u00e1ci futbalov\u00e9ho tr\u00e9nera\"},{\"@type\":\"BreadcrumbList\",\"@id\":\"https:\\\/\\\/soccercoacheshub.com\\\/product\\\/komunikacia-v-praci-futbaloveho-trenera\\\/#breadcrumb\",\"itemListElement\":[{\"@type\":\"ListItem\",\"position\":1,\"name\":\"Home\",\"item\":\"https:\\\/\\\/soccercoacheshub.com\\\/\"},{\"@type\":\"ListItem\",\"position\":2,\"name\":\"Shop\",\"item\":\"https:\\\/\\\/soccercoacheshub.com\\\/shop\\\/\"},{\"@type\":\"ListItem\",\"position\":3,\"name\":\"SVK | Komunik\u00e1cia v pr\u00e1ci futbalov\u00e9ho tr\u00e9nera\"}]},{\"@type\":\"WebSite\",\"@id\":\"https:\\\/\\\/soccercoacheshub.com\\\/#website\",\"url\":\"https:\\\/\\\/soccercoacheshub.com\\\/\",\"name\":\"Soccer Coaches Hub\",\"description\":\"Soccer Coaches Hub\",\"potentialAction\":[{\"@type\":\"SearchAction\",\"target\":{\"@type\":\"EntryPoint\",\"urlTemplate\":\"https:\\\/\\\/soccercoacheshub.com\\\/?s={search_term_string}\"},\"query-input\":{\"@type\":\"PropertyValueSpecification\",\"valueRequired\":true,\"valueName\":\"search_term_string\"}}],\"inLanguage\":\"en-US\"}]}<\/script>\n<!-- \/ Yoast SEO plugin. -->","yoast_head_json":{"title":"Soccer Coaches Hub","robots":{"index":"index","follow":"follow","max-snippet":"max-snippet:-1","max-image-preview":"max-image-preview:large","max-video-preview":"max-video-preview:-1"},"canonical":"https:\/\/soccercoacheshub.com\/product\/komunikacia-v-praci-futbaloveho-trenera\/","og_locale":"en_US","og_type":"article","og_title":"SVK | Komunik\u00e1cia v pr\u00e1ci futbalov\u00e9ho tr\u00e9nera - Soccer Coaches Hub","og_description":"Kurz Komunik\u00e1cia v pr\u00e1ci futbalov\u00e9ho tr\u00e9nera je ur\u010den\u00fd v\u0161etk\u00fdm tr\u00e9nerom, ale aj u\u010dite\u013eom \u010di rodi\u010dom, ktor\u00fdm ment\u00e1lny tr\u00e9ner Michal Kop\u010dan poskytne rady, ako prist\u00fapi\u0165 ku komunik\u00e1cii so svojimi zverencami \u010di de\u0165mi.  Podrobnosti o kurze n\u00e1jdete tu: Komunik\u00e1cia v pr\u00e1ci futbalov\u00e9ho tr\u00e9nera.","og_url":"https:\/\/soccercoacheshub.com\/product\/komunikacia-v-praci-futbaloveho-trenera\/","og_site_name":"Soccer Coaches Hub","article_modified_time":"2022-10-24T08:29:35+00:00","og_image":[{"width":1920,"height":1200,"url":"https:\/\/soccercoacheshub.s3.eu-central-1.amazonaws.com\/sch-content\/uploads\/2024\/01\/09142734\/kopcan.png","type":"image\/png"}],"twitter_card":"summary_large_image","schema":{"@context":"https:\/\/schema.org","@graph":[{"@type":"WebPage","@id":"https:\/\/soccercoacheshub.com\/product\/komunikacia-v-praci-futbaloveho-trenera\/","url":"https:\/\/soccercoacheshub.com\/product\/komunikacia-v-praci-futbaloveho-trenera\/","name":"SVK | Komunik\u00e1cia v pr\u00e1ci futbalov\u00e9ho tr\u00e9nera - Soccer Coaches Hub","isPartOf":{"@id":"https:\/\/soccercoacheshub.com\/#website"},"primaryImageOfPage":{"@id":"https:\/\/soccercoacheshub.com\/product\/komunikacia-v-praci-futbaloveho-trenera\/#primaryimage"},"image":{"@id":"https:\/\/soccercoacheshub.com\/product\/komunikacia-v-praci-futbaloveho-trenera\/#primaryimage"},"thumbnailUrl":"https:\/\/soccercoacheshub.s3.eu-central-1.amazonaws.com\/sch-content\/uploads\/2024\/01\/09142734\/kopcan.png","datePublished":"2021-03-28T20:29:49+00:00","dateModified":"2022-10-24T08:29:35+00:00","breadcrumb":{"@id":"https:\/\/soccercoacheshub.com\/product\/komunikacia-v-praci-futbaloveho-trenera\/#breadcrumb"},"inLanguage":"en-US","potentialAction":[{"@type":"ReadAction","target":["https:\/\/soccercoacheshub.com\/product\/komunikacia-v-praci-futbaloveho-trenera\/"]}]},{"@type":"ImageObject","inLanguage":"en-US","@id":"https:\/\/soccercoacheshub.com\/product\/komunikacia-v-praci-futbaloveho-trenera\/#primaryimage","url":"https:\/\/soccercoacheshub.s3.eu-central-1.amazonaws.com\/sch-content\/uploads\/2024\/01\/09142734\/kopcan.png","contentUrl":"https:\/\/soccercoacheshub.s3.eu-central-1.amazonaws.com\/sch-content\/uploads\/2024\/01\/09142734\/kopcan.png","width":1920,"height":1200,"caption":"Komunik\u00e1cia v pr\u00e1ci futbalov\u00e9ho tr\u00e9nera"},{"@type":"BreadcrumbList","@id":"https:\/\/soccercoacheshub.com\/product\/komunikacia-v-praci-futbaloveho-trenera\/#breadcrumb","itemListElement":[{"@type":"ListItem","position":1,"name":"Home","item":"https:\/\/soccercoacheshub.com\/"},{"@type":"ListItem","position":2,"name":"Shop","item":"https:\/\/soccercoacheshub.com\/shop\/"},{"@type":"ListItem","position":3,"name":"SVK | Komunik\u00e1cia v pr\u00e1ci futbalov\u00e9ho tr\u00e9nera"}]},{"@type":"WebSite","@id":"https:\/\/soccercoacheshub.com\/#website","url":"https:\/\/soccercoacheshub.com\/","name":"Soccer Coaches Hub","description":"Soccer Coaches Hub","potentialAction":[{"@type":"SearchAction","target":{"@type":"EntryPoint","urlTemplate":"https:\/\/soccercoacheshub.com\/?s={search_term_string}"},"query-input":{"@type":"PropertyValueSpecification","valueRequired":true,"valueName":"search_term_string"}}],"inLanguage":"en-US"}]}},"wpml_current_locale":"en_US","wpml_translations":[],"language":{"code":"en","locale":"","name":"","is_rtl":false},"_links":{"self":[{"href":"https:\/\/soccercoacheshub.com\/wp-json\/wp\/v2\/product\/11796","targetHints":{"allow":["GET"]}}],"collection":[{"href":"https:\/\/soccercoacheshub.com\/wp-json\/wp\/v2\/product"}],"about":[{"href":"https:\/\/soccercoacheshub.com\/wp-json\/wp\/v2\/types\/product"}],"version-history":[{"count":2,"href":"https:\/\/soccercoacheshub.com\/wp-json\/wp\/v2\/product\/11796\/revisions"}],"predecessor-version":[{"id":21044,"href":"https:\/\/soccercoacheshub.com\/wp-json\/wp\/v2\/product\/11796\/revisions\/21044"}],"wp:featuredmedia":[{"embeddable":true,"href":"https:\/\/soccercoacheshub.com\/wp-json\/wp\/v2\/media\/18192"}],"wp:attachment":[{"href":"https:\/\/soccercoacheshub.com\/wp-json\/wp\/v2\/media?parent=11796"}],"wp:term":[{"taxonomy":"product_brand","embeddable":true,"href":"https:\/\/soccercoacheshub.com\/wp-json\/wp\/v2\/product_brand?post=11796"},{"taxonomy":"product_cat","embeddable":true,"href":"https:\/\/soccercoacheshub.com\/wp-json\/wp\/v2\/product_cat?post=11796"},{"taxonomy":"product_tag","embeddable":true,"href":"https:\/\/soccercoacheshub.com\/wp-json\/wp\/v2\/product_tag?post=11796"}],"curies":[{"name":"wp","href":"https:\/\/api.w.org\/{rel}","templated":true}]}}