{"id":11752,"date":"2021-04-09T13:57:59","date_gmt":"2021-04-09T11:57:59","guid":{"rendered":"http:\/\/vzdelavanie.digital\/?post_type=product&#038;p=11752"},"modified":"2022-10-24T10:29:01","modified_gmt":"2022-10-24T08:29:01","slug":"panelova-diskusia-navrat-do-treningoveho-procesu-po-pandemii-na-co-sa-zamerat-na-co-dat-pozor-a-coho-sa-vyvarovat","status":"publish","type":"product","link":"https:\/\/soccercoacheshub.com\/product\/panelova-diskusia-navrat-do-treningoveho-procesu-po-pandemii-na-co-sa-zamerat-na-co-dat-pozor-a-coho-sa-vyvarovat\/","title":{"rendered":"SVK | Panelov\u00e1 diskusia: N\u00e1vrat do tr\u00e9ningov\u00e9ho procesu po pand\u00e9mii \u2013 na \u010do sa zamera\u0165, na \u010do da\u0165 pozor a \u010doho sa vyvarova\u0165"},"content":{"rendered":"","protected":false},"excerpt":{"rendered":"<p>V\u0161etky inform\u00e1cie n\u00e1jdete na: Panelov\u00e1 diskusia \u2013 <a href=\"\/courses\/navrat-do-treningoveho-procesu-po-pandemii-panelova-diskusia-zaznam\/\">N\u00e1vrat do TP po pand\u00e9mii<\/a>.<\/p>\n","protected":false},"featured_media":20029,"template":"","meta":{"_acf_changed":false,"_editorskit_title_hidden":false,"_editorskit_reading_time":0,"_editorskit_is_block_options_detached":false,"_editorskit_block_options_position":"{}","_monsterinsights_skip_tracking":false,"_monsterinsights_sitenote_active":false,"_monsterinsights_sitenote_note":"","_monsterinsights_sitenote_category":0},"product_brand":[],"product_cat":[170],"product_tag":[],"class_list":{"0":"post-11752","1":"product","2":"type-product","3":"status-publish","4":"has-post-thumbnail","6":"product_cat-slovak-czech-language","8":"first","9":"instock","10":"virtual","11":"sold-individually","12":"purchasable","13":"product-type-course"},"acf":[],"yoast_head":"<!-- This site is optimized with the Yoast SEO plugin v27.3 - https:\/\/yoast.com\/product\/yoast-seo-wordpress\/ -->\n<title>Soccer Coaches Hub<\/title>\n<meta name=\"robots\" content=\"index, follow, max-snippet:-1, max-image-preview:large, max-video-preview:-1\" \/>\n<link rel=\"canonical\" href=\"https:\/\/soccercoacheshub.com\/product\/panelova-diskusia-navrat-do-treningoveho-procesu-po-pandemii-na-co-sa-zamerat-na-co-dat-pozor-a-coho-sa-vyvarovat\/\" \/>\n<meta property=\"og:locale\" content=\"en_US\" \/>\n<meta property=\"og:type\" content=\"article\" \/>\n<meta property=\"og:title\" content=\"SVK | Panelov\u00e1 diskusia: N\u00e1vrat do tr\u00e9ningov\u00e9ho procesu po pand\u00e9mii \u2013 na \u010do sa zamera\u0165, na \u010do da\u0165 pozor a \u010doho sa vyvarova\u0165 - Soccer Coaches Hub\" \/>\n<meta property=\"og:description\" content=\"V\u0161etky inform\u00e1cie n\u00e1jdete na: Panelov\u00e1 diskusia - N\u00e1vrat do TP po pand\u00e9mii.\" \/>\n<meta property=\"og:url\" content=\"https:\/\/soccercoacheshub.com\/product\/panelova-diskusia-navrat-do-treningoveho-procesu-po-pandemii-na-co-sa-zamerat-na-co-dat-pozor-a-coho-sa-vyvarovat\/\" \/>\n<meta property=\"og:site_name\" content=\"Soccer Coaches Hub\" \/>\n<meta property=\"article:modified_time\" content=\"2022-10-24T08:29:01+00:00\" \/>\n<meta property=\"og:image\" content=\"https:\/\/soccercoacheshub.s3.eu-central-1.amazonaws.com\/sch-content\/uploads\/2021\/04\/09142550\/pexels-mica-asato-2347870-scaled-e1616680132645.jpg\" \/>\n\t<meta property=\"og:image:width\" content=\"1708\" \/>\n\t<meta property=\"og:image:height\" content=\"1561\" \/>\n\t<meta property=\"og:image:type\" content=\"image\/jpeg\" \/>\n<meta name=\"twitter:card\" content=\"summary_large_image\" \/>\n<script type=\"application\/ld+json\" class=\"yoast-schema-graph\">{\"@context\":\"https:\\\/\\\/schema.org\",\"@graph\":[{\"@type\":\"WebPage\",\"@id\":\"https:\\\/\\\/soccercoacheshub.com\\\/product\\\/panelova-diskusia-navrat-do-treningoveho-procesu-po-pandemii-na-co-sa-zamerat-na-co-dat-pozor-a-coho-sa-vyvarovat\\\/\",\"url\":\"https:\\\/\\\/soccercoacheshub.com\\\/product\\\/panelova-diskusia-navrat-do-treningoveho-procesu-po-pandemii-na-co-sa-zamerat-na-co-dat-pozor-a-coho-sa-vyvarovat\\\/\",\"name\":\"SVK | Panelov\u00e1 diskusia: N\u00e1vrat do tr\u00e9ningov\u00e9ho procesu po pand\u00e9mii \u2013 na \u010do sa zamera\u0165, na \u010do da\u0165 pozor a \u010doho sa vyvarova\u0165 - Soccer Coaches Hub\",\"isPartOf\":{\"@id\":\"https:\\\/\\\/soccercoacheshub.com\\\/#website\"},\"primaryImageOfPage\":{\"@id\":\"https:\\\/\\\/soccercoacheshub.com\\\/product\\\/panelova-diskusia-navrat-do-treningoveho-procesu-po-pandemii-na-co-sa-zamerat-na-co-dat-pozor-a-coho-sa-vyvarovat\\\/#primaryimage\"},\"image\":{\"@id\":\"https:\\\/\\\/soccercoacheshub.com\\\/product\\\/panelova-diskusia-navrat-do-treningoveho-procesu-po-pandemii-na-co-sa-zamerat-na-co-dat-pozor-a-coho-sa-vyvarovat\\\/#primaryimage\"},\"thumbnailUrl\":\"https:\\\/\\\/soccercoacheshub.s3.eu-central-1.amazonaws.com\\\/sch-content\\\/uploads\\\/2021\\\/04\\\/09142550\\\/pexels-mica-asato-2347870-scaled-e1616680132645.jpg\",\"datePublished\":\"2021-04-09T11:57:59+00:00\",\"dateModified\":\"2022-10-24T08:29:01+00:00\",\"breadcrumb\":{\"@id\":\"https:\\\/\\\/soccercoacheshub.com\\\/product\\\/panelova-diskusia-navrat-do-treningoveho-procesu-po-pandemii-na-co-sa-zamerat-na-co-dat-pozor-a-coho-sa-vyvarovat\\\/#breadcrumb\"},\"inLanguage\":\"en-US\",\"potentialAction\":[{\"@type\":\"ReadAction\",\"target\":[\"https:\\\/\\\/soccercoacheshub.com\\\/product\\\/panelova-diskusia-navrat-do-treningoveho-procesu-po-pandemii-na-co-sa-zamerat-na-co-dat-pozor-a-coho-sa-vyvarovat\\\/\"]}]},{\"@type\":\"ImageObject\",\"inLanguage\":\"en-US\",\"@id\":\"https:\\\/\\\/soccercoacheshub.com\\\/product\\\/panelova-diskusia-navrat-do-treningoveho-procesu-po-pandemii-na-co-sa-zamerat-na-co-dat-pozor-a-coho-sa-vyvarovat\\\/#primaryimage\",\"url\":\"https:\\\/\\\/soccercoacheshub.s3.eu-central-1.amazonaws.com\\\/sch-content\\\/uploads\\\/2021\\\/04\\\/09142550\\\/pexels-mica-asato-2347870-scaled-e1616680132645.jpg\",\"contentUrl\":\"https:\\\/\\\/soccercoacheshub.s3.eu-central-1.amazonaws.com\\\/sch-content\\\/uploads\\\/2021\\\/04\\\/09142550\\\/pexels-mica-asato-2347870-scaled-e1616680132645.jpg\",\"width\":1708,\"height\":1561},{\"@type\":\"BreadcrumbList\",\"@id\":\"https:\\\/\\\/soccercoacheshub.com\\\/product\\\/panelova-diskusia-navrat-do-treningoveho-procesu-po-pandemii-na-co-sa-zamerat-na-co-dat-pozor-a-coho-sa-vyvarovat\\\/#breadcrumb\",\"itemListElement\":[{\"@type\":\"ListItem\",\"position\":1,\"name\":\"Home\",\"item\":\"https:\\\/\\\/soccercoacheshub.com\\\/\"},{\"@type\":\"ListItem\",\"position\":2,\"name\":\"Shop\",\"item\":\"https:\\\/\\\/soccercoacheshub.com\\\/shop\\\/\"},{\"@type\":\"ListItem\",\"position\":3,\"name\":\"SVK | Panelov\u00e1 diskusia: N\u00e1vrat do tr\u00e9ningov\u00e9ho procesu po pand\u00e9mii \u2013 na \u010do sa zamera\u0165, na \u010do da\u0165 pozor a \u010doho sa vyvarova\u0165\"}]},{\"@type\":\"WebSite\",\"@id\":\"https:\\\/\\\/soccercoacheshub.com\\\/#website\",\"url\":\"https:\\\/\\\/soccercoacheshub.com\\\/\",\"name\":\"Soccer Coaches Hub\",\"description\":\"Soccer Coaches Hub\",\"potentialAction\":[{\"@type\":\"SearchAction\",\"target\":{\"@type\":\"EntryPoint\",\"urlTemplate\":\"https:\\\/\\\/soccercoacheshub.com\\\/?s={search_term_string}\"},\"query-input\":{\"@type\":\"PropertyValueSpecification\",\"valueRequired\":true,\"valueName\":\"search_term_string\"}}],\"inLanguage\":\"en-US\"}]}<\/script>\n<!-- \/ Yoast SEO plugin. -->","yoast_head_json":{"title":"Soccer Coaches Hub","robots":{"index":"index","follow":"follow","max-snippet":"max-snippet:-1","max-image-preview":"max-image-preview:large","max-video-preview":"max-video-preview:-1"},"canonical":"https:\/\/soccercoacheshub.com\/product\/panelova-diskusia-navrat-do-treningoveho-procesu-po-pandemii-na-co-sa-zamerat-na-co-dat-pozor-a-coho-sa-vyvarovat\/","og_locale":"en_US","og_type":"article","og_title":"SVK | Panelov\u00e1 diskusia: N\u00e1vrat do tr\u00e9ningov\u00e9ho procesu po pand\u00e9mii \u2013 na \u010do sa zamera\u0165, na \u010do da\u0165 pozor a \u010doho sa vyvarova\u0165 - Soccer Coaches Hub","og_description":"V\u0161etky inform\u00e1cie n\u00e1jdete na: Panelov\u00e1 diskusia - N\u00e1vrat do TP po pand\u00e9mii.","og_url":"https:\/\/soccercoacheshub.com\/product\/panelova-diskusia-navrat-do-treningoveho-procesu-po-pandemii-na-co-sa-zamerat-na-co-dat-pozor-a-coho-sa-vyvarovat\/","og_site_name":"Soccer Coaches Hub","article_modified_time":"2022-10-24T08:29:01+00:00","og_image":[{"width":1708,"height":1561,"url":"https:\/\/soccercoacheshub.s3.eu-central-1.amazonaws.com\/sch-content\/uploads\/2021\/04\/09142550\/pexels-mica-asato-2347870-scaled-e1616680132645.jpg","type":"image\/jpeg"}],"twitter_card":"summary_large_image","schema":{"@context":"https:\/\/schema.org","@graph":[{"@type":"WebPage","@id":"https:\/\/soccercoacheshub.com\/product\/panelova-diskusia-navrat-do-treningoveho-procesu-po-pandemii-na-co-sa-zamerat-na-co-dat-pozor-a-coho-sa-vyvarovat\/","url":"https:\/\/soccercoacheshub.com\/product\/panelova-diskusia-navrat-do-treningoveho-procesu-po-pandemii-na-co-sa-zamerat-na-co-dat-pozor-a-coho-sa-vyvarovat\/","name":"SVK | Panelov\u00e1 diskusia: N\u00e1vrat do tr\u00e9ningov\u00e9ho procesu po pand\u00e9mii \u2013 na \u010do sa zamera\u0165, na \u010do da\u0165 pozor a \u010doho sa vyvarova\u0165 - Soccer Coaches Hub","isPartOf":{"@id":"https:\/\/soccercoacheshub.com\/#website"},"primaryImageOfPage":{"@id":"https:\/\/soccercoacheshub.com\/product\/panelova-diskusia-navrat-do-treningoveho-procesu-po-pandemii-na-co-sa-zamerat-na-co-dat-pozor-a-coho-sa-vyvarovat\/#primaryimage"},"image":{"@id":"https:\/\/soccercoacheshub.com\/product\/panelova-diskusia-navrat-do-treningoveho-procesu-po-pandemii-na-co-sa-zamerat-na-co-dat-pozor-a-coho-sa-vyvarovat\/#primaryimage"},"thumbnailUrl":"https:\/\/soccercoacheshub.s3.eu-central-1.amazonaws.com\/sch-content\/uploads\/2021\/04\/09142550\/pexels-mica-asato-2347870-scaled-e1616680132645.jpg","datePublished":"2021-04-09T11:57:59+00:00","dateModified":"2022-10-24T08:29:01+00:00","breadcrumb":{"@id":"https:\/\/soccercoacheshub.com\/product\/panelova-diskusia-navrat-do-treningoveho-procesu-po-pandemii-na-co-sa-zamerat-na-co-dat-pozor-a-coho-sa-vyvarovat\/#breadcrumb"},"inLanguage":"en-US","potentialAction":[{"@type":"ReadAction","target":["https:\/\/soccercoacheshub.com\/product\/panelova-diskusia-navrat-do-treningoveho-procesu-po-pandemii-na-co-sa-zamerat-na-co-dat-pozor-a-coho-sa-vyvarovat\/"]}]},{"@type":"ImageObject","inLanguage":"en-US","@id":"https:\/\/soccercoacheshub.com\/product\/panelova-diskusia-navrat-do-treningoveho-procesu-po-pandemii-na-co-sa-zamerat-na-co-dat-pozor-a-coho-sa-vyvarovat\/#primaryimage","url":"https:\/\/soccercoacheshub.s3.eu-central-1.amazonaws.com\/sch-content\/uploads\/2021\/04\/09142550\/pexels-mica-asato-2347870-scaled-e1616680132645.jpg","contentUrl":"https:\/\/soccercoacheshub.s3.eu-central-1.amazonaws.com\/sch-content\/uploads\/2021\/04\/09142550\/pexels-mica-asato-2347870-scaled-e1616680132645.jpg","width":1708,"height":1561},{"@type":"BreadcrumbList","@id":"https:\/\/soccercoacheshub.com\/product\/panelova-diskusia-navrat-do-treningoveho-procesu-po-pandemii-na-co-sa-zamerat-na-co-dat-pozor-a-coho-sa-vyvarovat\/#breadcrumb","itemListElement":[{"@type":"ListItem","position":1,"name":"Home","item":"https:\/\/soccercoacheshub.com\/"},{"@type":"ListItem","position":2,"name":"Shop","item":"https:\/\/soccercoacheshub.com\/shop\/"},{"@type":"ListItem","position":3,"name":"SVK | Panelov\u00e1 diskusia: N\u00e1vrat do tr\u00e9ningov\u00e9ho procesu po pand\u00e9mii \u2013 na \u010do sa zamera\u0165, na \u010do da\u0165 pozor a \u010doho sa vyvarova\u0165"}]},{"@type":"WebSite","@id":"https:\/\/soccercoacheshub.com\/#website","url":"https:\/\/soccercoacheshub.com\/","name":"Soccer Coaches Hub","description":"Soccer Coaches Hub","potentialAction":[{"@type":"SearchAction","target":{"@type":"EntryPoint","urlTemplate":"https:\/\/soccercoacheshub.com\/?s={search_term_string}"},"query-input":{"@type":"PropertyValueSpecification","valueRequired":true,"valueName":"search_term_string"}}],"inLanguage":"en-US"}]}},"wpml_current_locale":"en_US","wpml_translations":[],"language":{"code":"en","locale":"","name":"","is_rtl":false},"_links":{"self":[{"href":"https:\/\/soccercoacheshub.com\/wp-json\/wp\/v2\/product\/11752","targetHints":{"allow":["GET"]}}],"collection":[{"href":"https:\/\/soccercoacheshub.com\/wp-json\/wp\/v2\/product"}],"about":[{"href":"https:\/\/soccercoacheshub.com\/wp-json\/wp\/v2\/types\/product"}],"version-history":[{"count":3,"href":"https:\/\/soccercoacheshub.com\/wp-json\/wp\/v2\/product\/11752\/revisions"}],"predecessor-version":[{"id":21043,"href":"https:\/\/soccercoacheshub.com\/wp-json\/wp\/v2\/product\/11752\/revisions\/21043"}],"wp:featuredmedia":[{"embeddable":true,"href":"https:\/\/soccercoacheshub.com\/wp-json\/wp\/v2\/media\/20029"}],"wp:attachment":[{"href":"https:\/\/soccercoacheshub.com\/wp-json\/wp\/v2\/media?parent=11752"}],"wp:term":[{"taxonomy":"product_brand","embeddable":true,"href":"https:\/\/soccercoacheshub.com\/wp-json\/wp\/v2\/product_brand?post=11752"},{"taxonomy":"product_cat","embeddable":true,"href":"https:\/\/soccercoacheshub.com\/wp-json\/wp\/v2\/product_cat?post=11752"},{"taxonomy":"product_tag","embeddable":true,"href":"https:\/\/soccercoacheshub.com\/wp-json\/wp\/v2\/product_tag?post=11752"}],"curies":[{"name":"wp","href":"https:\/\/api.w.org\/{rel}","templated":true}]}}