{"id":39822,"date":"2025-04-22T15:19:23","date_gmt":"2025-04-22T13:19:23","guid":{"rendered":"https:\/\/soccercoacheshub.com\/?page_id=39822"},"modified":"2025-11-29T21:44:15","modified_gmt":"2025-11-29T19:44:15","slug":"leadership-courses","status":"publish","type":"page","link":"https:\/\/soccercoacheshub.com\/all-courses\/leadership-courses\/","title":{"rendered":"Leadership Courses"},"content":{"rendered":"\n\n\n<div class=\"wp-block-stackable-button-group stk-block-button-group stk-block stk-9fdebb1\" data-block-id=\"9fdebb1\"><div class=\"stk-row stk-inner-blocks stk-block-content stk-button-group\">\n<div class=\"wp-block-stackable-button stk-block-button is-style-ghost stk-block stk-75ed45f\" data-block-id=\"75ed45f\"><style>.stk-75ed45f .stk-button{background:transparent !important;}.stk-75ed45f .stk-button:hover:after{background:transparent !important;opacity:1 !important;}:where(.stk-hover-parent:hover,  .stk-hover-parent.stk--is-hovered) .stk-75ed45f .stk-button:after{background:transparent !important;opacity:1 !important;}.stk-75ed45f .stk-button:before{border-style:solid !important;border-color:#227f77 !important;}.stk-75ed45f .stk-button .stk--inner-svg svg:last-child{margin-inline-end:0px !important;}.stk-75ed45f .stk-button .stk--inner-svg svg:last-child, .stk-75ed45f .stk-button .stk--inner-svg svg:last-child :is(g, path, rect, polygon, ellipse){fill:#227f77 !important;}.stk-75ed45f .stk-button__inner-text{color:#227f77 !important;}<\/style><a class=\"stk-link stk-button\" href=\"\/all-courses\/\"><span class=\"has-text-color stk-button__inner-text\">Back<\/span><\/a><\/div>\n<\/div><\/div>\n\n\n\n<div class=\"wp-block-stackable-heading stk-block-heading stk-block-heading--v2 stk-block stk-f31c190\" id=\"leadership-courses\" data-block-id=\"f31c190\"><style>.stk-f31c190 {margin-bottom:35px !important;}.stk-f31c190 .stk-block-heading__text{text-shadow:1px 1px 4px #00000033 !important;}<\/style><h1 class=\"stk-block-heading__text\">Leadership Courses<\/h1><\/div>\n\n\n\n<h2 class=\"wp-block-heading\">Be the real leader of your team and lead it towards the success<\/h2>\n\n\n\n<p>Search through various courses focused on leadership and self-improvement.<\/p>\n\n\n<div class=\"learndash-wrap\"><div id=\"ld-course-list-content-2a412e53f80606bce4f0dacbb3c0d7f0\" class=\"ld-course-list-content\" data-shortcode-atts=\"{\"orderby\":\"date\",\"category_name\":\"leadership\",\"col\":\"4\",\"num\":\"70\",\"course_grid\":\"true\"}\">\n\t\t\t<div class=\"ld-course-list-items row\">\n\t\n    <div class=\"ld_course_grid col-sm-6 col-md-3  bb-course-item-wrap\">\n\n        <div class=\"bb-cover-list-item bb-course-paid \">\n\t\t\t\n                    <div class=\"bb-course-cover\">\n                        <a title=\"CZE | Patn\u00e1ctero dobr\u00e9 prezentace aneb sta\u0148 se dobr\u00fdm \u0159e\u010dn\u00edkem\" href=\"https:\/\/soccercoacheshub.com\/courses\/patnactero-dobre-prezentace-aneb-stan-se-dobrym-recnikem\/\" class=\"bb-cover-wrap\">\n\t\t\t\t\t\t\t<div class=\"ld-status ld-status-incomplete ld-third-background\">Not Enrolled<\/div>\n\t\t\t\t\t\t\t<img fetchpriority=\"high\" decoding=\"async\" width=\"624\" height=\"389\" src=\"https:\/\/soccercoacheshub.s3.eu-central-1.amazonaws.com\/sch-content\/uploads\/2024\/01\/09142714\/fotka%20ke%20kurzu-624x389.jpg\" class=\"attachment-post-thumbnail size-post-thumbnail wp-post-image\" alt=\"Patn\u00e1ctero dobr\u00e9 prezentace aneb sta\u0148 se dobr\u00fdm \u0159e\u010dn\u00edkem - Tina Nekudov\u00e1\" srcset=\"https:\/\/soccercoacheshub.s3.eu-central-1.amazonaws.com\/sch-content\/uploads\/2024\/01\/09142714\/fotka%20ke%20kurzu-624x389.jpg 624w, https:\/\/soccercoacheshub.s3.eu-central-1.amazonaws.com\/sch-content\/uploads\/2024\/01\/09142714\/fotka%20ke%20kurzu-600x374.jpg 600w, https:\/\/soccercoacheshub.s3.eu-central-1.amazonaws.com\/sch-content\/uploads\/2024\/01\/09142714\/fotka%20ke%20kurzu-300x187.jpg 300w, https:\/\/soccercoacheshub.s3.eu-central-1.amazonaws.com\/sch-content\/uploads\/2024\/01\/09142714\/fotka%20ke%20kurzu-1024x639.jpg 1024w, https:\/\/soccercoacheshub.s3.eu-central-1.amazonaws.com\/sch-content\/uploads\/2024\/01\/09142714\/fotka%20ke%20kurzu-768x479.jpg 768w, https:\/\/soccercoacheshub.s3.eu-central-1.amazonaws.com\/sch-content\/uploads\/2024\/01\/09142714\/fotka%20ke%20kurzu-1536x958.jpg 1536w, https:\/\/soccercoacheshub.s3.eu-central-1.amazonaws.com\/sch-content\/uploads\/2024\/01\/09142714\/fotka%20ke%20kurzu.jpg 1600w\" sizes=\"(max-width: 624px) 100vw, 624px\" \/>                        <\/a>\n                    <\/div>\n\n\t\t\t\n\t\t\t\n                <div class=\"bb-card-course-details\">\n\t\t\t\t\t<div class=\"course-lesson-count\">16 Lessons<\/div>                    <h2 class=\"bb-course-title\"><a href=\"https:\/\/soccercoacheshub.com\/courses\/patnactero-dobre-prezentace-aneb-stan-se-dobrym-recnikem\/\">CZE | Patn\u00e1ctero dobr\u00e9 prezentace aneb sta\u0148 se dobr\u00fdm \u0159e\u010dn\u00edkem<\/a><\/h2>\n\t\t\t\t\t\t\t\t\t\t\t<div class=\"bb-course-meta\">\n\t\t<a class=\"item-avatar\" href=\"https:\/\/soccercoacheshub.com\/th\/%e0%b8%aa%e0%b8%a1%e0%b8%b2%e0%b8%8a%e0%b8%b4%e0%b8%81\/tinanekudova\/\" class=\"item-avatar\" aria-label=\"Tina Nekudova\">\n\t\t<img alt='' src='https:\/\/soccercoacheshub.s3.eu-central-1.amazonaws.com\/sch-content\/uploads\/avatars\/27\/635a3a3b1f31b-bpthumb.jpg' srcset='https:\/\/soccercoacheshub.s3.eu-central-1.amazonaws.com\/sch-content\/uploads\/avatars\/27\/635a3a3b1f31b-bpthumb.jpg 2x' class='avatar avatar-80 photo' height='80' width='80' \/>\t<\/a>\n\t<strong>\n\t\t<a href=\"https:\/\/soccercoacheshub.com\/th\/%e0%b8%aa%e0%b8%a1%e0%b8%b2%e0%b8%8a%e0%b8%b4%e0%b8%81\/tinanekudova\/\">Tina Nekudova<\/a>\n\t<\/strong>\n<\/div>\n\t\t\t\t\t\t\t\t\t\t                        <div class=\"bb-course-footer bb-course-pay\">\n                        <span class=\"course-fee\">\n                                                19\u20ac \/ $21.85                    <\/span>\n                        <\/div>\n                <\/div><!-- .entry-header -->\n\n        <\/div><!-- #post-## -->\n    <\/div>\n\t\n    <div class=\"ld_course_grid col-sm-6 col-md-3  bb-course-item-wrap\">\n\n        <div class=\"bb-cover-list-item bb-course-paid \">\n\t\t\t\n                    <div class=\"bb-course-cover\">\n                        <a title=\"SVK | Vplyv tr\u00e9nera na rozvoj mlad\u00e9ho hr\u00e1\u010da vo futbale\" href=\"https:\/\/soccercoacheshub.com\/courses\/vplyv-trenera-na-rozvoj-mladeho-hraca-vo-futbale\/\" class=\"bb-cover-wrap\">\n\t\t\t\t\t\t\t<div class=\"ld-status ld-status-incomplete ld-third-background\">Not Enrolled<\/div>\n\t\t\t\t\t\t\t<img decoding=\"async\" width=\"624\" height=\"351\" src=\"https:\/\/soccercoacheshub.s3.eu-central-1.amazonaws.com\/sch-content\/uploads\/2022\/07\/09142747\/Stefanakml-obrazok-slideov-624x351.png\" class=\"attachment-post-thumbnail size-post-thumbnail wp-post-image\" alt=\"Vplyv tr\u00e9nera na rozvoj mlad\u00e9ho hr\u00e1\u010da vo futbale\" srcset=\"https:\/\/soccercoacheshub.s3.eu-central-1.amazonaws.com\/sch-content\/uploads\/2022\/07\/09142747\/Stefanakml-obrazok-slideov-624x351.png 624w, https:\/\/soccercoacheshub.s3.eu-central-1.amazonaws.com\/sch-content\/uploads\/2022\/07\/09142747\/Stefanakml-obrazok-slideov-600x338.png 600w, https:\/\/soccercoacheshub.s3.eu-central-1.amazonaws.com\/sch-content\/uploads\/2022\/07\/09142747\/Stefanakml-obrazok-slideov-300x169.png 300w, https:\/\/soccercoacheshub.s3.eu-central-1.amazonaws.com\/sch-content\/uploads\/2022\/07\/09142747\/Stefanakml-obrazok-slideov-1024x576.png 1024w, https:\/\/soccercoacheshub.s3.eu-central-1.amazonaws.com\/sch-content\/uploads\/2022\/07\/09142747\/Stefanakml-obrazok-slideov-768x432.png 768w, https:\/\/soccercoacheshub.s3.eu-central-1.amazonaws.com\/sch-content\/uploads\/2022\/07\/09142747\/Stefanakml-obrazok-slideov-1536x865.png 1536w, https:\/\/soccercoacheshub.s3.eu-central-1.amazonaws.com\/sch-content\/uploads\/2022\/07\/09142747\/Stefanakml-obrazok-slideov.png 1766w\" sizes=\"(max-width: 624px) 100vw, 624px\" \/>                        <\/a>\n                    <\/div>\n\n\t\t\t\n\t\t\t\n                <div class=\"bb-card-course-details\">\n\t\t\t\t\t<div class=\"course-lesson-count\">14 Lessons<\/div>                    <h2 class=\"bb-course-title\"><a href=\"https:\/\/soccercoacheshub.com\/courses\/vplyv-trenera-na-rozvoj-mladeho-hraca-vo-futbale\/\">SVK | Vplyv tr\u00e9nera na rozvoj mlad\u00e9ho hr\u00e1\u010da vo futbale<\/a><\/h2>\n\t\t\t\t\t\t\t\t\t\t\t<div class=\"bb-course-meta\">\n\t\t<a class=\"item-avatar\" href=\"https:\/\/soccercoacheshub.com\/th\/%e0%b8%aa%e0%b8%a1%e0%b8%b2%e0%b8%8a%e0%b8%b4%e0%b8%81\/meso\/\" class=\"item-avatar\" aria-label=\"Mgr. Peter \u0160tefa\u0148\u00e1k\">\n\t\t<img alt='' src='https:\/\/soccercoacheshub.s3.eu-central-1.amazonaws.com\/sch-content\/uploads\/avatars\/44\/63623158f27a6-bpthumb.png' srcset='https:\/\/soccercoacheshub.s3.eu-central-1.amazonaws.com\/sch-content\/uploads\/avatars\/44\/63623158f27a6-bpthumb.png 2x' class='avatar avatar-80 photo' height='80' width='80' \/>\t<\/a>\n\t<strong>\n\t\t<a href=\"https:\/\/soccercoacheshub.com\/th\/%e0%b8%aa%e0%b8%a1%e0%b8%b2%e0%b8%8a%e0%b8%b4%e0%b8%81\/meso\/\">Mgr. Peter \u0160tefa\u0148\u00e1k<\/a>\n\t<\/strong>\n<\/div>\n\t\t\t\t\t\t\t\t\t\t                        <div class=\"bb-course-footer bb-course-pay\">\n                        <span class=\"course-fee\">\n                                                15 \u20ac \/ $17.25                    <\/span>\n                        <\/div>\n                <\/div><!-- .entry-header -->\n\n        <\/div><!-- #post-## -->\n    <\/div>\n\t\t<\/div>\n\t\t\t<\/div>\n\t\t<\/div>\n\n\n<p><\/p>\n","protected":false},"excerpt":{"rendered":"<p>Back Leadership Courses Be the real leader of your team and lead it towards the success Search through various courses focused on leadership and self-improvement.<\/p>\n","protected":false},"author":24,"featured_media":0,"parent":38406,"menu_order":0,"comment_status":"closed","ping_status":"closed","template":"","meta":{"_acf_changed":false,"_editorskit_title_hidden":true,"_editorskit_reading_time":0,"_editorskit_is_block_options_detached":false,"_editorskit_block_options_position":"{}","_monsterinsights_skip_tracking":false,"_monsterinsights_sitenote_active":false,"_monsterinsights_sitenote_note":"","_monsterinsights_sitenote_category":0,"footnotes":""},"class_list":["post-39822","page","type-page","status-publish","hentry"],"acf":[],"yoast_head":"<!-- This site is optimized with the Yoast SEO plugin v27.3 - https:\/\/yoast.com\/product\/yoast-seo-wordpress\/ -->\n<title>Soccer Coaches Hub<\/title>\n<meta name=\"robots\" content=\"index, follow, max-snippet:-1, max-image-preview:large, max-video-preview:-1\" \/>\n<link rel=\"canonical\" href=\"https:\/\/soccercoacheshub.com\/all-courses\/leadership-courses\/\" \/>\n<meta property=\"og:locale\" content=\"en_US\" \/>\n<meta property=\"og:type\" content=\"article\" \/>\n<meta property=\"og:title\" content=\"Leadership Courses - Soccer Coaches Hub\" \/>\n<meta property=\"og:description\" content=\"Back Leadership Courses Be the real leader of your team and lead it towards the success Search through various courses focused on leadership and self-improvement.\" \/>\n<meta property=\"og:url\" content=\"https:\/\/soccercoacheshub.com\/all-courses\/leadership-courses\/\" \/>\n<meta property=\"og:site_name\" content=\"Soccer Coaches Hub\" \/>\n<meta property=\"article:modified_time\" content=\"2025-11-29T19:44:15+00:00\" \/>\n<meta name=\"twitter:card\" content=\"summary_large_image\" \/>\n<meta name=\"twitter:label1\" content=\"Est. reading time\" \/>\n\t<meta name=\"twitter:data1\" content=\"1 minute\" \/>\n<script type=\"application\/ld+json\" class=\"yoast-schema-graph\">{\"@context\":\"https:\\\/\\\/schema.org\",\"@graph\":[{\"@type\":\"WebPage\",\"@id\":\"https:\\\/\\\/soccercoacheshub.com\\\/all-courses\\\/leadership-courses\\\/\",\"url\":\"https:\\\/\\\/soccercoacheshub.com\\\/all-courses\\\/leadership-courses\\\/\",\"name\":\"Leadership Courses - Soccer Coaches Hub\",\"isPartOf\":{\"@id\":\"https:\\\/\\\/soccercoacheshub.com\\\/#website\"},\"datePublished\":\"2025-04-22T13:19:23+00:00\",\"dateModified\":\"2025-11-29T19:44:15+00:00\",\"breadcrumb\":{\"@id\":\"https:\\\/\\\/soccercoacheshub.com\\\/all-courses\\\/leadership-courses\\\/#breadcrumb\"},\"inLanguage\":\"en-US\",\"potentialAction\":[{\"@type\":\"ReadAction\",\"target\":[\"https:\\\/\\\/soccercoacheshub.com\\\/all-courses\\\/leadership-courses\\\/\"]}]},{\"@type\":\"BreadcrumbList\",\"@id\":\"https:\\\/\\\/soccercoacheshub.com\\\/all-courses\\\/leadership-courses\\\/#breadcrumb\",\"itemListElement\":[{\"@type\":\"ListItem\",\"position\":1,\"name\":\"Home\",\"item\":\"https:\\\/\\\/soccercoacheshub.com\\\/\"},{\"@type\":\"ListItem\",\"position\":2,\"name\":\"Courses page\",\"item\":\"https:\\\/\\\/soccercoacheshub.com\\\/all-courses\\\/\"},{\"@type\":\"ListItem\",\"position\":3,\"name\":\"Leadership Courses\"}]},{\"@type\":\"WebSite\",\"@id\":\"https:\\\/\\\/soccercoacheshub.com\\\/#website\",\"url\":\"https:\\\/\\\/soccercoacheshub.com\\\/\",\"name\":\"Soccer Coaches Hub\",\"description\":\"Soccer Coaches Hub\",\"potentialAction\":[{\"@type\":\"SearchAction\",\"target\":{\"@type\":\"EntryPoint\",\"urlTemplate\":\"https:\\\/\\\/soccercoacheshub.com\\\/?s={search_term_string}\"},\"query-input\":{\"@type\":\"PropertyValueSpecification\",\"valueRequired\":true,\"valueName\":\"search_term_string\"}}],\"inLanguage\":\"en-US\"}]}<\/script>\n<!-- \/ Yoast SEO plugin. -->","yoast_head_json":{"title":"Soccer Coaches Hub","robots":{"index":"index","follow":"follow","max-snippet":"max-snippet:-1","max-image-preview":"max-image-preview:large","max-video-preview":"max-video-preview:-1"},"canonical":"https:\/\/soccercoacheshub.com\/all-courses\/leadership-courses\/","og_locale":"en_US","og_type":"article","og_title":"Leadership Courses - Soccer Coaches Hub","og_description":"Back Leadership Courses Be the real leader of your team and lead it towards the success Search through various courses focused on leadership and self-improvement.","og_url":"https:\/\/soccercoacheshub.com\/all-courses\/leadership-courses\/","og_site_name":"Soccer Coaches Hub","article_modified_time":"2025-11-29T19:44:15+00:00","twitter_card":"summary_large_image","twitter_misc":{"Est. reading time":"1 minute"},"schema":{"@context":"https:\/\/schema.org","@graph":[{"@type":"WebPage","@id":"https:\/\/soccercoacheshub.com\/all-courses\/leadership-courses\/","url":"https:\/\/soccercoacheshub.com\/all-courses\/leadership-courses\/","name":"Leadership Courses - Soccer Coaches Hub","isPartOf":{"@id":"https:\/\/soccercoacheshub.com\/#website"},"datePublished":"2025-04-22T13:19:23+00:00","dateModified":"2025-11-29T19:44:15+00:00","breadcrumb":{"@id":"https:\/\/soccercoacheshub.com\/all-courses\/leadership-courses\/#breadcrumb"},"inLanguage":"en-US","potentialAction":[{"@type":"ReadAction","target":["https:\/\/soccercoacheshub.com\/all-courses\/leadership-courses\/"]}]},{"@type":"BreadcrumbList","@id":"https:\/\/soccercoacheshub.com\/all-courses\/leadership-courses\/#breadcrumb","itemListElement":[{"@type":"ListItem","position":1,"name":"Home","item":"https:\/\/soccercoacheshub.com\/"},{"@type":"ListItem","position":2,"name":"Courses page","item":"https:\/\/soccercoacheshub.com\/all-courses\/"},{"@type":"ListItem","position":3,"name":"Leadership Courses"}]},{"@type":"WebSite","@id":"https:\/\/soccercoacheshub.com\/#website","url":"https:\/\/soccercoacheshub.com\/","name":"Soccer Coaches Hub","description":"Soccer Coaches Hub","potentialAction":[{"@type":"SearchAction","target":{"@type":"EntryPoint","urlTemplate":"https:\/\/soccercoacheshub.com\/?s={search_term_string}"},"query-input":{"@type":"PropertyValueSpecification","valueRequired":true,"valueName":"search_term_string"}}],"inLanguage":"en-US"}]}},"wpml_current_locale":"en_US","wpml_translations":{"th":{"locale":"th","id":39906,"slug":"%e0%b8%84%e0%b8%ad%e0%b8%a3%e0%b9%8c%e0%b8%aa%e0%b9%80%e0%b8%a3%e0%b8%b5%e0%b8%a2%e0%b8%99%e0%b8%81%e0%b8%b2%e0%b8%a3%e0%b8%9a%e0%b8%a3%e0%b8%b4%e0%b8%ab%e0%b8%b2%e0%b8%a3%e0%b8%88%e0%b8%b1%e0%b8%94","post_title":"\u0e04\u0e2d\u0e23\u0e4c\u0e2a\u0e40\u0e23\u0e35\u0e22\u0e19\u0e01\u0e32\u0e23\u0e1a\u0e23\u0e34\u0e2b\u0e32\u0e23\u0e08\u0e31\u0e14\u0e01\u0e32\u0e23","href":"https:\/\/soccercoacheshub.com\/th\/%e0%b8%ab%e0%b8%99%e0%b9%89%e0%b8%b2%e0%b8%ab%e0%b8%a5%e0%b8%b1%e0%b8%81%e0%b8%aa%e0%b8%b9%e0%b8%95%e0%b8%a3\/%e0%b8%84%e0%b8%ad%e0%b8%a3%e0%b9%8c%e0%b8%aa%e0%b9%80%e0%b8%a3%e0%b8%b5%e0%b8%a2%e0%b8%99%e0%b8%81%e0%b8%b2%e0%b8%a3%e0%b8%9a%e0%b8%a3%e0%b8%b4%e0%b8%ab%e0%b8%b2%e0%b8%a3%e0%b8%88%e0%b8%b1%e0%b8%94\/"}},"bb_access":{"can_access":true,"restrict_message":null},"language":{"code":"en","locale":"","name":"","is_rtl":false},"_links":{"self":[{"href":"https:\/\/soccercoacheshub.com\/wp-json\/wp\/v2\/pages\/39822","targetHints":{"allow":["GET"]}}],"collection":[{"href":"https:\/\/soccercoacheshub.com\/wp-json\/wp\/v2\/pages"}],"about":[{"href":"https:\/\/soccercoacheshub.com\/wp-json\/wp\/v2\/types\/page"}],"author":[{"embeddable":true,"href":"https:\/\/soccercoacheshub.com\/wp-json\/wp\/v2\/users\/24"}],"replies":[{"embeddable":true,"href":"https:\/\/soccercoacheshub.com\/wp-json\/wp\/v2\/comments?post=39822"}],"version-history":[{"count":3,"href":"https:\/\/soccercoacheshub.com\/wp-json\/wp\/v2\/pages\/39822\/revisions"}],"predecessor-version":[{"id":43765,"href":"https:\/\/soccercoacheshub.com\/wp-json\/wp\/v2\/pages\/39822\/revisions\/43765"}],"up":[{"embeddable":true,"href":"https:\/\/soccercoacheshub.com\/wp-json\/wp\/v2\/pages\/38406"}],"wp:attachment":[{"href":"https:\/\/soccercoacheshub.com\/wp-json\/wp\/v2\/media?parent=39822"}],"curies":[{"name":"wp","href":"https:\/\/api.w.org\/{rel}","templated":true}]}}