{"id":39807,"date":"2025-04-22T14:59:26","date_gmt":"2025-04-22T12:59:26","guid":{"rendered":"https:\/\/soccercoacheshub.com\/?page_id=39807"},"modified":"2025-11-29T21:48:15","modified_gmt":"2025-11-29T19:48:15","slug":"individualization-courses","status":"publish","type":"page","link":"https:\/\/soccercoacheshub.com\/all-courses\/individualization-courses\/","title":{"rendered":"Individualization Courses"},"content":{"rendered":"\n\n\n<div class=\"wp-block-stackable-button-group stk-block-button-group stk-block stk-9fdebb1\" data-block-id=\"9fdebb1\"><div class=\"stk-row stk-inner-blocks stk-block-content stk-button-group\">\n<div class=\"wp-block-stackable-button stk-block-button is-style-ghost stk-block stk-75ed45f\" data-block-id=\"75ed45f\"><style>.stk-75ed45f .stk-button{background:transparent !important;}.stk-75ed45f .stk-button:hover:after{background:transparent !important;opacity:1 !important;}:where(.stk-hover-parent:hover,  .stk-hover-parent.stk--is-hovered) .stk-75ed45f .stk-button:after{background:transparent !important;opacity:1 !important;}.stk-75ed45f .stk-button:before{border-style:solid !important;border-color:#227f77 !important;}.stk-75ed45f .stk-button .stk--inner-svg svg:last-child{margin-inline-end:0px !important;}.stk-75ed45f .stk-button .stk--inner-svg svg:last-child, .stk-75ed45f .stk-button .stk--inner-svg svg:last-child :is(g, path, rect, polygon, ellipse){fill:#227f77 !important;}.stk-75ed45f .stk-button__inner-text{color:#227f77 !important;}<\/style><a class=\"stk-link stk-button\" href=\"\/all-courses\/\"><span class=\"has-text-color stk-button__inner-text\">Back<\/span><\/a><\/div>\n<\/div><\/div>\n\n\n\n<div class=\"wp-block-stackable-heading stk-block-heading stk-block-heading--v2 stk-block stk-f31c190\" id=\"individualization-courses\" data-block-id=\"f31c190\"><style>.stk-f31c190 {margin-bottom:35px !important;}.stk-f31c190 .stk-block-heading__text{text-shadow:1px 1px 4px #00000033 !important;}<\/style><h1 class=\"stk-block-heading__text\">Individualization Courses<\/h1><\/div>\n\n\n\n<h2 class=\"wp-block-heading\">Focus on individual player development helps to reach full potential<\/h2>\n\n\n\n<p>Browse through various courses focused on individual approach on player development.<\/p>\n\n\n<div class=\"learndash-wrap\"><div id=\"ld-course-list-content-67599dbd8857874cc5ab98ee55a74bfd\" class=\"ld-course-list-content\" data-shortcode-atts=\"{\"orderby\":\"date\",\"course_category_name\":\"individualization\",\"col\":\"4\",\"num\":\"70\",\"course_grid\":\"true\"}\">\n\t\t\t<div class=\"ld-course-list-items row\">\n\t\n    <div class=\"ld_course_grid col-sm-6 col-md-3  bb-course-item-wrap\">\n\n        <div class=\"bb-cover-list-item bb-course-paid \">\n\t\t\t\n                    <div class=\"bb-course-cover\">\n                        <a title=\"ENG | Individual Technical Development\" href=\"https:\/\/soccercoacheshub.com\/courses\/eng-individual-technical-development\/\" class=\"bb-cover-wrap\">\n\t\t\t\t\t\t\t<div class=\"ld-status ld-status-incomplete ld-third-background\">Not Enrolled<\/div>\n\t\t\t\t\t\t\t<img fetchpriority=\"high\" decoding=\"async\" width=\"624\" height=\"351\" src=\"https:\/\/soccercoacheshub.s3.eu-central-1.amazonaws.com\/sch-content\/uploads\/2024\/10\/11123525\/Individual-technical-development-course-Eelco-Schattorie-SoccerCoachesHub-624x351.png\" class=\"attachment-post-thumbnail size-post-thumbnail wp-post-image\" alt=\"\" srcset=\"https:\/\/soccercoacheshub.s3.eu-central-1.amazonaws.com\/sch-content\/uploads\/2024\/10\/11123525\/Individual-technical-development-course-Eelco-Schattorie-SoccerCoachesHub-624x351.png 624w, https:\/\/soccercoacheshub.s3.eu-central-1.amazonaws.com\/sch-content\/uploads\/2024\/10\/11123525\/Individual-technical-development-course-Eelco-Schattorie-SoccerCoachesHub-300x169.png 300w, https:\/\/soccercoacheshub.s3.eu-central-1.amazonaws.com\/sch-content\/uploads\/2024\/10\/11123525\/Individual-technical-development-course-Eelco-Schattorie-SoccerCoachesHub-1024x576.png 1024w, https:\/\/soccercoacheshub.s3.eu-central-1.amazonaws.com\/sch-content\/uploads\/2024\/10\/11123525\/Individual-technical-development-course-Eelco-Schattorie-SoccerCoachesHub-768x432.png 768w, https:\/\/soccercoacheshub.s3.eu-central-1.amazonaws.com\/sch-content\/uploads\/2024\/10\/11123525\/Individual-technical-development-course-Eelco-Schattorie-SoccerCoachesHub-1536x864.png 1536w, https:\/\/soccercoacheshub.s3.eu-central-1.amazonaws.com\/sch-content\/uploads\/2024\/10\/11123525\/Individual-technical-development-course-Eelco-Schattorie-SoccerCoachesHub-2048x1152.png 2048w, https:\/\/soccercoacheshub.s3.eu-central-1.amazonaws.com\/sch-content\/uploads\/2024\/10\/11123525\/Individual-technical-development-course-Eelco-Schattorie-SoccerCoachesHub-600x337.png 600w\" sizes=\"(max-width: 624px) 100vw, 624px\" \/>                        <\/a>\n                    <\/div>\n\n\t\t\t\n\t\t\t\n                <div class=\"bb-card-course-details\">\n\t\t\t\t\t<div class=\"course-lesson-count\">5 Lessons<\/div>                    <h2 class=\"bb-course-title\"><a href=\"https:\/\/soccercoacheshub.com\/courses\/eng-individual-technical-development\/\">ENG | Individual Technical Development<\/a><\/h2>\n\t\t\t\t\t\t\t\t\t\t\t<div class=\"bb-course-meta\">\n\t\t<a class=\"item-avatar\" href=\"https:\/\/soccercoacheshub.com\/th\/%e0%b8%aa%e0%b8%a1%e0%b8%b2%e0%b8%8a%e0%b8%b4%e0%b8%81\/eelco\/\" class=\"item-avatar\" aria-label=\"eelco schattorie\">\n\t\t<img alt='' src='https:\/\/soccercoacheshub.s3.eu-central-1.amazonaws.com\/sch-content\/uploads\/avatars\/4068\/6706887d4509d-bpthumb.jpg' srcset='https:\/\/soccercoacheshub.s3.eu-central-1.amazonaws.com\/sch-content\/uploads\/avatars\/4068\/6706887d4509d-bpthumb.jpg 2x' class='avatar avatar-80 photo' height='80' width='80' \/>\t<\/a>\n\t<strong>\n\t\t<a href=\"https:\/\/soccercoacheshub.com\/th\/%e0%b8%aa%e0%b8%a1%e0%b8%b2%e0%b8%8a%e0%b8%b4%e0%b8%81\/eelco\/\">eelco schattorie<\/a>\n\t<\/strong>\n<\/div>\n\t\t\t\t\t\t\t\t\t\t                        <div class=\"bb-course-footer bb-course-pay\">\n                        <span class=\"course-fee\">\n                                                25\u20ac                    <\/span>\n                        <\/div>\n                <\/div><!-- .entry-header -->\n\n        <\/div><!-- #post-## -->\n    <\/div>\n\t\n    <div class=\"ld_course_grid col-sm-6 col-md-3  bb-course-item-wrap\">\n\n        <div class=\"bb-cover-list-item bb-course-paid \">\n\t\t\t\n                    <div class=\"bb-course-cover\">\n                        <a title=\"SVK | Krajn\u00fd \u00fato\u010dn\u00edk \u2013 hr\u00e1\u010dska funkcia, ktorej d\u00f4le\u017eitos\u0165 si neuvedomujeme\" href=\"https:\/\/soccercoacheshub.com\/courses\/svk-krajny-utocnik-hracska-funkcia-ktorej-dolezitost-si-neuvedomujeme\/\" class=\"bb-cover-wrap\">\n\t\t\t\t\t\t\t<div class=\"ld-status ld-status-incomplete ld-third-background\">Not Enrolled<\/div>\n\t\t\t\t\t\t\t<img decoding=\"async\" width=\"624\" height=\"351\" src=\"https:\/\/soccercoacheshub.s3.eu-central-1.amazonaws.com\/sch-content\/uploads\/2023\/04\/09142158\/Krajny-obranca-hracska-funkcia-ktorej-dolezitost-si-neuvedomujeme-624x351.jpeg\" class=\"attachment-post-thumbnail size-post-thumbnail wp-post-image\" alt=\"SVK | KRAJN\u00dd \u00daTO\u010cN\u00cdK - hr\u00e1\u010dska funkcia, ktorej d\u00f4le\u017eitos\u0165 si neuvedomujeme - Mgr. peter \u0160tefa\u0148\u00e1k ml. - SoccerCoachesHub.com\" srcset=\"https:\/\/soccercoacheshub.s3.eu-central-1.amazonaws.com\/sch-content\/uploads\/2023\/04\/09142158\/Krajny-obranca-hracska-funkcia-ktorej-dolezitost-si-neuvedomujeme-624x351.jpeg 624w, https:\/\/soccercoacheshub.s3.eu-central-1.amazonaws.com\/sch-content\/uploads\/2023\/04\/09142158\/Krajny-obranca-hracska-funkcia-ktorej-dolezitost-si-neuvedomujeme-600x338.jpeg 600w, https:\/\/soccercoacheshub.s3.eu-central-1.amazonaws.com\/sch-content\/uploads\/2023\/04\/09142158\/Krajny-obranca-hracska-funkcia-ktorej-dolezitost-si-neuvedomujeme-300x169.jpeg 300w, https:\/\/soccercoacheshub.s3.eu-central-1.amazonaws.com\/sch-content\/uploads\/2023\/04\/09142158\/Krajny-obranca-hracska-funkcia-ktorej-dolezitost-si-neuvedomujeme.jpeg 720w\" sizes=\"(max-width: 624px) 100vw, 624px\" \/>                        <\/a>\n                    <\/div>\n\n\t\t\t\n\t\t\t\n                <div class=\"bb-card-course-details\">\n\t\t\t\t\t<div class=\"course-lesson-count\">23 Lessons<\/div>                    <h2 class=\"bb-course-title\"><a href=\"https:\/\/soccercoacheshub.com\/courses\/svk-krajny-utocnik-hracska-funkcia-ktorej-dolezitost-si-neuvedomujeme\/\">SVK | Krajn\u00fd \u00fato\u010dn\u00edk \u2013 hr\u00e1\u010dska funkcia, ktorej d\u00f4le\u017eitos\u0165 si neuvedomujeme<\/a><\/h2>\n\t\t\t\t\t\t\t\t\t\t\t<div class=\"bb-course-meta\">\n\t\t<a class=\"item-avatar\" href=\"https:\/\/soccercoacheshub.com\/th\/%e0%b8%aa%e0%b8%a1%e0%b8%b2%e0%b8%8a%e0%b8%b4%e0%b8%81\/meso\/\" class=\"item-avatar\" aria-label=\"Mgr. Peter \u0160tefa\u0148\u00e1k\">\n\t\t<img alt='' src='https:\/\/soccercoacheshub.s3.eu-central-1.amazonaws.com\/sch-content\/uploads\/avatars\/44\/63623158f27a6-bpthumb.png' srcset='https:\/\/soccercoacheshub.s3.eu-central-1.amazonaws.com\/sch-content\/uploads\/avatars\/44\/63623158f27a6-bpthumb.png 2x' class='avatar avatar-80 photo' height='80' width='80' \/>\t<\/a>\n\t<strong>\n\t\t<a href=\"https:\/\/soccercoacheshub.com\/th\/%e0%b8%aa%e0%b8%a1%e0%b8%b2%e0%b8%8a%e0%b8%b4%e0%b8%81\/meso\/\">Mgr. Peter \u0160tefa\u0148\u00e1k<\/a>\n\t<\/strong>\n<\/div>\n\t\t\t\t\t\t\t\t\t\t                        <div class=\"bb-course-footer bb-course-pay\">\n                        <span class=\"course-fee\">\n                                                23\u20ac \/ $26.45                    <\/span>\n                        <\/div>\n                <\/div><!-- .entry-header -->\n\n        <\/div><!-- #post-## -->\n    <\/div>\n\t\t<\/div>\n\t\t\t<\/div>\n\t\t<\/div>\n\n\n<p><\/p>\n","protected":false},"excerpt":{"rendered":"<p>Back Individualization Courses Focus on individual player development helps to reach full potential Browse through various courses focused on individual approach on player development.<\/p>\n","protected":false},"author":24,"featured_media":0,"parent":38406,"menu_order":0,"comment_status":"closed","ping_status":"closed","template":"","meta":{"_acf_changed":false,"_editorskit_title_hidden":true,"_editorskit_reading_time":0,"_editorskit_is_block_options_detached":false,"_editorskit_block_options_position":"{}","_monsterinsights_skip_tracking":false,"_monsterinsights_sitenote_active":false,"_monsterinsights_sitenote_note":"","_monsterinsights_sitenote_category":0,"footnotes":""},"class_list":["post-39807","page","type-page","status-publish","hentry"],"acf":[],"yoast_head":"<!-- This site is optimized with the Yoast SEO plugin v27.3 - https:\/\/yoast.com\/product\/yoast-seo-wordpress\/ -->\n<title>Soccer Coaches Hub<\/title>\n<meta name=\"robots\" content=\"index, follow, max-snippet:-1, max-image-preview:large, max-video-preview:-1\" \/>\n<link rel=\"canonical\" href=\"https:\/\/soccercoacheshub.com\/all-courses\/individualization-courses\/\" \/>\n<meta property=\"og:locale\" content=\"en_US\" \/>\n<meta property=\"og:type\" content=\"article\" \/>\n<meta property=\"og:title\" content=\"Individualization Courses - Soccer Coaches Hub\" \/>\n<meta property=\"og:description\" content=\"Back Individualization Courses Focus on individual player development helps to reach full potential Browse through various courses focused on individual approach on player development.\" \/>\n<meta property=\"og:url\" content=\"https:\/\/soccercoacheshub.com\/all-courses\/individualization-courses\/\" \/>\n<meta property=\"og:site_name\" content=\"Soccer Coaches Hub\" \/>\n<meta property=\"article:modified_time\" content=\"2025-11-29T19:48:15+00:00\" \/>\n<meta name=\"twitter:card\" content=\"summary_large_image\" \/>\n<meta name=\"twitter:label1\" content=\"Est. reading time\" \/>\n\t<meta name=\"twitter:data1\" content=\"1 minute\" \/>\n<script type=\"application\/ld+json\" class=\"yoast-schema-graph\">{\"@context\":\"https:\\\/\\\/schema.org\",\"@graph\":[{\"@type\":\"WebPage\",\"@id\":\"https:\\\/\\\/soccercoacheshub.com\\\/all-courses\\\/individualization-courses\\\/\",\"url\":\"https:\\\/\\\/soccercoacheshub.com\\\/all-courses\\\/individualization-courses\\\/\",\"name\":\"Individualization Courses - Soccer Coaches Hub\",\"isPartOf\":{\"@id\":\"https:\\\/\\\/soccercoacheshub.com\\\/#website\"},\"datePublished\":\"2025-04-22T12:59:26+00:00\",\"dateModified\":\"2025-11-29T19:48:15+00:00\",\"breadcrumb\":{\"@id\":\"https:\\\/\\\/soccercoacheshub.com\\\/all-courses\\\/individualization-courses\\\/#breadcrumb\"},\"inLanguage\":\"en-US\",\"potentialAction\":[{\"@type\":\"ReadAction\",\"target\":[\"https:\\\/\\\/soccercoacheshub.com\\\/all-courses\\\/individualization-courses\\\/\"]}]},{\"@type\":\"BreadcrumbList\",\"@id\":\"https:\\\/\\\/soccercoacheshub.com\\\/all-courses\\\/individualization-courses\\\/#breadcrumb\",\"itemListElement\":[{\"@type\":\"ListItem\",\"position\":1,\"name\":\"Home\",\"item\":\"https:\\\/\\\/soccercoacheshub.com\\\/\"},{\"@type\":\"ListItem\",\"position\":2,\"name\":\"Courses page\",\"item\":\"https:\\\/\\\/soccercoacheshub.com\\\/all-courses\\\/\"},{\"@type\":\"ListItem\",\"position\":3,\"name\":\"Individualization Courses\"}]},{\"@type\":\"WebSite\",\"@id\":\"https:\\\/\\\/soccercoacheshub.com\\\/#website\",\"url\":\"https:\\\/\\\/soccercoacheshub.com\\\/\",\"name\":\"Soccer Coaches Hub\",\"description\":\"Soccer Coaches Hub\",\"potentialAction\":[{\"@type\":\"SearchAction\",\"target\":{\"@type\":\"EntryPoint\",\"urlTemplate\":\"https:\\\/\\\/soccercoacheshub.com\\\/?s={search_term_string}\"},\"query-input\":{\"@type\":\"PropertyValueSpecification\",\"valueRequired\":true,\"valueName\":\"search_term_string\"}}],\"inLanguage\":\"en-US\"}]}<\/script>\n<!-- \/ Yoast SEO plugin. -->","yoast_head_json":{"title":"Soccer Coaches Hub","robots":{"index":"index","follow":"follow","max-snippet":"max-snippet:-1","max-image-preview":"max-image-preview:large","max-video-preview":"max-video-preview:-1"},"canonical":"https:\/\/soccercoacheshub.com\/all-courses\/individualization-courses\/","og_locale":"en_US","og_type":"article","og_title":"Individualization Courses - Soccer Coaches Hub","og_description":"Back Individualization Courses Focus on individual player development helps to reach full potential Browse through various courses focused on individual approach on player development.","og_url":"https:\/\/soccercoacheshub.com\/all-courses\/individualization-courses\/","og_site_name":"Soccer Coaches Hub","article_modified_time":"2025-11-29T19:48:15+00:00","twitter_card":"summary_large_image","twitter_misc":{"Est. reading time":"1 minute"},"schema":{"@context":"https:\/\/schema.org","@graph":[{"@type":"WebPage","@id":"https:\/\/soccercoacheshub.com\/all-courses\/individualization-courses\/","url":"https:\/\/soccercoacheshub.com\/all-courses\/individualization-courses\/","name":"Individualization Courses - Soccer Coaches Hub","isPartOf":{"@id":"https:\/\/soccercoacheshub.com\/#website"},"datePublished":"2025-04-22T12:59:26+00:00","dateModified":"2025-11-29T19:48:15+00:00","breadcrumb":{"@id":"https:\/\/soccercoacheshub.com\/all-courses\/individualization-courses\/#breadcrumb"},"inLanguage":"en-US","potentialAction":[{"@type":"ReadAction","target":["https:\/\/soccercoacheshub.com\/all-courses\/individualization-courses\/"]}]},{"@type":"BreadcrumbList","@id":"https:\/\/soccercoacheshub.com\/all-courses\/individualization-courses\/#breadcrumb","itemListElement":[{"@type":"ListItem","position":1,"name":"Home","item":"https:\/\/soccercoacheshub.com\/"},{"@type":"ListItem","position":2,"name":"Courses page","item":"https:\/\/soccercoacheshub.com\/all-courses\/"},{"@type":"ListItem","position":3,"name":"Individualization Courses"}]},{"@type":"WebSite","@id":"https:\/\/soccercoacheshub.com\/#website","url":"https:\/\/soccercoacheshub.com\/","name":"Soccer Coaches Hub","description":"Soccer Coaches Hub","potentialAction":[{"@type":"SearchAction","target":{"@type":"EntryPoint","urlTemplate":"https:\/\/soccercoacheshub.com\/?s={search_term_string}"},"query-input":{"@type":"PropertyValueSpecification","valueRequired":true,"valueName":"search_term_string"}}],"inLanguage":"en-US"}]}},"wpml_current_locale":"en_US","wpml_translations":{"th":{"locale":"th","id":39902,"slug":"%e0%b8%ab%e0%b8%a5%e0%b8%b1%e0%b8%81%e0%b8%aa%e0%b8%b9%e0%b8%95%e0%b8%a3%e0%b8%97%e0%b8%b5%e0%b9%88%e0%b9%80%e0%b8%99%e0%b9%89%e0%b8%99%e0%b8%9a%e0%b8%b8%e0%b8%84%e0%b8%84%e0%b8%a5%e0%b9%80%e0%b8%89","post_title":"\u0e2b\u0e25\u0e31\u0e01\u0e2a\u0e39\u0e15\u0e23\u0e17\u0e35\u0e48\u0e40\u0e19\u0e49\u0e19\u0e1a\u0e38\u0e04\u0e04\u0e25\u0e40\u0e09\u0e1e\u0e32\u0e30","href":"https:\/\/soccercoacheshub.com\/th\/%e0%b8%ab%e0%b8%99%e0%b9%89%e0%b8%b2%e0%b8%ab%e0%b8%a5%e0%b8%b1%e0%b8%81%e0%b8%aa%e0%b8%b9%e0%b8%95%e0%b8%a3\/%e0%b8%ab%e0%b8%a5%e0%b8%b1%e0%b8%81%e0%b8%aa%e0%b8%b9%e0%b8%95%e0%b8%a3%e0%b8%97%e0%b8%b5%e0%b9%88%e0%b9%80%e0%b8%99%e0%b9%89%e0%b8%99%e0%b8%9a%e0%b8%b8%e0%b8%84%e0%b8%84%e0%b8%a5%e0%b9%80%e0%b8%89\/"}},"bb_access":{"can_access":true,"restrict_message":null},"language":{"code":"en","locale":"","name":"","is_rtl":false},"_links":{"self":[{"href":"https:\/\/soccercoacheshub.com\/wp-json\/wp\/v2\/pages\/39807","targetHints":{"allow":["GET"]}}],"collection":[{"href":"https:\/\/soccercoacheshub.com\/wp-json\/wp\/v2\/pages"}],"about":[{"href":"https:\/\/soccercoacheshub.com\/wp-json\/wp\/v2\/types\/page"}],"author":[{"embeddable":true,"href":"https:\/\/soccercoacheshub.com\/wp-json\/wp\/v2\/users\/24"}],"replies":[{"embeddable":true,"href":"https:\/\/soccercoacheshub.com\/wp-json\/wp\/v2\/comments?post=39807"}],"version-history":[{"count":3,"href":"https:\/\/soccercoacheshub.com\/wp-json\/wp\/v2\/pages\/39807\/revisions"}],"predecessor-version":[{"id":43794,"href":"https:\/\/soccercoacheshub.com\/wp-json\/wp\/v2\/pages\/39807\/revisions\/43794"}],"up":[{"embeddable":true,"href":"https:\/\/soccercoacheshub.com\/wp-json\/wp\/v2\/pages\/38406"}],"wp:attachment":[{"href":"https:\/\/soccercoacheshub.com\/wp-json\/wp\/v2\/media?parent=39807"}],"curies":[{"name":"wp","href":"https:\/\/api.w.org\/{rel}","templated":true}]}}