{"id":39780,"date":"2025-04-22T11:54:38","date_gmt":"2025-04-22T09:54:38","guid":{"rendered":"https:\/\/soccercoacheshub.com\/?page_id=39780"},"modified":"2025-11-29T21:43:56","modified_gmt":"2025-11-29T19:43:56","slug":"defence-courses","status":"publish","type":"page","link":"https:\/\/soccercoacheshub.com\/all-courses\/defence-courses\/","title":{"rendered":"Defence Courses"},"content":{"rendered":"\n\n\n<div class=\"wp-block-stackable-button-group stk-block-button-group stk-block stk-9fdebb1\" data-block-id=\"9fdebb1\"><div class=\"stk-row stk-inner-blocks stk-block-content stk-button-group\">\n<div class=\"wp-block-stackable-button stk-block-button is-style-ghost stk-block stk-75ed45f\" data-block-id=\"75ed45f\"><style>.stk-75ed45f .stk-button{background:transparent !important;}.stk-75ed45f .stk-button:hover:after{background:transparent !important;opacity:1 !important;}:where(.stk-hover-parent:hover,  .stk-hover-parent.stk--is-hovered) .stk-75ed45f .stk-button:after{background:transparent !important;opacity:1 !important;}.stk-75ed45f .stk-button:before{border-style:solid !important;border-color:#227f77 !important;}.stk-75ed45f .stk-button .stk--inner-svg svg:last-child{margin-inline-end:0px !important;}.stk-75ed45f .stk-button .stk--inner-svg svg:last-child, .stk-75ed45f .stk-button .stk--inner-svg svg:last-child :is(g, path, rect, polygon, ellipse){fill:#227f77 !important;}.stk-75ed45f .stk-button__inner-text{color:#227f77 !important;}<\/style><a class=\"stk-link stk-button\" href=\"\/all-courses\/\"><span class=\"has-text-color stk-button__inner-text\">Back<\/span><\/a><\/div>\n<\/div><\/div>\n\n\n\n<div class=\"wp-block-stackable-heading stk-block-heading stk-block-heading--v2 stk-block stk-f31c190\" id=\"defence-courses\" data-block-id=\"f31c190\"><style>.stk-f31c190 {margin-bottom:35px !important;}.stk-f31c190 .stk-block-heading__text{text-shadow:1px 1px 4px #00000033 !important;}<\/style><h1 class=\"stk-block-heading__text\">Defence Courses<\/h1><\/div>\n\n\n\n<h2 class=\"wp-block-heading\">Improve defending skills of your players and your team<\/h2>\n\n\n\n<p>Search through various courses focused on defensive skills and tactics development.<\/p>\n\n\n<div class=\"learndash-wrap\"><div id=\"ld-course-list-content-85acbb261dd2b0a32d1e5f7ae10bd94d\" class=\"ld-course-list-content\" data-shortcode-atts=\"{\"orderby\":\"date\",\"category_name\":\"defence\",\"col\":\"4\",\"num\":\"70\",\"course_grid\":\"true\"}\">\n\t\t\t<div class=\"ld-course-list-items row\">\n\t\n    <div class=\"ld_course_grid col-sm-6 col-md-3  bb-course-item-wrap\">\n\n        <div class=\"bb-cover-list-item bb-course-paid \">\n\t\t\t\n                    <div class=\"bb-course-cover\">\n                        <a title=\"The Art of Counter-Pressing\" href=\"https:\/\/soccercoacheshub.com\/courses\/the-art-of-counter-pressing\/\" class=\"bb-cover-wrap\">\n\t\t\t\t\t\t\t<div class=\"ld-status ld-status-incomplete ld-third-background\">Not Enrolled<\/div>\n\t\t\t\t\t\t\t<img fetchpriority=\"high\" decoding=\"async\" width=\"624\" height=\"351\" src=\"https:\/\/soccercoacheshub.s3.eu-central-1.amazonaws.com\/sch-content\/uploads\/2025\/11\/29205555\/2-624x351.png\" class=\"attachment-post-thumbnail size-post-thumbnail wp-post-image\" alt=\"\" srcset=\"https:\/\/soccercoacheshub.s3.eu-central-1.amazonaws.com\/sch-content\/uploads\/2025\/11\/29205555\/2-624x351.png 624w, https:\/\/soccercoacheshub.s3.eu-central-1.amazonaws.com\/sch-content\/uploads\/2025\/11\/29205555\/2-300x169.png 300w, https:\/\/soccercoacheshub.s3.eu-central-1.amazonaws.com\/sch-content\/uploads\/2025\/11\/29205555\/2-1024x576.png 1024w, https:\/\/soccercoacheshub.s3.eu-central-1.amazonaws.com\/sch-content\/uploads\/2025\/11\/29205555\/2-768x432.png 768w, https:\/\/soccercoacheshub.s3.eu-central-1.amazonaws.com\/sch-content\/uploads\/2025\/11\/29205555\/2-1536x864.png 1536w, https:\/\/soccercoacheshub.s3.eu-central-1.amazonaws.com\/sch-content\/uploads\/2025\/11\/29205555\/2-600x338.png 600w, https:\/\/soccercoacheshub.s3.eu-central-1.amazonaws.com\/sch-content\/uploads\/2025\/11\/29205555\/2.png 1920w\" sizes=\"(max-width: 624px) 100vw, 624px\" \/>                        <\/a>\n                    <\/div>\n\n\t\t\t\n\t\t\t\n                <div class=\"bb-card-course-details\">\n\t\t\t\t\t<div class=\"course-lesson-count\">14 Lessons<\/div>                    <h2 class=\"bb-course-title\"><a href=\"https:\/\/soccercoacheshub.com\/courses\/the-art-of-counter-pressing\/\">The Art of Counter-Pressing<\/a><\/h2>\n\t\t\t\t\t\t\t\t\t\t\t<div class=\"bb-course-meta\">\n\t\t<a class=\"item-avatar\" href=\"https:\/\/soccercoacheshub.com\/th\/%e0%b8%aa%e0%b8%a1%e0%b8%b2%e0%b8%8a%e0%b8%b4%e0%b8%81\/radoslaw_bella\/\" class=\"item-avatar\" aria-label=\"Rados\u0142aw Bella\">\n\t\t<img alt='' src='https:\/\/soccercoacheshub.s3.eu-central-1.amazonaws.com\/sch-content\/uploads\/avatars\/3775\/6536dd4c39cb4-bpthumb.jpg' srcset='https:\/\/soccercoacheshub.s3.eu-central-1.amazonaws.com\/sch-content\/uploads\/avatars\/3775\/6536dd4c39cb4-bpthumb.jpg 2x' class='avatar avatar-80 photo' height='80' width='80' \/>\t<\/a>\n\t<strong>\n\t\t<a href=\"https:\/\/soccercoacheshub.com\/th\/%e0%b8%aa%e0%b8%a1%e0%b8%b2%e0%b8%8a%e0%b8%b4%e0%b8%81\/radoslaw_bella\/\">Rados\u0142aw Bella<\/a>\n\t<\/strong>\n<\/div>\n\t\t\t\t\t\t\t\t\t\t                        <div class=\"bb-course-footer bb-course-pay\">\n                        <span class=\"course-fee\">\n                                                27\u20ac                    <\/span>\n                        <\/div>\n                <\/div><!-- .entry-header -->\n\n        <\/div><!-- #post-## -->\n    <\/div>\n\t\n    <div class=\"ld_course_grid col-sm-6 col-md-3  bb-course-item-wrap\">\n\n        <div class=\"bb-cover-list-item bb-course-paid \">\n\t\t\t\n                    <div class=\"bb-course-cover\">\n                        <a title=\"Rondo: The Secret Weapon\" href=\"https:\/\/soccercoacheshub.com\/courses\/eng-rondo-the-secret-weapon\/\" class=\"bb-cover-wrap\">\n\t\t\t\t\t\t\t<div class=\"ld-status ld-status-incomplete ld-third-background\">Not Enrolled<\/div>\n\t\t\t\t\t\t\t<img decoding=\"async\" width=\"624\" height=\"338\" src=\"https:\/\/soccercoacheshub.s3.eu-central-1.amazonaws.com\/sch-content\/uploads\/2024\/09\/13162357\/Title-photo-624x338.jpeg\" class=\"attachment-post-thumbnail size-post-thumbnail wp-post-image\" alt=\"Rondo: The Secret Weapon\" srcset=\"https:\/\/soccercoacheshub.s3.eu-central-1.amazonaws.com\/sch-content\/uploads\/2024\/09\/13162357\/Title-photo-624x338.jpeg 624w, https:\/\/soccercoacheshub.s3.eu-central-1.amazonaws.com\/sch-content\/uploads\/2024\/09\/13162357\/Title-photo-300x162.jpeg 300w, https:\/\/soccercoacheshub.s3.eu-central-1.amazonaws.com\/sch-content\/uploads\/2024\/09\/13162357\/Title-photo-1024x554.jpeg 1024w, https:\/\/soccercoacheshub.s3.eu-central-1.amazonaws.com\/sch-content\/uploads\/2024\/09\/13162357\/Title-photo-768x416.jpeg 768w, https:\/\/soccercoacheshub.s3.eu-central-1.amazonaws.com\/sch-content\/uploads\/2024\/09\/13162357\/Title-photo-1536x831.jpeg 1536w, https:\/\/soccercoacheshub.s3.eu-central-1.amazonaws.com\/sch-content\/uploads\/2024\/09\/13162357\/Title-photo-600x325.jpeg 600w, https:\/\/soccercoacheshub.s3.eu-central-1.amazonaws.com\/sch-content\/uploads\/2024\/09\/13162357\/Title-photo.jpeg 1600w\" sizes=\"(max-width: 624px) 100vw, 624px\" \/>                        <\/a>\n                    <\/div>\n\n\t\t\t\n\t\t\t\n                <div class=\"bb-card-course-details\">\n\t\t\t\t\t<div class=\"course-lesson-count\">12 Lessons<\/div>                    <h2 class=\"bb-course-title\"><a href=\"https:\/\/soccercoacheshub.com\/courses\/eng-rondo-the-secret-weapon\/\">Rondo: The Secret Weapon<\/a><\/h2>\n\t\t\t\t\t\t\t\t\t\t\t<div class=\"bb-course-meta\">\n\t\t<a class=\"item-avatar\" href=\"https:\/\/soccercoacheshub.com\/th\/%e0%b8%aa%e0%b8%a1%e0%b8%b2%e0%b8%8a%e0%b8%b4%e0%b8%81\/radoslaw_bella\/\" class=\"item-avatar\" aria-label=\"Rados\u0142aw Bella\">\n\t\t<img alt='' src='https:\/\/soccercoacheshub.s3.eu-central-1.amazonaws.com\/sch-content\/uploads\/avatars\/3775\/6536dd4c39cb4-bpthumb.jpg' srcset='https:\/\/soccercoacheshub.s3.eu-central-1.amazonaws.com\/sch-content\/uploads\/avatars\/3775\/6536dd4c39cb4-bpthumb.jpg 2x' class='avatar avatar-80 photo' height='80' width='80' \/>\t<\/a>\n\t<strong>\n\t\t<a href=\"https:\/\/soccercoacheshub.com\/th\/%e0%b8%aa%e0%b8%a1%e0%b8%b2%e0%b8%8a%e0%b8%b4%e0%b8%81\/radoslaw_bella\/\">Rados\u0142aw Bella<\/a>\n\t<\/strong>\n<\/div>\n\t\t\t\t\t\t\t\t\t\t                        <div class=\"bb-course-footer bb-course-pay\">\n                        <span class=\"course-fee\">\n                                                22\u20ac                    <\/span>\n                        <\/div>\n                <\/div><!-- .entry-header -->\n\n        <\/div><!-- #post-## -->\n    <\/div>\n\t\n    <div class=\"ld_course_grid col-sm-6 col-md-3  bb-course-item-wrap\">\n\n        <div class=\"bb-cover-list-item bb-course-paid \">\n\t\t\t\n                    <div class=\"bb-course-cover\">\n                        <a title=\"In the footstep of Marcelo Bielsa: \u201cEl Loco\u201d philosophy\" href=\"https:\/\/soccercoacheshub.com\/courses\/eng-in-the-footstep-of-marcelo-bielsa-el-loco-philosophy\/\" class=\"bb-cover-wrap\">\n\t\t\t\t\t\t\t<div class=\"ld-status ld-status-incomplete ld-third-background\">Not Enrolled<\/div>\n\t\t\t\t\t\t\t<img decoding=\"async\" width=\"624\" height=\"352\" src=\"https:\/\/soccercoacheshub.s3.eu-central-1.amazonaws.com\/sch-content\/uploads\/2023\/11\/09141513\/Snimka-obrazovky-2023-11-03-o-20.41.51-624x352.png\" class=\"attachment-post-thumbnail size-post-thumbnail wp-post-image\" alt=\"In the footstep of Marcelo Bielsa: \"El Loco\" philosophy - Radoslaw Bella - SoccerCoachesHub.com\" srcset=\"https:\/\/soccercoacheshub.s3.eu-central-1.amazonaws.com\/sch-content\/uploads\/2023\/11\/09141513\/Snimka-obrazovky-2023-11-03-o-20.41.51-624x352.png 624w, https:\/\/soccercoacheshub.s3.eu-central-1.amazonaws.com\/sch-content\/uploads\/2023\/11\/09141513\/Snimka-obrazovky-2023-11-03-o-20.41.51-300x169.png 300w, https:\/\/soccercoacheshub.s3.eu-central-1.amazonaws.com\/sch-content\/uploads\/2023\/11\/09141513\/Snimka-obrazovky-2023-11-03-o-20.41.51-1024x578.png 1024w, https:\/\/soccercoacheshub.s3.eu-central-1.amazonaws.com\/sch-content\/uploads\/2023\/11\/09141513\/Snimka-obrazovky-2023-11-03-o-20.41.51-768x433.png 768w, https:\/\/soccercoacheshub.s3.eu-central-1.amazonaws.com\/sch-content\/uploads\/2023\/11\/09141513\/Snimka-obrazovky-2023-11-03-o-20.41.51-1536x866.png 1536w, https:\/\/soccercoacheshub.s3.eu-central-1.amazonaws.com\/sch-content\/uploads\/2023\/11\/09141513\/Snimka-obrazovky-2023-11-03-o-20.41.51-2048x1155.png 2048w, https:\/\/soccercoacheshub.s3.eu-central-1.amazonaws.com\/sch-content\/uploads\/2023\/11\/09141513\/Snimka-obrazovky-2023-11-03-o-20.41.51-600x338.png 600w\" sizes=\"(max-width: 624px) 100vw, 624px\" \/>                        <\/a>\n                    <\/div>\n\n\t\t\t\n\t\t\t\n                <div class=\"bb-card-course-details\">\n\t\t\t\t\t<div class=\"course-lesson-count\">11 Lessons<\/div>                    <h2 class=\"bb-course-title\"><a href=\"https:\/\/soccercoacheshub.com\/courses\/eng-in-the-footstep-of-marcelo-bielsa-el-loco-philosophy\/\">In the footstep of Marcelo Bielsa: \u201cEl Loco\u201d philosophy<\/a><\/h2>\n\t\t\t\t\t\t\t\t\t\t\t<div class=\"bb-course-meta\">\n\t\t<a class=\"item-avatar\" href=\"https:\/\/soccercoacheshub.com\/th\/%e0%b8%aa%e0%b8%a1%e0%b8%b2%e0%b8%8a%e0%b8%b4%e0%b8%81\/radoslaw_bella\/\" class=\"item-avatar\" aria-label=\"Rados\u0142aw Bella\">\n\t\t<img alt='' src='https:\/\/soccercoacheshub.s3.eu-central-1.amazonaws.com\/sch-content\/uploads\/avatars\/3775\/6536dd4c39cb4-bpthumb.jpg' srcset='https:\/\/soccercoacheshub.s3.eu-central-1.amazonaws.com\/sch-content\/uploads\/avatars\/3775\/6536dd4c39cb4-bpthumb.jpg 2x' class='avatar avatar-80 photo' height='80' width='80' \/>\t<\/a>\n\t<strong>\n\t\t<a href=\"https:\/\/soccercoacheshub.com\/th\/%e0%b8%aa%e0%b8%a1%e0%b8%b2%e0%b8%8a%e0%b8%b4%e0%b8%81\/radoslaw_bella\/\">Rados\u0142aw Bella<\/a>\n\t<\/strong>\n<\/div>\n\t\t\t\t\t\t\t\t\t\t                        <div class=\"bb-course-footer bb-course-pay\">\n                        <span class=\"course-fee\">\n                                                30\u20ac \/ $34.50                    <\/span>\n                        <\/div>\n                <\/div><!-- .entry-header -->\n\n        <\/div><!-- #post-## -->\n    <\/div>\n\t\n    <div class=\"ld_course_grid col-sm-6 col-md-3  bb-course-item-wrap\">\n\n        <div class=\"bb-cover-list-item bb-course-paid \">\n\t\t\t\n                    <div class=\"bb-course-cover\">\n                        <a title=\"SVK | Pozi\u010dn\u00e9 hry\" href=\"https:\/\/soccercoacheshub.com\/courses\/svk-pozicne-hry\/\" class=\"bb-cover-wrap\">\n\t\t\t\t\t\t\t<div class=\"ld-status ld-status-incomplete ld-third-background\">Not Enrolled<\/div>\n\t\t\t\t\t\t\t<img loading=\"lazy\" decoding=\"async\" width=\"624\" height=\"350\" src=\"https:\/\/soccercoacheshub.s3.eu-central-1.amazonaws.com\/sch-content\/uploads\/2023\/05\/09141908\/top-3-624x350.png\" class=\"attachment-post-thumbnail size-post-thumbnail wp-post-image\" alt=\"Michal Hanek - Pozi\u010dn\u00e9 hry - SoccerCoachesHub.com\" srcset=\"https:\/\/soccercoacheshub.s3.eu-central-1.amazonaws.com\/sch-content\/uploads\/2023\/05\/09141908\/top-3-624x350.png 624w, https:\/\/soccercoacheshub.s3.eu-central-1.amazonaws.com\/sch-content\/uploads\/2023\/05\/09141908\/top-3-600x337.png 600w, https:\/\/soccercoacheshub.s3.eu-central-1.amazonaws.com\/sch-content\/uploads\/2023\/05\/09141908\/top-3-300x168.png 300w, https:\/\/soccercoacheshub.s3.eu-central-1.amazonaws.com\/sch-content\/uploads\/2023\/05\/09141908\/top-3-1024x575.png 1024w, https:\/\/soccercoacheshub.s3.eu-central-1.amazonaws.com\/sch-content\/uploads\/2023\/05\/09141908\/top-3-768x431.png 768w, https:\/\/soccercoacheshub.s3.eu-central-1.amazonaws.com\/sch-content\/uploads\/2023\/05\/09141908\/top-3-1536x862.png 1536w, https:\/\/soccercoacheshub.s3.eu-central-1.amazonaws.com\/sch-content\/uploads\/2023\/05\/09141908\/top-3.png 1920w\" sizes=\"(max-width: 624px) 100vw, 624px\" \/>                        <\/a>\n                    <\/div>\n\n\t\t\t\n\t\t\t\n                <div class=\"bb-card-course-details\">\n\t\t\t\t\t<div class=\"course-lesson-count\">11 Lessons<\/div>                    <h2 class=\"bb-course-title\"><a href=\"https:\/\/soccercoacheshub.com\/courses\/svk-pozicne-hry\/\">SVK | Pozi\u010dn\u00e9 hry<\/a><\/h2>\n\t\t\t\t\t\t\t\t\t\t\t<div class=\"bb-course-meta\">\n\t\t<a class=\"item-avatar\" href=\"https:\/\/soccercoacheshub.com\/th\/%e0%b8%aa%e0%b8%a1%e0%b8%b2%e0%b8%8a%e0%b8%b4%e0%b8%81\/misohanek\/\" class=\"item-avatar\" aria-label=\"Michal Hanek\">\n\t\t<img alt='' src='https:\/\/soccercoacheshub.com\/wp-content\/plugins\/buddyboss-platform\/bp-core\/images\/profile-avatar-buddyboss-50.png' srcset='https:\/\/soccercoacheshub.com\/wp-content\/plugins\/buddyboss-platform\/bp-core\/images\/profile-avatar-buddyboss-50.png 2x' class='avatar avatar-80 photo' height='80' width='80' \/>\t<\/a>\n\t<strong>\n\t\t<a href=\"https:\/\/soccercoacheshub.com\/th\/%e0%b8%aa%e0%b8%a1%e0%b8%b2%e0%b8%8a%e0%b8%b4%e0%b8%81\/misohanek\/\">Michal Hanek<\/a>\n\t<\/strong>\n<\/div>\n\t\t\t\t\t\t\t\t\t\t                        <div class=\"bb-course-footer bb-course-pay\">\n                        <span class=\"course-fee\">\n                                                33\u20ac \/ $37.95                    <\/span>\n                        <\/div>\n                <\/div><!-- .entry-header -->\n\n        <\/div><!-- #post-## -->\n    <\/div>\n\t\n    <div class=\"ld_course_grid col-sm-6 col-md-3  bb-course-item-wrap\">\n\n        <div class=\"bb-cover-list-item bb-course-paid \">\n\t\t\t\n                    <div class=\"bb-course-cover\">\n                        <a title=\"SVK | Vyu\u017eitie pr\u00edpravn\u00fdch hier v tr\u00e9ningovom procese\" href=\"https:\/\/soccercoacheshub.com\/courses\/vyuzitie-pripravnych-hier-v-treningovom-procese\/\" class=\"bb-cover-wrap\">\n\t\t\t\t\t\t\t<div class=\"ld-status ld-status-incomplete ld-third-background\">Not Enrolled<\/div>\n\t\t\t\t\t\t\t<img loading=\"lazy\" decoding=\"async\" width=\"624\" height=\"351\" src=\"https:\/\/soccercoacheshub.s3.eu-central-1.amazonaws.com\/sch-content\/uploads\/2023\/03\/19173411\/Vyuzitie-pripravnych-hier-v-treningovom-procese-624x351.png\" class=\"attachment-post-thumbnail size-post-thumbnail wp-post-image\" alt=\"\" srcset=\"https:\/\/soccercoacheshub.s3.eu-central-1.amazonaws.com\/sch-content\/uploads\/2023\/03\/19173411\/Vyuzitie-pripravnych-hier-v-treningovom-procese-624x351.png 624w, https:\/\/soccercoacheshub.s3.eu-central-1.amazonaws.com\/sch-content\/uploads\/2023\/03\/19173411\/Vyuzitie-pripravnych-hier-v-treningovom-procese-300x169.png 300w, https:\/\/soccercoacheshub.s3.eu-central-1.amazonaws.com\/sch-content\/uploads\/2023\/03\/19173411\/Vyuzitie-pripravnych-hier-v-treningovom-procese-1024x576.png 1024w, https:\/\/soccercoacheshub.s3.eu-central-1.amazonaws.com\/sch-content\/uploads\/2023\/03\/19173411\/Vyuzitie-pripravnych-hier-v-treningovom-procese-768x432.png 768w, https:\/\/soccercoacheshub.s3.eu-central-1.amazonaws.com\/sch-content\/uploads\/2023\/03\/19173411\/Vyuzitie-pripravnych-hier-v-treningovom-procese-1536x864.png 1536w, https:\/\/soccercoacheshub.s3.eu-central-1.amazonaws.com\/sch-content\/uploads\/2023\/03\/19173411\/Vyuzitie-pripravnych-hier-v-treningovom-procese-600x338.png 600w, https:\/\/soccercoacheshub.s3.eu-central-1.amazonaws.com\/sch-content\/uploads\/2023\/03\/19173411\/Vyuzitie-pripravnych-hier-v-treningovom-procese.png 1920w\" sizes=\"(max-width: 624px) 100vw, 624px\" \/>                        <\/a>\n                    <\/div>\n\n\t\t\t\n\t\t\t\n                <div class=\"bb-card-course-details\">\n\t\t\t\t\t<div class=\"course-lesson-count\">11 Lessons<\/div>                    <h2 class=\"bb-course-title\"><a href=\"https:\/\/soccercoacheshub.com\/courses\/vyuzitie-pripravnych-hier-v-treningovom-procese\/\">SVK | Vyu\u017eitie pr\u00edpravn\u00fdch hier v tr\u00e9ningovom procese<\/a><\/h2>\n\t\t\t\t\t\t\t\t\t\t\t<div class=\"bb-course-meta\">\n\t\t<a class=\"item-avatar\" href=\"https:\/\/soccercoacheshub.com\/th\/%e0%b8%aa%e0%b8%a1%e0%b8%b2%e0%b8%8a%e0%b8%b4%e0%b8%81\/martin-zamba\/\" class=\"item-avatar\" aria-label=\"Mgr. Martin \u017damba, PhD.\">\n\t\t<img alt='' src='https:\/\/soccercoacheshub.s3.eu-central-1.amazonaws.com\/sch-content\/uploads\/avatars\/30\/635675fd8c479-bpthumb.jpg' srcset='https:\/\/soccercoacheshub.s3.eu-central-1.amazonaws.com\/sch-content\/uploads\/avatars\/30\/635675fd8c479-bpthumb.jpg 2x' class='avatar avatar-80 photo' height='80' width='80' \/>\t<\/a>\n\t<strong>\n\t\t<a href=\"https:\/\/soccercoacheshub.com\/th\/%e0%b8%aa%e0%b8%a1%e0%b8%b2%e0%b8%8a%e0%b8%b4%e0%b8%81\/martin-zamba\/\">Mgr. Martin \u017damba, PhD.<\/a>\n\t<\/strong>\n<\/div>\n\t\t\t\t\t\t\t\t\t\t                        <div class=\"bb-course-footer bb-course-pay\">\n                        <span class=\"course-fee\">\n                                                15\u20ac \/ $17.25                    <\/span>\n                        <\/div>\n                <\/div><!-- .entry-header -->\n\n        <\/div><!-- #post-## -->\n    <\/div>\n\t\t<\/div>\n\t\t\t<\/div>\n\t\t<\/div>\n\n\n<p><\/p>\n","protected":false},"excerpt":{"rendered":"<p>Back Defence Courses Improve defending skills of your players and your team Search through various courses focused on defensive skills and tactics development.<\/p>\n","protected":false},"author":24,"featured_media":0,"parent":38406,"menu_order":0,"comment_status":"closed","ping_status":"closed","template":"","meta":{"_acf_changed":false,"_editorskit_title_hidden":true,"_editorskit_reading_time":0,"_editorskit_is_block_options_detached":false,"_editorskit_block_options_position":"{}","_monsterinsights_skip_tracking":false,"_monsterinsights_sitenote_active":false,"_monsterinsights_sitenote_note":"","_monsterinsights_sitenote_category":0,"footnotes":""},"class_list":["post-39780","page","type-page","status-publish","hentry"],"acf":[],"yoast_head":"<!-- This site is optimized with the Yoast SEO plugin v27.3 - https:\/\/yoast.com\/product\/yoast-seo-wordpress\/ -->\n<title>Soccer Coaches Hub<\/title>\n<meta name=\"robots\" content=\"index, follow, max-snippet:-1, max-image-preview:large, max-video-preview:-1\" \/>\n<link rel=\"canonical\" href=\"https:\/\/soccercoacheshub.com\/all-courses\/defence-courses\/\" \/>\n<meta property=\"og:locale\" content=\"en_US\" \/>\n<meta property=\"og:type\" content=\"article\" \/>\n<meta property=\"og:title\" content=\"Defence Courses - Soccer Coaches Hub\" \/>\n<meta property=\"og:description\" content=\"Back Defence Courses Improve defending skills of your players and your team Search through various courses focused on defensive skills and tactics development.\" \/>\n<meta property=\"og:url\" content=\"https:\/\/soccercoacheshub.com\/all-courses\/defence-courses\/\" \/>\n<meta property=\"og:site_name\" content=\"Soccer Coaches Hub\" \/>\n<meta property=\"article:modified_time\" content=\"2025-11-29T19:43:56+00:00\" \/>\n<meta name=\"twitter:card\" content=\"summary_large_image\" \/>\n<meta name=\"twitter:label1\" content=\"Est. reading time\" \/>\n\t<meta name=\"twitter:data1\" content=\"1 minute\" \/>\n<script type=\"application\/ld+json\" class=\"yoast-schema-graph\">{\"@context\":\"https:\\\/\\\/schema.org\",\"@graph\":[{\"@type\":\"WebPage\",\"@id\":\"https:\\\/\\\/soccercoacheshub.com\\\/all-courses\\\/defence-courses\\\/\",\"url\":\"https:\\\/\\\/soccercoacheshub.com\\\/all-courses\\\/defence-courses\\\/\",\"name\":\"Defence Courses - Soccer Coaches Hub\",\"isPartOf\":{\"@id\":\"https:\\\/\\\/soccercoacheshub.com\\\/#website\"},\"datePublished\":\"2025-04-22T09:54:38+00:00\",\"dateModified\":\"2025-11-29T19:43:56+00:00\",\"breadcrumb\":{\"@id\":\"https:\\\/\\\/soccercoacheshub.com\\\/all-courses\\\/defence-courses\\\/#breadcrumb\"},\"inLanguage\":\"en-US\",\"potentialAction\":[{\"@type\":\"ReadAction\",\"target\":[\"https:\\\/\\\/soccercoacheshub.com\\\/all-courses\\\/defence-courses\\\/\"]}]},{\"@type\":\"BreadcrumbList\",\"@id\":\"https:\\\/\\\/soccercoacheshub.com\\\/all-courses\\\/defence-courses\\\/#breadcrumb\",\"itemListElement\":[{\"@type\":\"ListItem\",\"position\":1,\"name\":\"Home\",\"item\":\"https:\\\/\\\/soccercoacheshub.com\\\/\"},{\"@type\":\"ListItem\",\"position\":2,\"name\":\"Courses page\",\"item\":\"https:\\\/\\\/soccercoacheshub.com\\\/all-courses\\\/\"},{\"@type\":\"ListItem\",\"position\":3,\"name\":\"Defence Courses\"}]},{\"@type\":\"WebSite\",\"@id\":\"https:\\\/\\\/soccercoacheshub.com\\\/#website\",\"url\":\"https:\\\/\\\/soccercoacheshub.com\\\/\",\"name\":\"Soccer Coaches Hub\",\"description\":\"Soccer Coaches Hub\",\"potentialAction\":[{\"@type\":\"SearchAction\",\"target\":{\"@type\":\"EntryPoint\",\"urlTemplate\":\"https:\\\/\\\/soccercoacheshub.com\\\/?s={search_term_string}\"},\"query-input\":{\"@type\":\"PropertyValueSpecification\",\"valueRequired\":true,\"valueName\":\"search_term_string\"}}],\"inLanguage\":\"en-US\"}]}<\/script>\n<!-- \/ Yoast SEO plugin. -->","yoast_head_json":{"title":"Soccer Coaches Hub","robots":{"index":"index","follow":"follow","max-snippet":"max-snippet:-1","max-image-preview":"max-image-preview:large","max-video-preview":"max-video-preview:-1"},"canonical":"https:\/\/soccercoacheshub.com\/all-courses\/defence-courses\/","og_locale":"en_US","og_type":"article","og_title":"Defence Courses - Soccer Coaches Hub","og_description":"Back Defence Courses Improve defending skills of your players and your team Search through various courses focused on defensive skills and tactics development.","og_url":"https:\/\/soccercoacheshub.com\/all-courses\/defence-courses\/","og_site_name":"Soccer Coaches Hub","article_modified_time":"2025-11-29T19:43:56+00:00","twitter_card":"summary_large_image","twitter_misc":{"Est. reading time":"1 minute"},"schema":{"@context":"https:\/\/schema.org","@graph":[{"@type":"WebPage","@id":"https:\/\/soccercoacheshub.com\/all-courses\/defence-courses\/","url":"https:\/\/soccercoacheshub.com\/all-courses\/defence-courses\/","name":"Defence Courses - Soccer Coaches Hub","isPartOf":{"@id":"https:\/\/soccercoacheshub.com\/#website"},"datePublished":"2025-04-22T09:54:38+00:00","dateModified":"2025-11-29T19:43:56+00:00","breadcrumb":{"@id":"https:\/\/soccercoacheshub.com\/all-courses\/defence-courses\/#breadcrumb"},"inLanguage":"en-US","potentialAction":[{"@type":"ReadAction","target":["https:\/\/soccercoacheshub.com\/all-courses\/defence-courses\/"]}]},{"@type":"BreadcrumbList","@id":"https:\/\/soccercoacheshub.com\/all-courses\/defence-courses\/#breadcrumb","itemListElement":[{"@type":"ListItem","position":1,"name":"Home","item":"https:\/\/soccercoacheshub.com\/"},{"@type":"ListItem","position":2,"name":"Courses page","item":"https:\/\/soccercoacheshub.com\/all-courses\/"},{"@type":"ListItem","position":3,"name":"Defence Courses"}]},{"@type":"WebSite","@id":"https:\/\/soccercoacheshub.com\/#website","url":"https:\/\/soccercoacheshub.com\/","name":"Soccer Coaches Hub","description":"Soccer Coaches Hub","potentialAction":[{"@type":"SearchAction","target":{"@type":"EntryPoint","urlTemplate":"https:\/\/soccercoacheshub.com\/?s={search_term_string}"},"query-input":{"@type":"PropertyValueSpecification","valueRequired":true,"valueName":"search_term_string"}}],"inLanguage":"en-US"}]}},"wpml_current_locale":"en_US","wpml_translations":{"th":{"locale":"th","id":39878,"slug":"%e0%b8%84%e0%b8%ad%e0%b8%a3%e0%b9%8c%e0%b8%aa%e0%b9%80%e0%b8%a3%e0%b8%b5%e0%b8%a2%e0%b8%99%e0%b8%a3%e0%b8%b9%e0%b9%89%e0%b8%81%e0%b8%b2%e0%b8%a3%e0%b8%9b%e0%b9%89%e0%b8%ad%e0%b8%87%e0%b8%81%e0%b8%b1","post_title":"\u0e04\u0e2d\u0e23\u0e4c\u0e2a\u0e40\u0e23\u0e35\u0e22\u0e19\u0e23\u0e39\u0e49\u0e01\u0e32\u0e23\u0e1b\u0e49\u0e2d\u0e07\u0e01\u0e31\u0e19\u0e15\u0e31\u0e27","href":"https:\/\/soccercoacheshub.com\/th\/%e0%b8%ab%e0%b8%99%e0%b9%89%e0%b8%b2%e0%b8%ab%e0%b8%a5%e0%b8%b1%e0%b8%81%e0%b8%aa%e0%b8%b9%e0%b8%95%e0%b8%a3\/%e0%b8%84%e0%b8%ad%e0%b8%a3%e0%b9%8c%e0%b8%aa%e0%b9%80%e0%b8%a3%e0%b8%b5%e0%b8%a2%e0%b8%99%e0%b8%a3%e0%b8%b9%e0%b9%89%e0%b8%81%e0%b8%b2%e0%b8%a3%e0%b8%9b%e0%b9%89%e0%b8%ad%e0%b8%87%e0%b8%81%e0%b8%b1\/"}},"bb_access":{"can_access":true,"restrict_message":null},"language":{"code":"en","locale":"","name":"","is_rtl":false},"_links":{"self":[{"href":"https:\/\/soccercoacheshub.com\/wp-json\/wp\/v2\/pages\/39780","targetHints":{"allow":["GET"]}}],"collection":[{"href":"https:\/\/soccercoacheshub.com\/wp-json\/wp\/v2\/pages"}],"about":[{"href":"https:\/\/soccercoacheshub.com\/wp-json\/wp\/v2\/types\/page"}],"author":[{"embeddable":true,"href":"https:\/\/soccercoacheshub.com\/wp-json\/wp\/v2\/users\/24"}],"replies":[{"embeddable":true,"href":"https:\/\/soccercoacheshub.com\/wp-json\/wp\/v2\/comments?post=39780"}],"version-history":[{"count":3,"href":"https:\/\/soccercoacheshub.com\/wp-json\/wp\/v2\/pages\/39780\/revisions"}],"predecessor-version":[{"id":43759,"href":"https:\/\/soccercoacheshub.com\/wp-json\/wp\/v2\/pages\/39780\/revisions\/43759"}],"up":[{"embeddable":true,"href":"https:\/\/soccercoacheshub.com\/wp-json\/wp\/v2\/pages\/38406"}],"wp:attachment":[{"href":"https:\/\/soccercoacheshub.com\/wp-json\/wp\/v2\/media?parent=39780"}],"curies":[{"name":"wp","href":"https:\/\/api.w.org\/{rel}","templated":true}]}}