{"id":39850,"date":"2025-04-23T10:11:58","date_gmt":"2025-04-23T08:11:58","guid":{"rendered":"https:\/\/soccercoacheshub.com\/?page_id=39850"},"modified":"2025-11-29T21:44:18","modified_gmt":"2025-11-29T19:44:18","slug":"mental-coaching-courses","status":"publish","type":"page","link":"https:\/\/soccercoacheshub.com\/all-courses\/mental-coaching-courses\/","title":{"rendered":"Mental Coaching Courses"},"content":{"rendered":"\n\n\n<div class=\"wp-block-stackable-button-group stk-block-button-group stk-block stk-9fdebb1\" data-block-id=\"9fdebb1\"><div class=\"stk-row stk-inner-blocks stk-block-content stk-button-group\">\n<div class=\"wp-block-stackable-button stk-block-button is-style-ghost stk-block stk-75ed45f\" data-block-id=\"75ed45f\"><style>.stk-75ed45f .stk-button{background:transparent !important;}.stk-75ed45f .stk-button:hover:after{background:transparent !important;opacity:1 !important;}:where(.stk-hover-parent:hover,  .stk-hover-parent.stk--is-hovered) .stk-75ed45f .stk-button:after{background:transparent !important;opacity:1 !important;}.stk-75ed45f .stk-button:before{border-style:solid !important;border-color:#227f77 !important;}.stk-75ed45f .stk-button .stk--inner-svg svg:last-child{margin-inline-end:0px !important;}.stk-75ed45f .stk-button .stk--inner-svg svg:last-child, .stk-75ed45f .stk-button .stk--inner-svg svg:last-child :is(g, path, rect, polygon, ellipse){fill:#227f77 !important;}.stk-75ed45f .stk-button__inner-text{color:#227f77 !important;}<\/style><a class=\"stk-link stk-button\" href=\"\/all-courses\/\"><span class=\"has-text-color stk-button__inner-text\">Back<\/span><\/a><\/div>\n<\/div><\/div>\n\n\n\n<div class=\"wp-block-stackable-heading stk-block-heading stk-block-heading--v2 stk-block stk-f31c190\" id=\"mental-coaching-courses\" data-block-id=\"f31c190\"><style>.stk-f31c190 {margin-bottom:35px !important;}.stk-f31c190 .stk-block-heading__text{text-shadow:1px 1px 4px #00000033 !important;}<\/style><h1 class=\"stk-block-heading__text\">Mental Coaching Courses<\/h1><\/div>\n\n\n\n<h2 class=\"wp-block-heading\">Performance is like a puzzle and mental coaching is one of the most important pieces<\/h2>\n\n\n\n<p>Browse through various courses focused on mental coaching.<\/p>\n\n\n<div class=\"learndash-wrap\"><div id=\"ld-course-list-content-492ed34650070e00c6913c36d94939c5\" class=\"ld-course-list-content\" data-shortcode-atts=\"{\"orderby\":\"date\",\"category_name\":\"mental-coaching\",\"col\":\"4\",\"num\":\"70\",\"course_grid\":\"true\"}\">\n\t\t\t<div class=\"ld-course-list-items row\">\n\t\n    <div class=\"ld_course_grid col-sm-6 col-md-3  bb-course-item-wrap\">\n\n        <div class=\"bb-cover-list-item bb-course-paid \">\n\t\t\t\n                    <div class=\"bb-course-cover\">\n                        <a title=\"ENG | Essential Mental Skills in Soccer\" href=\"https:\/\/soccercoacheshub.com\/courses\/eng-essential-mental-skills-in-soccer\/\" class=\"bb-cover-wrap\">\n\t\t\t\t\t\t\t<div class=\"ld-status ld-status-incomplete ld-third-background\">Not Enrolled<\/div>\n\t\t\t\t\t\t\t<img fetchpriority=\"high\" decoding=\"async\" width=\"624\" height=\"624\" src=\"https:\/\/soccercoacheshub.s3.eu-central-1.amazonaws.com\/sch-content\/uploads\/2023\/11\/09141444\/34.jpg-624x624.jpg\" class=\"attachment-post-thumbnail size-post-thumbnail wp-post-image\" alt=\"Essential Mental Skills in Soccer - Michal Kop\u010dan - SoccerCoachesHub.com\" srcset=\"https:\/\/soccercoacheshub.s3.eu-central-1.amazonaws.com\/sch-content\/uploads\/2023\/11\/09141444\/34.jpg-624x624.jpg 624w, https:\/\/soccercoacheshub.s3.eu-central-1.amazonaws.com\/sch-content\/uploads\/2023\/11\/09141444\/34.jpg-300x300.jpg 300w, https:\/\/soccercoacheshub.s3.eu-central-1.amazonaws.com\/sch-content\/uploads\/2023\/11\/09141444\/34.jpg-150x150.jpg 150w, https:\/\/soccercoacheshub.s3.eu-central-1.amazonaws.com\/sch-content\/uploads\/2023\/11\/09141444\/34.jpg-768x768.jpg 768w, https:\/\/soccercoacheshub.s3.eu-central-1.amazonaws.com\/sch-content\/uploads\/2023\/11\/09141444\/34.jpg-600x600.jpg 600w, https:\/\/soccercoacheshub.s3.eu-central-1.amazonaws.com\/sch-content\/uploads\/2023\/11\/09141444\/34.jpg-100x100.jpg 100w, https:\/\/soccercoacheshub.s3.eu-central-1.amazonaws.com\/sch-content\/uploads\/2023\/11\/09141444\/34.jpg.jpg 946w\" sizes=\"(max-width: 624px) 100vw, 624px\" \/>                        <\/a>\n                    <\/div>\n\n\t\t\t\n\t\t\t\n                <div class=\"bb-card-course-details\">\n\t\t\t\t\t<div class=\"course-lesson-count\">16 Lessons<\/div>                    <h2 class=\"bb-course-title\"><a href=\"https:\/\/soccercoacheshub.com\/courses\/eng-essential-mental-skills-in-soccer\/\">ENG | Essential Mental Skills in Soccer<\/a><\/h2>\n\t\t\t\t\t\t\t\t\t\t\t<div class=\"bb-course-meta\">\n\t\t<a class=\"item-avatar\" href=\"https:\/\/soccercoacheshub.com\/sk\/clenovia\/ucitel1\/\" class=\"item-avatar\" aria-label=\"PhDr. Michal Kop\u010dan\">\n\t\t<img alt='' src='https:\/\/soccercoacheshub.s3.eu-central-1.amazonaws.com\/sch-content\/uploads\/avatars\/792\/6352a47d5e197-bpthumb.jpg' srcset='https:\/\/soccercoacheshub.s3.eu-central-1.amazonaws.com\/sch-content\/uploads\/avatars\/792\/6352a47d5e197-bpthumb.jpg 2x' class='avatar avatar-80 photo' height='80' width='80' \/>\t<\/a>\n\t<strong>\n\t\t<a href=\"https:\/\/soccercoacheshub.com\/sk\/clenovia\/ucitel1\/\">PhDr. Michal Kop\u010dan<\/a>\n\t<\/strong>\n<\/div>\n\t\t\t\t\t\t\t\t\t\t                        <div class=\"bb-course-footer bb-course-pay\">\n                        <span class=\"course-fee\">\n                                                39\u20ac \/ $44.85                    <\/span>\n                        <\/div>\n                <\/div><!-- .entry-header -->\n\n        <\/div><!-- #post-## -->\n    <\/div>\n\t\n    <div class=\"ld_course_grid col-sm-6 col-md-3  bb-course-item-wrap\">\n\n        <div class=\"bb-cover-list-item bb-course-paid \">\n\t\t\t\n                    <div class=\"bb-course-cover\">\n                        <a title=\"SVK | \u017di a d\u00fdchaj s tokom \u017eivota\" href=\"https:\/\/soccercoacheshub.com\/courses\/svk-zi-a-dychaj-s-tokom-zivota\/\" class=\"bb-cover-wrap\">\n\t\t\t\t\t\t\t<div class=\"ld-status ld-status-incomplete ld-third-background\">Not Enrolled<\/div>\n\t\t\t\t\t\t\t<img decoding=\"async\" width=\"624\" height=\"416\" src=\"https:\/\/soccercoacheshub.s3.eu-central-1.amazonaws.com\/sch-content\/uploads\/2022\/12\/09142402\/FB_IMG_1612866453627-624x416.jpg\" class=\"attachment-post-thumbnail size-post-thumbnail wp-post-image\" alt=\"SVK | \u017di a d\u00fdchaj s tokom \u017eivota - Michal Kop\u010dan - SoccerCoachesHub.com\" srcset=\"https:\/\/soccercoacheshub.s3.eu-central-1.amazonaws.com\/sch-content\/uploads\/2022\/12\/09142402\/FB_IMG_1612866453627-624x416.jpg 624w, https:\/\/soccercoacheshub.s3.eu-central-1.amazonaws.com\/sch-content\/uploads\/2022\/12\/09142402\/FB_IMG_1612866453627-600x400.jpg 600w, https:\/\/soccercoacheshub.s3.eu-central-1.amazonaws.com\/sch-content\/uploads\/2022\/12\/09142402\/FB_IMG_1612866453627-300x200.jpg 300w, https:\/\/soccercoacheshub.s3.eu-central-1.amazonaws.com\/sch-content\/uploads\/2022\/12\/09142402\/FB_IMG_1612866453627-1024x683.jpg 1024w, https:\/\/soccercoacheshub.s3.eu-central-1.amazonaws.com\/sch-content\/uploads\/2022\/12\/09142402\/FB_IMG_1612866453627-768x512.jpg 768w, https:\/\/soccercoacheshub.s3.eu-central-1.amazonaws.com\/sch-content\/uploads\/2022\/12\/09142402\/FB_IMG_1612866453627.jpg 1080w\" sizes=\"(max-width: 624px) 100vw, 624px\" \/>                        <\/a>\n                    <\/div>\n\n\t\t\t\n\t\t\t\n                <div class=\"bb-card-course-details\">\n\t\t\t\t\t<div class=\"course-lesson-count\">4 Lessons<\/div>                    <h2 class=\"bb-course-title\"><a href=\"https:\/\/soccercoacheshub.com\/courses\/svk-zi-a-dychaj-s-tokom-zivota\/\">SVK | \u017di a d\u00fdchaj s tokom \u017eivota<\/a><\/h2>\n\t\t\t\t\t\t\t\t\t\t\t<div class=\"bb-course-meta\">\n\t\t<a class=\"item-avatar\" href=\"https:\/\/soccercoacheshub.com\/sk\/clenovia\/ucitel1\/\" class=\"item-avatar\" aria-label=\"PhDr. Michal Kop\u010dan\">\n\t\t<img alt='' src='https:\/\/soccercoacheshub.s3.eu-central-1.amazonaws.com\/sch-content\/uploads\/avatars\/792\/6352a47d5e197-bpthumb.jpg' srcset='https:\/\/soccercoacheshub.s3.eu-central-1.amazonaws.com\/sch-content\/uploads\/avatars\/792\/6352a47d5e197-bpthumb.jpg 2x' class='avatar avatar-80 photo' height='80' width='80' \/>\t<\/a>\n\t<strong>\n\t\t<a href=\"https:\/\/soccercoacheshub.com\/sk\/clenovia\/ucitel1\/\">PhDr. Michal Kop\u010dan<\/a>\n\t<\/strong>\n<\/div>\n\t\t\t\t\t\t\t\t\t\t                        <div class=\"bb-course-footer bb-course-pay\">\n                        <span class=\"course-fee\">\n                                                15\u20ac \/ $17.25                    <\/span>\n                        <\/div>\n                <\/div><!-- .entry-header -->\n\n        <\/div><!-- #post-## -->\n    <\/div>\n\t\n    <div class=\"ld_course_grid col-sm-6 col-md-3  bb-course-item-wrap\">\n\n        <div class=\"bb-cover-list-item bb-course-paid \">\n\t\t\t\n                    <div class=\"bb-course-cover\">\n                        <a title=\"SVK | Porozumenie princ\u00edpov \u0161pi\u010dkovej v\u00fdkonnosti\" href=\"https:\/\/soccercoacheshub.com\/courses\/svk-porozumenie-principov-spickovej-vykonnosti\/\" class=\"bb-cover-wrap\">\n\t\t\t\t\t\t\t<div class=\"ld-status ld-status-incomplete ld-third-background\">Not Enrolled<\/div>\n\t\t\t\t\t\t\t<img decoding=\"async\" width=\"624\" height=\"416\" src=\"https:\/\/soccercoacheshub.s3.eu-central-1.amazonaws.com\/sch-content\/uploads\/2023\/01\/09142358\/310548665_462214182355406_2343584951042771174_n-624x416.jpg\" class=\"attachment-post-thumbnail size-post-thumbnail wp-post-image\" alt=\"SVK | Porozumenie princ\u00edpov \u0161pi\u010dkovej v\u00fdkonnosti - Kop\u010dan - SoccerCoachesHub.com\" srcset=\"https:\/\/soccercoacheshub.s3.eu-central-1.amazonaws.com\/sch-content\/uploads\/2023\/01\/09142358\/310548665_462214182355406_2343584951042771174_n-624x416.jpg 624w, https:\/\/soccercoacheshub.s3.eu-central-1.amazonaws.com\/sch-content\/uploads\/2023\/01\/09142358\/310548665_462214182355406_2343584951042771174_n-600x400.jpg 600w, https:\/\/soccercoacheshub.s3.eu-central-1.amazonaws.com\/sch-content\/uploads\/2023\/01\/09142358\/310548665_462214182355406_2343584951042771174_n-300x200.jpg 300w, https:\/\/soccercoacheshub.s3.eu-central-1.amazonaws.com\/sch-content\/uploads\/2023\/01\/09142358\/310548665_462214182355406_2343584951042771174_n-1024x683.jpg 1024w, https:\/\/soccercoacheshub.s3.eu-central-1.amazonaws.com\/sch-content\/uploads\/2023\/01\/09142358\/310548665_462214182355406_2343584951042771174_n-768x512.jpg 768w, https:\/\/soccercoacheshub.s3.eu-central-1.amazonaws.com\/sch-content\/uploads\/2023\/01\/09142358\/310548665_462214182355406_2343584951042771174_n.jpg 1080w\" sizes=\"(max-width: 624px) 100vw, 624px\" \/>                        <\/a>\n                    <\/div>\n\n\t\t\t\n\t\t\t\n                <div class=\"bb-card-course-details\">\n\t\t\t\t\t<div class=\"course-lesson-count\">4 Lessons<\/div>                    <h2 class=\"bb-course-title\"><a href=\"https:\/\/soccercoacheshub.com\/courses\/svk-porozumenie-principov-spickovej-vykonnosti\/\">SVK | Porozumenie princ\u00edpov \u0161pi\u010dkovej v\u00fdkonnosti<\/a><\/h2>\n\t\t\t\t\t\t\t\t\t\t\t<div class=\"bb-course-meta\">\n\t\t<a class=\"item-avatar\" href=\"https:\/\/soccercoacheshub.com\/sk\/clenovia\/ucitel1\/\" class=\"item-avatar\" aria-label=\"PhDr. Michal Kop\u010dan\">\n\t\t<img alt='' src='https:\/\/soccercoacheshub.s3.eu-central-1.amazonaws.com\/sch-content\/uploads\/avatars\/792\/6352a47d5e197-bpthumb.jpg' srcset='https:\/\/soccercoacheshub.s3.eu-central-1.amazonaws.com\/sch-content\/uploads\/avatars\/792\/6352a47d5e197-bpthumb.jpg 2x' class='avatar avatar-80 photo' height='80' width='80' \/>\t<\/a>\n\t<strong>\n\t\t<a href=\"https:\/\/soccercoacheshub.com\/sk\/clenovia\/ucitel1\/\">PhDr. Michal Kop\u010dan<\/a>\n\t<\/strong>\n<\/div>\n\t\t\t\t\t\t\t\t\t\t                        <div class=\"bb-course-footer bb-course-pay\">\n                        <span class=\"course-fee\">\n                                                15\u20ac \/ $17.25                    <\/span>\n                        <\/div>\n                <\/div><!-- .entry-header -->\n\n        <\/div><!-- #post-## -->\n    <\/div>\n\t\n    <div class=\"ld_course_grid col-sm-6 col-md-3  bb-course-item-wrap\">\n\n        <div class=\"bb-cover-list-item bb-course-paid \">\n\t\t\t\n                    <div class=\"bb-course-cover\">\n                        <a title=\"SVK | Z\u00e1kladn\u00e9 ment\u00e1lne zru\u010dnosti\" href=\"https:\/\/soccercoacheshub.com\/courses\/svk-zakladne-mentalne-zrucnosti\/\" class=\"bb-cover-wrap\">\n\t\t\t\t\t\t\t<div class=\"ld-status ld-status-incomplete ld-third-background\">Not Enrolled<\/div>\n\t\t\t\t\t\t\t<img loading=\"lazy\" decoding=\"async\" width=\"624\" height=\"440\" src=\"https:\/\/soccercoacheshub.s3.eu-central-1.amazonaws.com\/sch-content\/uploads\/2022\/10\/09142547\/Kopcan-Zakladne-mentalne-zrucnosti-foto-kurzu-2-624x440.jpg\" class=\"attachment-post-thumbnail size-post-thumbnail wp-post-image\" alt=\"Kop\u010dan - Z\u00e1kladn\u00e9 ment\u00e1lne zru\u010dnosti - foto kurzu 2\" srcset=\"https:\/\/soccercoacheshub.s3.eu-central-1.amazonaws.com\/sch-content\/uploads\/2022\/10\/09142547\/Kopcan-Zakladne-mentalne-zrucnosti-foto-kurzu-2-624x440.jpg 624w, https:\/\/soccercoacheshub.s3.eu-central-1.amazonaws.com\/sch-content\/uploads\/2022\/10\/09142547\/Kopcan-Zakladne-mentalne-zrucnosti-foto-kurzu-2-600x423.jpg 600w, https:\/\/soccercoacheshub.s3.eu-central-1.amazonaws.com\/sch-content\/uploads\/2022\/10\/09142547\/Kopcan-Zakladne-mentalne-zrucnosti-foto-kurzu-2-300x212.jpg 300w, https:\/\/soccercoacheshub.s3.eu-central-1.amazonaws.com\/sch-content\/uploads\/2022\/10\/09142547\/Kopcan-Zakladne-mentalne-zrucnosti-foto-kurzu-2-1024x722.jpg 1024w, https:\/\/soccercoacheshub.s3.eu-central-1.amazonaws.com\/sch-content\/uploads\/2022\/10\/09142547\/Kopcan-Zakladne-mentalne-zrucnosti-foto-kurzu-2-768x542.jpg 768w, https:\/\/soccercoacheshub.s3.eu-central-1.amazonaws.com\/sch-content\/uploads\/2022\/10\/09142547\/Kopcan-Zakladne-mentalne-zrucnosti-foto-kurzu-2-1536x1083.jpg 1536w, https:\/\/soccercoacheshub.s3.eu-central-1.amazonaws.com\/sch-content\/uploads\/2022\/10\/09142547\/Kopcan-Zakladne-mentalne-zrucnosti-foto-kurzu-2.jpg 1965w\" sizes=\"(max-width: 624px) 100vw, 624px\" \/>                        <\/a>\n                    <\/div>\n\n\t\t\t\n\t\t\t\n                <div class=\"bb-card-course-details\">\n\t\t\t\t\t<div class=\"course-lesson-count\">28 Lessons<\/div>                    <h2 class=\"bb-course-title\"><a href=\"https:\/\/soccercoacheshub.com\/courses\/svk-zakladne-mentalne-zrucnosti\/\">SVK | Z\u00e1kladn\u00e9 ment\u00e1lne zru\u010dnosti<\/a><\/h2>\n\t\t\t\t\t\t\t\t\t\t\t<div class=\"bb-course-meta\">\n\t\t<a class=\"item-avatar\" href=\"https:\/\/soccercoacheshub.com\/sk\/clenovia\/ucitel1\/\" class=\"item-avatar\" aria-label=\"PhDr. Michal Kop\u010dan\">\n\t\t<img alt='' src='https:\/\/soccercoacheshub.s3.eu-central-1.amazonaws.com\/sch-content\/uploads\/avatars\/792\/6352a47d5e197-bpthumb.jpg' srcset='https:\/\/soccercoacheshub.s3.eu-central-1.amazonaws.com\/sch-content\/uploads\/avatars\/792\/6352a47d5e197-bpthumb.jpg 2x' class='avatar avatar-80 photo' height='80' width='80' \/>\t<\/a>\n\t<strong>\n\t\t<a href=\"https:\/\/soccercoacheshub.com\/sk\/clenovia\/ucitel1\/\">PhDr. Michal Kop\u010dan<\/a>\n\t<\/strong>\n<\/div>\n\t\t\t\t\t\t\t\t\t\t                        <div class=\"bb-course-footer bb-course-pay\">\n                        <span class=\"course-fee\">\n                                                39 \u20ac \/ $44.85                    <\/span>\n                        <\/div>\n                <\/div><!-- .entry-header -->\n\n        <\/div><!-- #post-## -->\n    <\/div>\n\t\n    <div class=\"ld_course_grid col-sm-6 col-md-3  bb-course-item-wrap\">\n\n        <div class=\"bb-cover-list-item bb-course-paid \">\n\t\t\t\n                    <div class=\"bb-course-cover\">\n                        <a title=\"SVK | Komunik\u00e1cia v pr\u00e1ci futbalov\u00e9ho tr\u00e9nera\" href=\"https:\/\/soccercoacheshub.com\/courses\/komunikacia-v-praci-futbaloveho-trenera\/\" class=\"bb-cover-wrap\">\n\t\t\t\t\t\t\t<div class=\"ld-status ld-status-incomplete ld-third-background\">Not Enrolled<\/div>\n\t\t\t\t\t\t\t<img loading=\"lazy\" decoding=\"async\" width=\"624\" height=\"390\" src=\"https:\/\/soccercoacheshub.s3.eu-central-1.amazonaws.com\/sch-content\/uploads\/2024\/01\/09142734\/kopcan-624x390.png\" class=\"attachment-post-thumbnail size-post-thumbnail wp-post-image\" alt=\"Komunik\u00e1cia v pr\u00e1ci futbalov\u00e9ho tr\u00e9nera\" srcset=\"https:\/\/soccercoacheshub.s3.eu-central-1.amazonaws.com\/sch-content\/uploads\/2024\/01\/09142734\/kopcan-624x390.png 624w, https:\/\/soccercoacheshub.s3.eu-central-1.amazonaws.com\/sch-content\/uploads\/2024\/01\/09142734\/kopcan-600x375.png 600w, https:\/\/soccercoacheshub.s3.eu-central-1.amazonaws.com\/sch-content\/uploads\/2024\/01\/09142734\/kopcan-300x188.png 300w, https:\/\/soccercoacheshub.s3.eu-central-1.amazonaws.com\/sch-content\/uploads\/2024\/01\/09142734\/kopcan-1024x640.png 1024w, https:\/\/soccercoacheshub.s3.eu-central-1.amazonaws.com\/sch-content\/uploads\/2024\/01\/09142734\/kopcan-768x480.png 768w, https:\/\/soccercoacheshub.s3.eu-central-1.amazonaws.com\/sch-content\/uploads\/2024\/01\/09142734\/kopcan-1536x960.png 1536w, https:\/\/soccercoacheshub.s3.eu-central-1.amazonaws.com\/sch-content\/uploads\/2024\/01\/09142734\/kopcan.png 1920w\" sizes=\"(max-width: 624px) 100vw, 624px\" \/>                        <\/a>\n                    <\/div>\n\n\t\t\t\n\t\t\t\n                <div class=\"bb-card-course-details\">\n\t\t\t\t\t<div class=\"course-lesson-count\">11 Lessons<\/div>                    <h2 class=\"bb-course-title\"><a href=\"https:\/\/soccercoacheshub.com\/courses\/komunikacia-v-praci-futbaloveho-trenera\/\">SVK | Komunik\u00e1cia v pr\u00e1ci futbalov\u00e9ho tr\u00e9nera<\/a><\/h2>\n\t\t\t\t\t\t\t\t\t\t\t<div class=\"bb-course-meta\">\n\t\t<a class=\"item-avatar\" href=\"https:\/\/soccercoacheshub.com\/sk\/clenovia\/ucitel1\/\" class=\"item-avatar\" aria-label=\"PhDr. Michal Kop\u010dan\">\n\t\t<img alt='' src='https:\/\/soccercoacheshub.s3.eu-central-1.amazonaws.com\/sch-content\/uploads\/avatars\/792\/6352a47d5e197-bpthumb.jpg' srcset='https:\/\/soccercoacheshub.s3.eu-central-1.amazonaws.com\/sch-content\/uploads\/avatars\/792\/6352a47d5e197-bpthumb.jpg 2x' class='avatar avatar-80 photo' height='80' width='80' \/>\t<\/a>\n\t<strong>\n\t\t<a href=\"https:\/\/soccercoacheshub.com\/sk\/clenovia\/ucitel1\/\">PhDr. Michal Kop\u010dan<\/a>\n\t<\/strong>\n<\/div>\n\t\t\t\t\t\t\t\t\t\t                        <div class=\"bb-course-footer bb-course-pay\">\n                        <span class=\"course-fee\">\n                                                29 \u20ac \/ $33.35                    <\/span>\n                        <\/div>\n                <\/div><!-- .entry-header -->\n\n        <\/div><!-- #post-## -->\n    <\/div>\n\t\t<\/div>\n\t\t\t<\/div>\n\t\t<\/div>\n\n\n<p><\/p>\n","protected":false},"excerpt":{"rendered":"<p>Back Mental Coaching Courses Performance is like a puzzle and mental coaching is one of the most important pieces Browse through various courses focused on\u2026<\/p>\n","protected":false},"author":24,"featured_media":0,"parent":38406,"menu_order":0,"comment_status":"closed","ping_status":"closed","template":"","meta":{"_acf_changed":false,"_editorskit_title_hidden":true,"_editorskit_reading_time":0,"_editorskit_is_block_options_detached":false,"_editorskit_block_options_position":"{}","_monsterinsights_skip_tracking":false,"_monsterinsights_sitenote_active":false,"_monsterinsights_sitenote_note":"","_monsterinsights_sitenote_category":0,"footnotes":""},"class_list":["post-39850","page","type-page","status-publish","hentry"],"acf":[],"yoast_head":"<!-- This site is optimized with the Yoast SEO plugin v27.3 - https:\/\/yoast.com\/product\/yoast-seo-wordpress\/ -->\n<title>Soccer Coaches Hub<\/title>\n<meta name=\"robots\" content=\"index, follow, max-snippet:-1, max-image-preview:large, max-video-preview:-1\" \/>\n<link rel=\"canonical\" href=\"https:\/\/soccercoacheshub.com\/all-courses\/mental-coaching-courses\/\" \/>\n<meta property=\"og:locale\" content=\"en_US\" \/>\n<meta property=\"og:type\" content=\"article\" \/>\n<meta property=\"og:title\" content=\"Mental Coaching Courses - Soccer Coaches Hub\" \/>\n<meta property=\"og:description\" content=\"Back Mental Coaching Courses Performance is like a puzzle and mental coaching is one of the most important pieces Browse through various courses focused on\u2026\" \/>\n<meta property=\"og:url\" content=\"https:\/\/soccercoacheshub.com\/all-courses\/mental-coaching-courses\/\" \/>\n<meta property=\"og:site_name\" content=\"Soccer Coaches Hub\" \/>\n<meta property=\"article:modified_time\" content=\"2025-11-29T19:44:18+00:00\" \/>\n<meta name=\"twitter:card\" content=\"summary_large_image\" \/>\n<meta name=\"twitter:label1\" content=\"Est. reading time\" \/>\n\t<meta name=\"twitter:data1\" content=\"1 minute\" \/>\n<script type=\"application\/ld+json\" class=\"yoast-schema-graph\">{\"@context\":\"https:\\\/\\\/schema.org\",\"@graph\":[{\"@type\":\"WebPage\",\"@id\":\"https:\\\/\\\/soccercoacheshub.com\\\/all-courses\\\/mental-coaching-courses\\\/\",\"url\":\"https:\\\/\\\/soccercoacheshub.com\\\/all-courses\\\/mental-coaching-courses\\\/\",\"name\":\"Mental Coaching Courses - Soccer Coaches Hub\",\"isPartOf\":{\"@id\":\"https:\\\/\\\/soccercoacheshub.com\\\/#website\"},\"datePublished\":\"2025-04-23T08:11:58+00:00\",\"dateModified\":\"2025-11-29T19:44:18+00:00\",\"breadcrumb\":{\"@id\":\"https:\\\/\\\/soccercoacheshub.com\\\/all-courses\\\/mental-coaching-courses\\\/#breadcrumb\"},\"inLanguage\":\"en-US\",\"potentialAction\":[{\"@type\":\"ReadAction\",\"target\":[\"https:\\\/\\\/soccercoacheshub.com\\\/all-courses\\\/mental-coaching-courses\\\/\"]}]},{\"@type\":\"BreadcrumbList\",\"@id\":\"https:\\\/\\\/soccercoacheshub.com\\\/all-courses\\\/mental-coaching-courses\\\/#breadcrumb\",\"itemListElement\":[{\"@type\":\"ListItem\",\"position\":1,\"name\":\"Home\",\"item\":\"https:\\\/\\\/soccercoacheshub.com\\\/\"},{\"@type\":\"ListItem\",\"position\":2,\"name\":\"Courses page\",\"item\":\"https:\\\/\\\/soccercoacheshub.com\\\/all-courses\\\/\"},{\"@type\":\"ListItem\",\"position\":3,\"name\":\"Mental Coaching Courses\"}]},{\"@type\":\"WebSite\",\"@id\":\"https:\\\/\\\/soccercoacheshub.com\\\/#website\",\"url\":\"https:\\\/\\\/soccercoacheshub.com\\\/\",\"name\":\"Soccer Coaches Hub\",\"description\":\"Soccer Coaches Hub\",\"potentialAction\":[{\"@type\":\"SearchAction\",\"target\":{\"@type\":\"EntryPoint\",\"urlTemplate\":\"https:\\\/\\\/soccercoacheshub.com\\\/?s={search_term_string}\"},\"query-input\":{\"@type\":\"PropertyValueSpecification\",\"valueRequired\":true,\"valueName\":\"search_term_string\"}}],\"inLanguage\":\"en-US\"}]}<\/script>\n<!-- \/ Yoast SEO plugin. -->","yoast_head_json":{"title":"Soccer Coaches Hub","robots":{"index":"index","follow":"follow","max-snippet":"max-snippet:-1","max-image-preview":"max-image-preview:large","max-video-preview":"max-video-preview:-1"},"canonical":"https:\/\/soccercoacheshub.com\/all-courses\/mental-coaching-courses\/","og_locale":"en_US","og_type":"article","og_title":"Mental Coaching Courses - Soccer Coaches Hub","og_description":"Back Mental Coaching Courses Performance is like a puzzle and mental coaching is one of the most important pieces Browse through various courses focused on\u2026","og_url":"https:\/\/soccercoacheshub.com\/all-courses\/mental-coaching-courses\/","og_site_name":"Soccer Coaches Hub","article_modified_time":"2025-11-29T19:44:18+00:00","twitter_card":"summary_large_image","twitter_misc":{"Est. reading time":"1 minute"},"schema":{"@context":"https:\/\/schema.org","@graph":[{"@type":"WebPage","@id":"https:\/\/soccercoacheshub.com\/all-courses\/mental-coaching-courses\/","url":"https:\/\/soccercoacheshub.com\/all-courses\/mental-coaching-courses\/","name":"Mental Coaching Courses - Soccer Coaches Hub","isPartOf":{"@id":"https:\/\/soccercoacheshub.com\/#website"},"datePublished":"2025-04-23T08:11:58+00:00","dateModified":"2025-11-29T19:44:18+00:00","breadcrumb":{"@id":"https:\/\/soccercoacheshub.com\/all-courses\/mental-coaching-courses\/#breadcrumb"},"inLanguage":"en-US","potentialAction":[{"@type":"ReadAction","target":["https:\/\/soccercoacheshub.com\/all-courses\/mental-coaching-courses\/"]}]},{"@type":"BreadcrumbList","@id":"https:\/\/soccercoacheshub.com\/all-courses\/mental-coaching-courses\/#breadcrumb","itemListElement":[{"@type":"ListItem","position":1,"name":"Home","item":"https:\/\/soccercoacheshub.com\/"},{"@type":"ListItem","position":2,"name":"Courses page","item":"https:\/\/soccercoacheshub.com\/all-courses\/"},{"@type":"ListItem","position":3,"name":"Mental Coaching Courses"}]},{"@type":"WebSite","@id":"https:\/\/soccercoacheshub.com\/#website","url":"https:\/\/soccercoacheshub.com\/","name":"Soccer Coaches Hub","description":"Soccer Coaches Hub","potentialAction":[{"@type":"SearchAction","target":{"@type":"EntryPoint","urlTemplate":"https:\/\/soccercoacheshub.com\/?s={search_term_string}"},"query-input":{"@type":"PropertyValueSpecification","valueRequired":true,"valueName":"search_term_string"}}],"inLanguage":"en-US"}]}},"wpml_current_locale":"en_US","wpml_translations":{"th":{"locale":"th","id":39910,"slug":"%e0%b8%ab%e0%b8%a5%e0%b8%b1%e0%b8%81%e0%b8%aa%e0%b8%b9%e0%b8%95%e0%b8%a3%e0%b8%81%e0%b8%b2%e0%b8%a3%e0%b8%9d%e0%b8%b6%e0%b8%81%e0%b8%aa%e0%b8%a1%e0%b8%ad%e0%b8%87","post_title":"\u0e2b\u0e25\u0e31\u0e01\u0e2a\u0e39\u0e15\u0e23\u0e01\u0e32\u0e23\u0e1d\u0e36\u0e01\u0e2a\u0e21\u0e2d\u0e07","href":"https:\/\/soccercoacheshub.com\/th\/%e0%b8%ab%e0%b8%99%e0%b9%89%e0%b8%b2%e0%b8%ab%e0%b8%a5%e0%b8%b1%e0%b8%81%e0%b8%aa%e0%b8%b9%e0%b8%95%e0%b8%a3\/%e0%b8%ab%e0%b8%a5%e0%b8%b1%e0%b8%81%e0%b8%aa%e0%b8%b9%e0%b8%95%e0%b8%a3%e0%b8%81%e0%b8%b2%e0%b8%a3%e0%b8%9d%e0%b8%b6%e0%b8%81%e0%b8%aa%e0%b8%a1%e0%b8%ad%e0%b8%87\/"}},"bb_access":{"can_access":true,"restrict_message":null},"language":{"code":"en","locale":"","name":"","is_rtl":false},"_links":{"self":[{"href":"https:\/\/soccercoacheshub.com\/wp-json\/wp\/v2\/pages\/39850","targetHints":{"allow":["GET"]}}],"collection":[{"href":"https:\/\/soccercoacheshub.com\/wp-json\/wp\/v2\/pages"}],"about":[{"href":"https:\/\/soccercoacheshub.com\/wp-json\/wp\/v2\/types\/page"}],"author":[{"embeddable":true,"href":"https:\/\/soccercoacheshub.com\/wp-json\/wp\/v2\/users\/24"}],"replies":[{"embeddable":true,"href":"https:\/\/soccercoacheshub.com\/wp-json\/wp\/v2\/comments?post=39850"}],"version-history":[{"count":3,"href":"https:\/\/soccercoacheshub.com\/wp-json\/wp\/v2\/pages\/39850\/revisions"}],"predecessor-version":[{"id":43767,"href":"https:\/\/soccercoacheshub.com\/wp-json\/wp\/v2\/pages\/39850\/revisions\/43767"}],"up":[{"embeddable":true,"href":"https:\/\/soccercoacheshub.com\/wp-json\/wp\/v2\/pages\/38406"}],"wp:attachment":[{"href":"https:\/\/soccercoacheshub.com\/wp-json\/wp\/v2\/media?parent=39850"}],"curies":[{"name":"wp","href":"https:\/\/api.w.org\/{rel}","templated":true}]}}