{"id":39804,"date":"2025-04-22T14:53:07","date_gmt":"2025-04-22T12:53:07","guid":{"rendered":"https:\/\/soccercoacheshub.com\/?page_id=39804"},"modified":"2025-11-29T21:44:04","modified_gmt":"2025-11-29T19:44:04","slug":"goalkeeping-courses","status":"publish","type":"page","link":"https:\/\/soccercoacheshub.com\/all-courses\/goalkeeping-courses\/","title":{"rendered":"Goalkeeping Courses"},"content":{"rendered":"\n\n\n<div class=\"wp-block-stackable-button-group stk-block-button-group stk-block stk-9fdebb1\" data-block-id=\"9fdebb1\"><div class=\"stk-row stk-inner-blocks stk-block-content stk-button-group\">\n<div class=\"wp-block-stackable-button stk-block-button is-style-ghost stk-block stk-75ed45f\" data-block-id=\"75ed45f\"><style>.stk-75ed45f .stk-button{background:transparent !important;}.stk-75ed45f .stk-button:hover:after{background:transparent !important;opacity:1 !important;}:where(.stk-hover-parent:hover,  .stk-hover-parent.stk--is-hovered) .stk-75ed45f .stk-button:after{background:transparent !important;opacity:1 !important;}.stk-75ed45f .stk-button:before{border-style:solid !important;border-color:#227f77 !important;}.stk-75ed45f .stk-button .stk--inner-svg svg:last-child{margin-inline-end:0px !important;}.stk-75ed45f .stk-button .stk--inner-svg svg:last-child, .stk-75ed45f .stk-button .stk--inner-svg svg:last-child :is(g, path, rect, polygon, ellipse){fill:#227f77 !important;}.stk-75ed45f .stk-button__inner-text{color:#227f77 !important;}<\/style><a class=\"stk-link stk-button\" href=\"\/all-courses\/\"><span class=\"has-text-color stk-button__inner-text\">Back<\/span><\/a><\/div>\n<\/div><\/div>\n\n\n\n<div class=\"wp-block-stackable-heading stk-block-heading stk-block-heading--v2 stk-block stk-f31c190\" id=\"goalkeeping-courses\" data-block-id=\"f31c190\"><style>.stk-f31c190 {margin-bottom:35px !important;}.stk-f31c190 .stk-block-heading__text{text-shadow:1px 1px 4px #00000033 !important;}<\/style><h1 class=\"stk-block-heading__text\">Goalkeeping Courses<\/h1><\/div>\n\n\n\n<h2 class=\"wp-block-heading\">The level of the team is defined by the level of its goalkeeper<\/h2>\n\n\n\n<p>Browse through various courses focused on goalkeepers development.<\/p>\n\n\n<div class=\"learndash-wrap\"><div id=\"ld-course-list-content-caee0b570b306ba11f288fb7ab9c2e8d\" class=\"ld-course-list-content\" data-shortcode-atts=\"{\"orderby\":\"date\",\"category_name\":\"goalkeeping\",\"col\":\"4\",\"num\":\"70\",\"course_grid\":\"true\"}\">\n\t\t\t<div class=\"ld-course-list-items row\">\n\t\n    <div class=\"ld_course_grid col-sm-6 col-md-3  bb-course-item-wrap\">\n\n        <div class=\"bb-cover-list-item bb-course-paid \">\n\t\t\t\n                    <div class=\"bb-course-cover\">\n                        <a title=\"SVK | V\u00fdvojov\u00e9 tendencie brank\u00e1ra z MS v Katare 2022\" href=\"https:\/\/soccercoacheshub.com\/courses\/svk-vyvojove-tendencie-brankara-z-ms-v-katare-2022\/\" class=\"bb-cover-wrap\">\n\t\t\t\t\t\t\t<div class=\"ld-status ld-status-incomplete ld-third-background\">Not Enrolled<\/div>\n\t\t\t\t\t\t\t<img fetchpriority=\"high\" decoding=\"async\" width=\"624\" height=\"351\" src=\"https:\/\/soccercoacheshub.s3.eu-central-1.amazonaws.com\/sch-content\/uploads\/2023\/08\/09141709\/Titulna-fotka-624x351.png\" class=\"attachment-post-thumbnail size-post-thumbnail wp-post-image\" alt=\"SVK | V\u00fdvojov\u00e9 tendencie brank\u00e1ra z MS v Katare 2022 - Du\u0161an Mol\u010dan - SoccerCoachesHub.com\" srcset=\"https:\/\/soccercoacheshub.s3.eu-central-1.amazonaws.com\/sch-content\/uploads\/2023\/08\/09141709\/Titulna-fotka-624x351.png 624w, https:\/\/soccercoacheshub.s3.eu-central-1.amazonaws.com\/sch-content\/uploads\/2023\/08\/09141709\/Titulna-fotka-300x169.png 300w, https:\/\/soccercoacheshub.s3.eu-central-1.amazonaws.com\/sch-content\/uploads\/2023\/08\/09141709\/Titulna-fotka-1024x577.png 1024w, https:\/\/soccercoacheshub.s3.eu-central-1.amazonaws.com\/sch-content\/uploads\/2023\/08\/09141709\/Titulna-fotka-768x432.png 768w, https:\/\/soccercoacheshub.s3.eu-central-1.amazonaws.com\/sch-content\/uploads\/2023\/08\/09141709\/Titulna-fotka-600x338.png 600w, https:\/\/soccercoacheshub.s3.eu-central-1.amazonaws.com\/sch-content\/uploads\/2023\/08\/09141709\/Titulna-fotka.png 1506w\" sizes=\"(max-width: 624px) 100vw, 624px\" \/>                        <\/a>\n                    <\/div>\n\n\t\t\t\n\t\t\t\n                <div class=\"bb-card-course-details\">\n\t\t\t\t\t<div class=\"course-lesson-count\">10 Lessons<\/div>                    <h2 class=\"bb-course-title\"><a href=\"https:\/\/soccercoacheshub.com\/courses\/svk-vyvojove-tendencie-brankara-z-ms-v-katare-2022\/\">SVK | V\u00fdvojov\u00e9 tendencie brank\u00e1ra z MS v Katare 2022<\/a><\/h2>\n\t\t\t\t\t\t\t\t\t\t\t<div class=\"bb-course-meta\">\n\t\t<a class=\"item-avatar\" href=\"https:\/\/soccercoacheshub.com\/sk\/clenovia\/dusan\/\" class=\"item-avatar\" aria-label=\"Mgr. Du\u0161an Mol\u010dan\">\n\t\t<img alt='' src='https:\/\/soccercoacheshub.s3.eu-central-1.amazonaws.com\/sch-content\/uploads\/avatars\/1340\/63ca7c56b88a1-bpthumb.jpg' srcset='https:\/\/soccercoacheshub.s3.eu-central-1.amazonaws.com\/sch-content\/uploads\/avatars\/1340\/63ca7c56b88a1-bpthumb.jpg 2x' class='avatar avatar-80 photo' height='80' width='80' \/>\t<\/a>\n\t<strong>\n\t\t<a href=\"https:\/\/soccercoacheshub.com\/sk\/clenovia\/dusan\/\">Mgr. Du\u0161an Mol\u010dan<\/a>\n\t<\/strong>\n<\/div>\n\t\t\t\t\t\t\t\t\t\t                        <div class=\"bb-course-footer bb-course-pay\">\n                        <span class=\"course-fee\">\n                                                15\u20ac \/ $17.25                    <\/span>\n                        <\/div>\n                <\/div><!-- .entry-header -->\n\n        <\/div><!-- #post-## -->\n    <\/div>\n\t\n    <div class=\"ld_course_grid col-sm-6 col-md-3  bb-course-item-wrap\">\n\n        <div class=\"bb-cover-list-item bb-course-paid \">\n\t\t\t\n                    <div class=\"bb-course-cover\">\n                        <a title=\"Hra brank\u00e1ra \u2013 Vo vz\u0165ahu ku hernej koncepcii SFZ \u2013 KT SFZ 2020\" href=\"https:\/\/soccercoacheshub.com\/courses\/hra-brankara-vo-vztahu-ku-hernej-koncepcii-sfz\/\" class=\"bb-cover-wrap\">\n\t\t\t\t\t\t\t<div class=\"ld-status ld-status-incomplete ld-third-background\">Not Enrolled<\/div>\n\t\t\t\t\t\t\t<img decoding=\"async\" width=\"624\" height=\"351\" src=\"https:\/\/soccercoacheshub.s3.eu-central-1.amazonaws.com\/sch-content\/uploads\/2022\/07\/09142707\/SoccerCoachesHub-624x351.png\" class=\"attachment-post-thumbnail size-post-thumbnail wp-post-image\" alt=\"SoccerCoachesHub\" srcset=\"https:\/\/soccercoacheshub.s3.eu-central-1.amazonaws.com\/sch-content\/uploads\/2022\/07\/09142707\/SoccerCoachesHub-624x351.png 624w, https:\/\/soccercoacheshub.s3.eu-central-1.amazonaws.com\/sch-content\/uploads\/2022\/07\/09142707\/SoccerCoachesHub-600x337.png 600w, https:\/\/soccercoacheshub.s3.eu-central-1.amazonaws.com\/sch-content\/uploads\/2022\/07\/09142707\/SoccerCoachesHub-300x169.png 300w, https:\/\/soccercoacheshub.s3.eu-central-1.amazonaws.com\/sch-content\/uploads\/2022\/07\/09142707\/SoccerCoachesHub-1024x575.png 1024w, https:\/\/soccercoacheshub.s3.eu-central-1.amazonaws.com\/sch-content\/uploads\/2022\/07\/09142707\/SoccerCoachesHub-768x432.png 768w, https:\/\/soccercoacheshub.s3.eu-central-1.amazonaws.com\/sch-content\/uploads\/2022\/07\/09142707\/SoccerCoachesHub-1536x863.png 1536w, https:\/\/soccercoacheshub.s3.eu-central-1.amazonaws.com\/sch-content\/uploads\/2022\/07\/09142707\/SoccerCoachesHub.png 1760w\" sizes=\"(max-width: 624px) 100vw, 624px\" \/>                        <\/a>\n                    <\/div>\n\n\t\t\t\n\t\t\t\n                <div class=\"bb-card-course-details\">\n\t\t\t\t\t<div class=\"course-lesson-count\">8 Lessons<\/div>                    <h2 class=\"bb-course-title\"><a href=\"https:\/\/soccercoacheshub.com\/courses\/hra-brankara-vo-vztahu-ku-hernej-koncepcii-sfz\/\">Hra brank\u00e1ra \u2013 Vo vz\u0165ahu ku hernej koncepcii SFZ \u2013 KT SFZ 2020<\/a><\/h2>\n\t\t\t\t\t\t\t\t\t\t\t<div class=\"bb-course-meta\">\n\t\t<a class=\"item-avatar\" href=\"https:\/\/soccercoacheshub.com\/sk\/clenovia\/beny\/\" class=\"item-avatar\" aria-label=\"Miroslav H\u00fdll\">\n\t\t<img alt='' src='https:\/\/soccercoacheshub.com\/wp-content\/plugins\/buddyboss-platform\/bp-core\/images\/profile-avatar-buddyboss-50.png' srcset='https:\/\/soccercoacheshub.com\/wp-content\/plugins\/buddyboss-platform\/bp-core\/images\/profile-avatar-buddyboss-50.png 2x' class='avatar avatar-80 photo' height='80' width='80' \/>\t<\/a>\n\t<strong>\n\t\t<a href=\"https:\/\/soccercoacheshub.com\/sk\/clenovia\/beny\/\">Miroslav H\u00fdll<\/a>\n\t<\/strong>\n<\/div>\n\t\t\t\t\t\t\t\t\t\t                        <div class=\"bb-course-footer bb-course-pay\">\n                        <span class=\"course-fee\">\n                                                U\u017e nedostupn\u00fd                    <\/span>\n                        <\/div>\n                <\/div><!-- .entry-header -->\n\n        <\/div><!-- #post-## -->\n    <\/div>\n\t\t<\/div>\n\t\t\t<\/div>\n\t\t<\/div>\n\n\n<p><\/p>\n","protected":false},"excerpt":{"rendered":"<p>Back Goalkeeping Courses The level of the team is defined by the level of its goalkeeper Browse through various courses focused on goalkeepers development.<\/p>\n","protected":false},"author":24,"featured_media":0,"parent":38406,"menu_order":0,"comment_status":"closed","ping_status":"closed","template":"","meta":{"_acf_changed":false,"_editorskit_title_hidden":false,"_editorskit_reading_time":0,"_editorskit_is_block_options_detached":false,"_editorskit_block_options_position":"{}","_monsterinsights_skip_tracking":false,"_monsterinsights_sitenote_active":false,"_monsterinsights_sitenote_note":"","_monsterinsights_sitenote_category":0,"footnotes":""},"class_list":["post-39804","page","type-page","status-publish","hentry"],"acf":[],"yoast_head":"<!-- This site is optimized with the Yoast SEO plugin v27.3 - https:\/\/yoast.com\/product\/yoast-seo-wordpress\/ -->\n<title>Soccer Coaches Hub<\/title>\n<meta name=\"robots\" content=\"index, follow, max-snippet:-1, max-image-preview:large, max-video-preview:-1\" \/>\n<link rel=\"canonical\" href=\"https:\/\/soccercoacheshub.com\/all-courses\/goalkeeping-courses\/\" \/>\n<meta property=\"og:locale\" content=\"en_US\" \/>\n<meta property=\"og:type\" content=\"article\" \/>\n<meta property=\"og:title\" content=\"Goalkeeping Courses - Soccer Coaches Hub\" \/>\n<meta property=\"og:description\" content=\"Back Goalkeeping Courses The level of the team is defined by the level of its goalkeeper Browse through various courses focused on goalkeepers development.\" \/>\n<meta property=\"og:url\" content=\"https:\/\/soccercoacheshub.com\/all-courses\/goalkeeping-courses\/\" \/>\n<meta property=\"og:site_name\" content=\"Soccer Coaches Hub\" \/>\n<meta property=\"article:modified_time\" content=\"2025-11-29T19:44:04+00:00\" \/>\n<meta name=\"twitter:card\" content=\"summary_large_image\" \/>\n<meta name=\"twitter:label1\" content=\"Est. reading time\" \/>\n\t<meta name=\"twitter:data1\" content=\"1 minute\" \/>\n<script type=\"application\/ld+json\" class=\"yoast-schema-graph\">{\"@context\":\"https:\\\/\\\/schema.org\",\"@graph\":[{\"@type\":\"WebPage\",\"@id\":\"https:\\\/\\\/soccercoacheshub.com\\\/all-courses\\\/goalkeeping-courses\\\/\",\"url\":\"https:\\\/\\\/soccercoacheshub.com\\\/all-courses\\\/goalkeeping-courses\\\/\",\"name\":\"Goalkeeping Courses - Soccer Coaches Hub\",\"isPartOf\":{\"@id\":\"https:\\\/\\\/soccercoacheshub.com\\\/#website\"},\"datePublished\":\"2025-04-22T12:53:07+00:00\",\"dateModified\":\"2025-11-29T19:44:04+00:00\",\"breadcrumb\":{\"@id\":\"https:\\\/\\\/soccercoacheshub.com\\\/all-courses\\\/goalkeeping-courses\\\/#breadcrumb\"},\"inLanguage\":\"en-US\",\"potentialAction\":[{\"@type\":\"ReadAction\",\"target\":[\"https:\\\/\\\/soccercoacheshub.com\\\/all-courses\\\/goalkeeping-courses\\\/\"]}]},{\"@type\":\"BreadcrumbList\",\"@id\":\"https:\\\/\\\/soccercoacheshub.com\\\/all-courses\\\/goalkeeping-courses\\\/#breadcrumb\",\"itemListElement\":[{\"@type\":\"ListItem\",\"position\":1,\"name\":\"Home\",\"item\":\"https:\\\/\\\/soccercoacheshub.com\\\/\"},{\"@type\":\"ListItem\",\"position\":2,\"name\":\"Courses page\",\"item\":\"https:\\\/\\\/soccercoacheshub.com\\\/all-courses\\\/\"},{\"@type\":\"ListItem\",\"position\":3,\"name\":\"Goalkeeping Courses\"}]},{\"@type\":\"WebSite\",\"@id\":\"https:\\\/\\\/soccercoacheshub.com\\\/#website\",\"url\":\"https:\\\/\\\/soccercoacheshub.com\\\/\",\"name\":\"Soccer Coaches Hub\",\"description\":\"Soccer Coaches Hub\",\"potentialAction\":[{\"@type\":\"SearchAction\",\"target\":{\"@type\":\"EntryPoint\",\"urlTemplate\":\"https:\\\/\\\/soccercoacheshub.com\\\/?s={search_term_string}\"},\"query-input\":{\"@type\":\"PropertyValueSpecification\",\"valueRequired\":true,\"valueName\":\"search_term_string\"}}],\"inLanguage\":\"en-US\"}]}<\/script>\n<!-- \/ Yoast SEO plugin. -->","yoast_head_json":{"title":"Soccer Coaches Hub","robots":{"index":"index","follow":"follow","max-snippet":"max-snippet:-1","max-image-preview":"max-image-preview:large","max-video-preview":"max-video-preview:-1"},"canonical":"https:\/\/soccercoacheshub.com\/all-courses\/goalkeeping-courses\/","og_locale":"en_US","og_type":"article","og_title":"Goalkeeping Courses - Soccer Coaches Hub","og_description":"Back Goalkeeping Courses The level of the team is defined by the level of its goalkeeper Browse through various courses focused on goalkeepers development.","og_url":"https:\/\/soccercoacheshub.com\/all-courses\/goalkeeping-courses\/","og_site_name":"Soccer Coaches Hub","article_modified_time":"2025-11-29T19:44:04+00:00","twitter_card":"summary_large_image","twitter_misc":{"Est. reading time":"1 minute"},"schema":{"@context":"https:\/\/schema.org","@graph":[{"@type":"WebPage","@id":"https:\/\/soccercoacheshub.com\/all-courses\/goalkeeping-courses\/","url":"https:\/\/soccercoacheshub.com\/all-courses\/goalkeeping-courses\/","name":"Goalkeeping Courses - Soccer Coaches Hub","isPartOf":{"@id":"https:\/\/soccercoacheshub.com\/#website"},"datePublished":"2025-04-22T12:53:07+00:00","dateModified":"2025-11-29T19:44:04+00:00","breadcrumb":{"@id":"https:\/\/soccercoacheshub.com\/all-courses\/goalkeeping-courses\/#breadcrumb"},"inLanguage":"en-US","potentialAction":[{"@type":"ReadAction","target":["https:\/\/soccercoacheshub.com\/all-courses\/goalkeeping-courses\/"]}]},{"@type":"BreadcrumbList","@id":"https:\/\/soccercoacheshub.com\/all-courses\/goalkeeping-courses\/#breadcrumb","itemListElement":[{"@type":"ListItem","position":1,"name":"Home","item":"https:\/\/soccercoacheshub.com\/"},{"@type":"ListItem","position":2,"name":"Courses page","item":"https:\/\/soccercoacheshub.com\/all-courses\/"},{"@type":"ListItem","position":3,"name":"Goalkeeping Courses"}]},{"@type":"WebSite","@id":"https:\/\/soccercoacheshub.com\/#website","url":"https:\/\/soccercoacheshub.com\/","name":"Soccer Coaches Hub","description":"Soccer Coaches Hub","potentialAction":[{"@type":"SearchAction","target":{"@type":"EntryPoint","urlTemplate":"https:\/\/soccercoacheshub.com\/?s={search_term_string}"},"query-input":{"@type":"PropertyValueSpecification","valueRequired":true,"valueName":"search_term_string"}}],"inLanguage":"en-US"}]}},"wpml_current_locale":"en_US","wpml_translations":{"th":{"locale":"th","id":39898,"slug":"%e0%b8%84%e0%b8%ad%e0%b8%a3%e0%b9%8c%e0%b8%aa%e0%b8%81%e0%b8%b2%e0%b8%a3%e0%b9%80%e0%b8%9b%e0%b9%87%e0%b8%99%e0%b8%9c%e0%b8%b9%e0%b9%89%e0%b8%a3%e0%b8%b1%e0%b8%81%e0%b8%a9%e0%b8%b2%e0%b8%9b%e0%b8%a3","post_title":"\u0e04\u0e2d\u0e23\u0e4c\u0e2a\u0e01\u0e32\u0e23\u0e40\u0e1b\u0e47\u0e19\u0e1c\u0e39\u0e49\u0e23\u0e31\u0e01\u0e29\u0e32\u0e1b\u0e23\u0e30\u0e15\u0e39\u0e43\u0e19\u0e1f\u0e38\u0e15\u0e1a\u0e2d\u0e25","href":"https:\/\/soccercoacheshub.com\/th\/%e0%b8%ab%e0%b8%99%e0%b9%89%e0%b8%b2%e0%b8%ab%e0%b8%a5%e0%b8%b1%e0%b8%81%e0%b8%aa%e0%b8%b9%e0%b8%95%e0%b8%a3\/%e0%b8%84%e0%b8%ad%e0%b8%a3%e0%b9%8c%e0%b8%aa%e0%b8%81%e0%b8%b2%e0%b8%a3%e0%b9%80%e0%b8%9b%e0%b9%87%e0%b8%99%e0%b8%9c%e0%b8%b9%e0%b9%89%e0%b8%a3%e0%b8%b1%e0%b8%81%e0%b8%a9%e0%b8%b2%e0%b8%9b%e0%b8%a3\/"}},"bb_access":{"can_access":true,"restrict_message":null},"language":{"code":"en","locale":"","name":"","is_rtl":false},"_links":{"self":[{"href":"https:\/\/soccercoacheshub.com\/wp-json\/wp\/v2\/pages\/39804","targetHints":{"allow":["GET"]}}],"collection":[{"href":"https:\/\/soccercoacheshub.com\/wp-json\/wp\/v2\/pages"}],"about":[{"href":"https:\/\/soccercoacheshub.com\/wp-json\/wp\/v2\/types\/page"}],"author":[{"embeddable":true,"href":"https:\/\/soccercoacheshub.com\/wp-json\/wp\/v2\/users\/24"}],"replies":[{"embeddable":true,"href":"https:\/\/soccercoacheshub.com\/wp-json\/wp\/v2\/comments?post=39804"}],"version-history":[{"count":3,"href":"https:\/\/soccercoacheshub.com\/wp-json\/wp\/v2\/pages\/39804\/revisions"}],"predecessor-version":[{"id":43763,"href":"https:\/\/soccercoacheshub.com\/wp-json\/wp\/v2\/pages\/39804\/revisions\/43763"}],"up":[{"embeddable":true,"href":"https:\/\/soccercoacheshub.com\/wp-json\/wp\/v2\/pages\/38406"}],"wp:attachment":[{"href":"https:\/\/soccercoacheshub.com\/wp-json\/wp\/v2\/media?parent=39804"}],"curies":[{"name":"wp","href":"https:\/\/api.w.org\/{rel}","templated":true}]}}